{"id":1632,"date":"2017-08-16T22:26:17","date_gmt":"2017-08-16T20:26:17","guid":{"rendered":"http:\/\/doering-architekten.de\/de\/?page_id=1632"},"modified":"2019-11-14T18:51:19","modified_gmt":"2019-11-14T17:51:19","slug":"die-kunst-der-kuben","status":"publish","type":"page","link":"https:\/\/doering-architekten.de\/de\/die-kunst-der-kuben\/","title":{"rendered":"Die Kunst der Kuben"},"content":{"rendered":"<div class=\"wpb-content-wrapper\"><p>[vc_row][vc_column css=&#8220;.vc_custom_1502956990196{margin-top: 50px !important;}&#8220; offset=&#8220;vc_hidden-lg vc_hidden-md vc_hidden-sm&#8220;][\/vc_column][\/vc_row][vc_row][vc_column offset=&#8220;vc_col-lg-offset-2 vc_col-lg-8 vc_col-md-offset-2 vc_col-md-8&#8243; css=&#8220;.vc_custom_1502956957388{margin-top: -200px !important;}&#8220;]<div id=\"zpmg-image-69d2aedaa6ddc\" class=\"zp-element zp-equalheight zp-vs-element zpmg-image   \" style=\"background:url(https:\/\/doering-architekten.de\/wp-content\/uploads\/Georg-Doering-Die-Kunst-der-Kuben_titel.jpg); background-size:cover;background-position:center center; \">\n\t\t\t\t<img loading=\"lazy\" decoding=\"async\" width=\"1400\" height=\"1017\" src=\"https:\/\/doering-architekten.de\/wp-content\/uploads\/Georg-Doering-Die-Kunst-der-Kuben_titel.jpg\" class=\"zpmg-image-inner\" alt=\"\" srcset=\"https:\/\/doering-architekten.de\/wp-content\/uploads\/Georg-Doering-Die-Kunst-der-Kuben_titel.jpg 1400w, https:\/\/doering-architekten.de\/wp-content\/uploads\/Georg-Doering-Die-Kunst-der-Kuben_titel-300x218.jpg 300w, https:\/\/doering-architekten.de\/wp-content\/uploads\/Georg-Doering-Die-Kunst-der-Kuben_titel-768x558.jpg 768w, https:\/\/doering-architekten.de\/wp-content\/uploads\/Georg-Doering-Die-Kunst-der-Kuben_titel-1024x744.jpg 1024w, https:\/\/doering-architekten.de\/wp-content\/uploads\/Georg-Doering-Die-Kunst-der-Kuben_titel-630x458.jpg 630w, https:\/\/doering-architekten.de\/wp-content\/uploads\/Georg-Doering-Die-Kunst-der-Kuben_titel-550x400.jpg 550w, https:\/\/doering-architekten.de\/wp-content\/uploads\/Georg-Doering-Die-Kunst-der-Kuben_titel-950x690.jpg 950w\" sizes=\"auto, (max-width: 1400px) 100vw, 1400px\" \/>\n\t\t\t\t<\/div><article id=\"zpmg-project-description-69d2aedaa6fd1\" style=\"\" class=\"zp-element zp-vs-element zpmg-project-description \"><h1 class=\"zpmg-text-header-1\">DIE KUNST DER KUBEN<\/h1><h2 class=\"zpmg-text-header-2\">Gebundene Ausgabe 2017<\/h1><div class=\"zpmg-text-content-1\"><p>Die Kunst der Kuben zeigt auf eindringliche Weise das Schaffen des D\u00fcsseldorfer Architekten Georg D\u00f6ring.<br \/>\nAnhand von zw\u00f6lf gebauten Beispielen zum Thema Wohnungsbau will er seine Herangehensweise an Architektur demonstrieren.<\/p>\n<\/div><\/article>[\/vc_column][\/vc_row][vc_row equal_height=&#8220;yes&#8220;][vc_column width=&#8220;1\/3&#8243; offset=&#8220;vc_col-lg-offset-1 vc_col-lg-4 vc_col-md-5&#8243;]<div id=\"zpmg-images-69d2aedaa7242\" class=\"zp-element zp-vs-element zpmg-images    \" style=\"\"><div class=\"zpmg-images-slider\"><div class=\"zpmg-images-slider-element\"><div data-no-lazy=\"1\" class=\"zpmg-image zp-equalheight\" style=\"background:url(https:\/\/doering-architekten.de\/wp-content\/uploads\/Georg-Doering-Die-Kunst-der-Kuben_-1.jpg);background-size:cover;background-position:center center;\"><img loading=\"lazy\" decoding=\"async\" width=\"1400\" height=\"933\" src=\"https:\/\/doering-architekten.de\/wp-content\/uploads\/Georg-Doering-Die-Kunst-der-Kuben_-1.jpg\" class=\"zpmg-image-inner\" alt=\"\" srcset=\"https:\/\/doering-architekten.de\/wp-content\/uploads\/Georg-Doering-Die-Kunst-der-Kuben_-1.jpg 1400w, https:\/\/doering-architekten.de\/wp-content\/uploads\/Georg-Doering-Die-Kunst-der-Kuben_-1-300x200.jpg 300w, https:\/\/doering-architekten.de\/wp-content\/uploads\/Georg-Doering-Die-Kunst-der-Kuben_-1-768x512.jpg 768w, https:\/\/doering-architekten.de\/wp-content\/uploads\/Georg-Doering-Die-Kunst-der-Kuben_-1-1024x682.jpg 1024w, https:\/\/doering-architekten.de\/wp-content\/uploads\/Georg-Doering-Die-Kunst-der-Kuben_-1-687x458.jpg 687w, https:\/\/doering-architekten.de\/wp-content\/uploads\/Georg-Doering-Die-Kunst-der-Kuben_-1-550x367.jpg 550w, https:\/\/doering-architekten.de\/wp-content\/uploads\/Georg-Doering-Die-Kunst-der-Kuben_-1-950x633.jpg 950w\" sizes=\"auto, (max-width: 1400px) 100vw, 1400px\" \/><\/div><\/div><div class=\"zpmg-images-slider-element\"><div data-no-lazy=\"1\" class=\"zpmg-image zp-equalheight\" style=\"background:url(https:\/\/doering-architekten.de\/wp-content\/uploads\/Georg-Doering-Die-Kunst-der-Kuben_1.jpg);background-size:cover;background-position:center center;\"><img loading=\"lazy\" decoding=\"async\" width=\"1400\" height=\"933\" src=\"https:\/\/doering-architekten.de\/wp-content\/uploads\/Georg-Doering-Die-Kunst-der-Kuben_1.jpg\" class=\"zpmg-image-inner\" alt=\"\" srcset=\"https:\/\/doering-architekten.de\/wp-content\/uploads\/Georg-Doering-Die-Kunst-der-Kuben_1.jpg 1400w, https:\/\/doering-architekten.de\/wp-content\/uploads\/Georg-Doering-Die-Kunst-der-Kuben_1-300x200.jpg 300w, https:\/\/doering-architekten.de\/wp-content\/uploads\/Georg-Doering-Die-Kunst-der-Kuben_1-768x512.jpg 768w, https:\/\/doering-architekten.de\/wp-content\/uploads\/Georg-Doering-Die-Kunst-der-Kuben_1-1024x682.jpg 1024w, https:\/\/doering-architekten.de\/wp-content\/uploads\/Georg-Doering-Die-Kunst-der-Kuben_1-687x458.jpg 687w, https:\/\/doering-architekten.de\/wp-content\/uploads\/Georg-Doering-Die-Kunst-der-Kuben_1-550x367.jpg 550w, https:\/\/doering-architekten.de\/wp-content\/uploads\/Georg-Doering-Die-Kunst-der-Kuben_1-950x633.jpg 950w\" sizes=\"auto, (max-width: 1400px) 100vw, 1400px\" \/><\/div><\/div><\/div><\/div>\n\t\t\t<script type=\"text\/javascript\">\n\t\t\tjQuery(\"#zpmg-images-69d2aedaa7242 .zpmg-images-slider\").slick({\n\t\t\t  dots: true,\n\t\t\t  infinite: true,\n\t\t\t  arrows: false,\n\t\t\t  speed: 300,\n\t\t\t  slidesToShow: 1,\n\t\t\t  adaptiveHeight: true\n\t\t\t});\n\t\t\t<\/script>\n\t\t\t<style type=\"text\/css\">\n\t\t\t\t#zpmg-images-69d2aedaa7242 .slick-dots\n\t\t\t\t{\n\t\t\t\t\tmax-width:60px;\n\t\t\t\t}\n\t\t\t<\/style>\n\t\t\t<div id=\"zpmg-text-69d2aedaa752a\" style=\"\" class=\"zp-element  zp-vs-element zpmg-text        \"><p>Hinzu kommen Textbeitr\u00e4ge wie Vorwort, seine Arbeitsmethodik, ein Interview und die schriftlichen Erl\u00e4uterungen der gebauten Beispiele.\u00a0Der Moderne verpflichtet und als Verfechter des rechten Winkels kommt er zu einerseits sehr puristischen und andererseits zu sehr r\u00e4umlichen Ergebnissen. Die Geb\u00e4ude sind kubische Manifestationen, die gleichwohl von innen nach au\u00dfen entwickelt werden.\u00a0Sie sind in ihrer Erscheinung streng und spielerisch zugleich und weisen einen hohen Grad sowohl an \u00c4sthetik als auch an Nutzbarkeit auf.<\/p>\n<p>&nbsp;<\/p>\n<p>Herausgeber:\u00a0Georg D\u00f6ring<\/p>\n<hr \/>\n<p>Verlag: Walther K\u00f6nig<\/p>\n<hr \/>\n<p>Vorwort: Frank F. Drewes<\/p>\n<hr \/>\n<p>Text: Sabine Bungert &amp; Georg D\u00f6ring, K\u00f6ln 2017<\/p>\n<hr \/>\n<p>Ma\u00dfe: 17,3 x 24 cm<\/p>\n<hr \/>\n<p>Umfang: 182 S. mit 196 farb., teils ganz- bzw. doppelseit. Abb. &amp; Pl\u00e4nen, gebunden<\/p>\n<hr \/>\n<p>Buchgestaltung: <a href=\"http:\/\/www.grossgestalten.de\" target=\"_blank\" rel=\"noopener noreferrer\">grossgestalten | K\u00f6ln<\/a><\/p>\n<\/div>[\/vc_column][vc_column width=&#8220;1\/2&#8243; offset=&#8220;vc_col-md-7&#8243;]<div id=\"zpmg-images-69d2aedaa768f\" class=\"zp-element zp-vs-element zpmg-images zpmg-greyscale   \" style=\"\"><div class=\"zpmg-images-slider\"><div class=\"zpmg-images-slider-element\"><div data-no-lazy=\"1\" class=\"zpmg-image zp-equalheight\" style=\"background:url(https:\/\/doering-architekten.de\/wp-content\/uploads\/Georg-Doering-Die-Kunst-der-Kuben_6.jpg);background-size:cover;background-position:center center;\"><img loading=\"lazy\" decoding=\"async\" width=\"1400\" height=\"933\" src=\"https:\/\/doering-architekten.de\/wp-content\/uploads\/Georg-Doering-Die-Kunst-der-Kuben_6.jpg\" class=\"zpmg-image-inner\" alt=\"\" srcset=\"https:\/\/doering-architekten.de\/wp-content\/uploads\/Georg-Doering-Die-Kunst-der-Kuben_6.jpg 1400w, https:\/\/doering-architekten.de\/wp-content\/uploads\/Georg-Doering-Die-Kunst-der-Kuben_6-300x200.jpg 300w, https:\/\/doering-architekten.de\/wp-content\/uploads\/Georg-Doering-Die-Kunst-der-Kuben_6-768x512.jpg 768w, https:\/\/doering-architekten.de\/wp-content\/uploads\/Georg-Doering-Die-Kunst-der-Kuben_6-1024x682.jpg 1024w, https:\/\/doering-architekten.de\/wp-content\/uploads\/Georg-Doering-Die-Kunst-der-Kuben_6-687x458.jpg 687w, https:\/\/doering-architekten.de\/wp-content\/uploads\/Georg-Doering-Die-Kunst-der-Kuben_6-550x367.jpg 550w, https:\/\/doering-architekten.de\/wp-content\/uploads\/Georg-Doering-Die-Kunst-der-Kuben_6-950x633.jpg 950w\" sizes=\"auto, (max-width: 1400px) 100vw, 1400px\" \/><\/div><\/div><div class=\"zpmg-images-slider-element\"><div data-no-lazy=\"1\" class=\"zpmg-image zp-equalheight\" style=\"background:url(https:\/\/doering-architekten.de\/wp-content\/uploads\/Georg-Doering-Die-Kunst-der-Kuben_5.jpg);background-size:cover;background-position:center center;\"><img loading=\"lazy\" decoding=\"async\" width=\"1400\" height=\"933\" src=\"https:\/\/doering-architekten.de\/wp-content\/uploads\/Georg-Doering-Die-Kunst-der-Kuben_5.jpg\" class=\"zpmg-image-inner\" alt=\"\" srcset=\"https:\/\/doering-architekten.de\/wp-content\/uploads\/Georg-Doering-Die-Kunst-der-Kuben_5.jpg 1400w, https:\/\/doering-architekten.de\/wp-content\/uploads\/Georg-Doering-Die-Kunst-der-Kuben_5-300x200.jpg 300w, https:\/\/doering-architekten.de\/wp-content\/uploads\/Georg-Doering-Die-Kunst-der-Kuben_5-768x512.jpg 768w, https:\/\/doering-architekten.de\/wp-content\/uploads\/Georg-Doering-Die-Kunst-der-Kuben_5-1024x682.jpg 1024w, https:\/\/doering-architekten.de\/wp-content\/uploads\/Georg-Doering-Die-Kunst-der-Kuben_5-687x458.jpg 687w, https:\/\/doering-architekten.de\/wp-content\/uploads\/Georg-Doering-Die-Kunst-der-Kuben_5-550x367.jpg 550w, https:\/\/doering-architekten.de\/wp-content\/uploads\/Georg-Doering-Die-Kunst-der-Kuben_5-950x633.jpg 950w\" sizes=\"auto, (max-width: 1400px) 100vw, 1400px\" \/><\/div><\/div><div class=\"zpmg-images-slider-element\"><div data-no-lazy=\"1\" class=\"zpmg-image zp-equalheight\" style=\"background:url(https:\/\/doering-architekten.de\/wp-content\/uploads\/Georg-Doering-Die-Kunst-der-Kuben_4.jpg);background-size:cover;background-position:center center;\"><img loading=\"lazy\" decoding=\"async\" width=\"1400\" height=\"933\" src=\"https:\/\/doering-architekten.de\/wp-content\/uploads\/Georg-Doering-Die-Kunst-der-Kuben_4.jpg\" class=\"zpmg-image-inner\" alt=\"\" srcset=\"https:\/\/doering-architekten.de\/wp-content\/uploads\/Georg-Doering-Die-Kunst-der-Kuben_4.jpg 1400w, https:\/\/doering-architekten.de\/wp-content\/uploads\/Georg-Doering-Die-Kunst-der-Kuben_4-300x200.jpg 300w, https:\/\/doering-architekten.de\/wp-content\/uploads\/Georg-Doering-Die-Kunst-der-Kuben_4-768x512.jpg 768w, https:\/\/doering-architekten.de\/wp-content\/uploads\/Georg-Doering-Die-Kunst-der-Kuben_4-1024x682.jpg 1024w, https:\/\/doering-architekten.de\/wp-content\/uploads\/Georg-Doering-Die-Kunst-der-Kuben_4-687x458.jpg 687w, https:\/\/doering-architekten.de\/wp-content\/uploads\/Georg-Doering-Die-Kunst-der-Kuben_4-550x367.jpg 550w, https:\/\/doering-architekten.de\/wp-content\/uploads\/Georg-Doering-Die-Kunst-der-Kuben_4-950x633.jpg 950w\" sizes=\"auto, (max-width: 1400px) 100vw, 1400px\" \/><\/div><\/div><div class=\"zpmg-images-slider-element\"><div data-no-lazy=\"1\" class=\"zpmg-image zp-equalheight\" style=\"background:url(https:\/\/doering-architekten.de\/wp-content\/uploads\/Georg-Doering-Die-Kunst-der-Kuben_7.jpg);background-size:cover;background-position:center center;\"><img loading=\"lazy\" decoding=\"async\" width=\"1400\" height=\"933\" src=\"https:\/\/doering-architekten.de\/wp-content\/uploads\/Georg-Doering-Die-Kunst-der-Kuben_7.jpg\" class=\"zpmg-image-inner\" alt=\"\" srcset=\"https:\/\/doering-architekten.de\/wp-content\/uploads\/Georg-Doering-Die-Kunst-der-Kuben_7.jpg 1400w, https:\/\/doering-architekten.de\/wp-content\/uploads\/Georg-Doering-Die-Kunst-der-Kuben_7-300x200.jpg 300w, https:\/\/doering-architekten.de\/wp-content\/uploads\/Georg-Doering-Die-Kunst-der-Kuben_7-768x512.jpg 768w, https:\/\/doering-architekten.de\/wp-content\/uploads\/Georg-Doering-Die-Kunst-der-Kuben_7-1024x682.jpg 1024w, https:\/\/doering-architekten.de\/wp-content\/uploads\/Georg-Doering-Die-Kunst-der-Kuben_7-687x458.jpg 687w, https:\/\/doering-architekten.de\/wp-content\/uploads\/Georg-Doering-Die-Kunst-der-Kuben_7-550x367.jpg 550w, https:\/\/doering-architekten.de\/wp-content\/uploads\/Georg-Doering-Die-Kunst-der-Kuben_7-950x633.jpg 950w\" sizes=\"auto, (max-width: 1400px) 100vw, 1400px\" \/><\/div><\/div><div class=\"zpmg-images-slider-element\"><div data-no-lazy=\"1\" class=\"zpmg-image zp-equalheight\" style=\"background:url(https:\/\/doering-architekten.de\/wp-content\/uploads\/Georg-Doering-Die-Kunst-der-Kuben_2.jpg);background-size:cover;background-position:center center;\"><img loading=\"lazy\" decoding=\"async\" width=\"1400\" height=\"933\" src=\"https:\/\/doering-architekten.de\/wp-content\/uploads\/Georg-Doering-Die-Kunst-der-Kuben_2.jpg\" class=\"zpmg-image-inner\" alt=\"\" srcset=\"https:\/\/doering-architekten.de\/wp-content\/uploads\/Georg-Doering-Die-Kunst-der-Kuben_2.jpg 1400w, https:\/\/doering-architekten.de\/wp-content\/uploads\/Georg-Doering-Die-Kunst-der-Kuben_2-300x200.jpg 300w, https:\/\/doering-architekten.de\/wp-content\/uploads\/Georg-Doering-Die-Kunst-der-Kuben_2-768x512.jpg 768w, https:\/\/doering-architekten.de\/wp-content\/uploads\/Georg-Doering-Die-Kunst-der-Kuben_2-1024x682.jpg 1024w, https:\/\/doering-architekten.de\/wp-content\/uploads\/Georg-Doering-Die-Kunst-der-Kuben_2-687x458.jpg 687w, https:\/\/doering-architekten.de\/wp-content\/uploads\/Georg-Doering-Die-Kunst-der-Kuben_2-550x367.jpg 550w, https:\/\/doering-architekten.de\/wp-content\/uploads\/Georg-Doering-Die-Kunst-der-Kuben_2-950x633.jpg 950w\" sizes=\"auto, (max-width: 1400px) 100vw, 1400px\" \/><\/div><\/div><div class=\"zpmg-images-slider-element\"><div data-no-lazy=\"1\" class=\"zpmg-image zp-equalheight\" style=\"background:url(https:\/\/doering-architekten.de\/wp-content\/uploads\/Georg-Doering-Die-Kunst-der-Kuben_3.jpg);background-size:cover;background-position:center center;\"><img loading=\"lazy\" decoding=\"async\" width=\"1400\" height=\"933\" src=\"https:\/\/doering-architekten.de\/wp-content\/uploads\/Georg-Doering-Die-Kunst-der-Kuben_3.jpg\" class=\"zpmg-image-inner\" alt=\"\" srcset=\"https:\/\/doering-architekten.de\/wp-content\/uploads\/Georg-Doering-Die-Kunst-der-Kuben_3.jpg 1400w, https:\/\/doering-architekten.de\/wp-content\/uploads\/Georg-Doering-Die-Kunst-der-Kuben_3-300x200.jpg 300w, https:\/\/doering-architekten.de\/wp-content\/uploads\/Georg-Doering-Die-Kunst-der-Kuben_3-768x512.jpg 768w, https:\/\/doering-architekten.de\/wp-content\/uploads\/Georg-Doering-Die-Kunst-der-Kuben_3-1024x682.jpg 1024w, https:\/\/doering-architekten.de\/wp-content\/uploads\/Georg-Doering-Die-Kunst-der-Kuben_3-687x458.jpg 687w, https:\/\/doering-architekten.de\/wp-content\/uploads\/Georg-Doering-Die-Kunst-der-Kuben_3-550x367.jpg 550w, https:\/\/doering-architekten.de\/wp-content\/uploads\/Georg-Doering-Die-Kunst-der-Kuben_3-950x633.jpg 950w\" sizes=\"auto, (max-width: 1400px) 100vw, 1400px\" \/><\/div><\/div><\/div><\/div>\n\t\t\t<script type=\"text\/javascript\">\n\t\t\tjQuery(\"#zpmg-images-69d2aedaa768f .zpmg-images-slider\").slick({\n\t\t\t  dots: true,\n\t\t\t  infinite: true,\n\t\t\t  arrows: false,\n\t\t\t  speed: 300,\n\t\t\t  slidesToShow: 1,\n\t\t\t  adaptiveHeight: true\n\t\t\t});\n\t\t\t<\/script>\n\t\t\t<style type=\"text\/css\">\n\t\t\t\t#zpmg-images-69d2aedaa768f .slick-dots\n\t\t\t\t{\n\t\t\t\t\tmax-width:180px;\n\t\t\t\t}\n\t\t\t<\/style>\n\t\t\t<div id=\"zpmg-text-69d2aedaa8714\" style=\"\" class=\"zp-element  zp-vs-element zpmg-text        \"><p>Erh\u00e4ltlich bei:\u00a0<a href=\"https:\/\/www.buchhandlung-walther-koenig.de\/koenig2\/index.php?mode=details&amp;showcase=1&amp;art=1561797\" target=\"_blank\" rel=\"noopener noreferrer\">Buchhandlung Walther K\u00f6nig<\/a><\/p>\n<\/div>[\/vc_column][\/vc_row]<\/p>\n<\/div>","protected":false},"excerpt":{"rendered":"<p>[vc_row][vc_column css=&#8220;.vc_custom_1502956990196{margin-top: 50px !important;}&#8220; offset=&#8220;vc_hidden-lg vc_hidden-md vc_hidden-sm&#8220;][\/vc_column][\/vc_row][vc_row][vc_column offset=&#8220;vc_col-lg-offset-2 vc_col-lg-8 vc_col-md-offset-2 vc_col-md-8&#8243; css=&#8220;.vc_custom_1502956957388{margin-top: -200px !important;}&#8220;][\/vc_column][\/vc_row][vc_row equal_height=&#8220;yes&#8220;][vc_column width=&#8220;1\/3&#8243; offset=&#8220;vc_col-lg-offset-1 vc_col-lg-4 vc_col-md-5&#8243;][\/vc_column][vc_column width=&#8220;1\/2&#8243; offset=&#8220;vc_col-md-7&#8243;][\/vc_column][\/vc_row]<\/p>\n","protected":false},"author":1,"featured_media":0,"parent":0,"menu_order":0,"comment_status":"closed","ping_status":"closed","template":"","meta":{"_acf_changed":false,"_monsterinsights_skip_tracking":false,"_monsterinsights_sitenote_active":false,"_monsterinsights_sitenote_note":"","_monsterinsights_sitenote_category":0,"footnotes":""},"class_list":["post-1632","page","type-page","status-publish","hentry"],"acf":[],"yoast_head":"<!-- This site is optimized with the Yoast SEO plugin v26.5 - https:\/\/yoast.com\/wordpress\/plugins\/seo\/ -->\n<title>Die Kunst der Kuben | GEORG D\u00d6RING ARCHITEKTEN D\u00dcSSELDORF<\/title>\n<meta name=\"robots\" content=\"index, follow, max-snippet:-1, max-image-preview:large, max-video-preview:-1\" \/>\n<link rel=\"canonical\" href=\"https:\/\/doering-architekten.de\/en\/die-kunst-der-kuben\/\" \/>\n<meta name=\"twitter:card\" content=\"summary_large_image\" \/>\n<meta name=\"twitter:title\" content=\"Die Kunst der Kuben | GEORG D\u00d6RING ARCHITEKTEN D\u00dcSSELDORF\" \/>\n<meta name=\"twitter:description\" content=\"[vc_row][vc_column css=&#8220;.vc_custom_1502956990196{margin-top: 50px !important;}&#8220; offset=&#8220;vc_hidden-lg vc_hidden-md vc_hidden-sm&#8220;][\/vc_column][\/vc_row][vc_row][vc_column offset=&#8220;vc_col-lg-offset-2 vc_col-lg-8 vc_col-md-offset-2 vc_col-md-8&#8243; css=&#8220;.vc_custom_1502956957388{margin-top: -200px !important;}&#8220;][\/vc_column][\/vc_row][vc_row equal_height=&#8220;yes&#8220;][vc_column width=&#8220;1\/3&#8243; offset=&#8220;vc_col-lg-offset-1 vc_col-lg-4 vc_col-md-5&#8243;][\/vc_column][vc_column width=&#8220;1\/2&#8243; offset=&#8220;vc_col-md-7&#8243;][\/vc_column][\/vc_row]\" \/>\n<meta name=\"twitter:label1\" content=\"Gesch\u00e4tzte Lesezeit\" \/>\n\t<meta name=\"twitter:data1\" content=\"3\u00a0Minuten\" \/>\n<script type=\"application\/ld+json\" class=\"yoast-schema-graph\">{\"@context\":\"https:\/\/schema.org\",\"@graph\":[{\"@type\":\"WebPage\",\"@id\":\"https:\/\/doering-architekten.de\/en\/die-kunst-der-kuben\/\",\"url\":\"https:\/\/doering-architekten.de\/en\/die-kunst-der-kuben\/\",\"name\":\"Die Kunst der Kuben | GEORG D\u00d6RING ARCHITEKTEN D\u00dcSSELDORF\",\"isPartOf\":{\"@id\":\"https:\/\/doering-architekten.de\/en\/#website\"},\"datePublished\":\"2017-08-16T20:26:17+00:00\",\"dateModified\":\"2019-11-14T17:51:19+00:00\",\"breadcrumb\":{\"@id\":\"https:\/\/doering-architekten.de\/en\/die-kunst-der-kuben\/#breadcrumb\"},\"inLanguage\":\"de\",\"potentialAction\":[{\"@type\":\"ReadAction\",\"target\":[\"https:\/\/doering-architekten.de\/en\/die-kunst-der-kuben\/\"]}]},{\"@type\":\"BreadcrumbList\",\"@id\":\"https:\/\/doering-architekten.de\/en\/die-kunst-der-kuben\/#breadcrumb\",\"itemListElement\":[{\"@type\":\"ListItem\",\"position\":1,\"name\":\"Home\",\"item\":\"https:\/\/doering-architekten.de\/de\/\"},{\"@type\":\"ListItem\",\"position\":2,\"name\":\"Die Kunst der Kuben\"}]},{\"@type\":\"WebSite\",\"@id\":\"https:\/\/doering-architekten.de\/en\/#website\",\"url\":\"https:\/\/doering-architekten.de\/en\/\",\"name\":\"GEORG D\u00d6RING ARCHITEKTEN D\u00dcSSELDORF\",\"description\":\"\",\"potentialAction\":[{\"@type\":\"SearchAction\",\"target\":{\"@type\":\"EntryPoint\",\"urlTemplate\":\"https:\/\/doering-architekten.de\/en\/?s={search_term_string}\"},\"query-input\":{\"@type\":\"PropertyValueSpecification\",\"valueRequired\":true,\"valueName\":\"search_term_string\"}}],\"inLanguage\":\"de\"}]}<\/script>\n<!-- \/ Yoast SEO plugin. -->","yoast_head_json":{"title":"Die Kunst der Kuben | GEORG D\u00d6RING ARCHITEKTEN D\u00dcSSELDORF","robots":{"index":"index","follow":"follow","max-snippet":"max-snippet:-1","max-image-preview":"max-image-preview:large","max-video-preview":"max-video-preview:-1"},"canonical":"https:\/\/doering-architekten.de\/en\/die-kunst-der-kuben\/","twitter_card":"summary_large_image","twitter_title":"Die Kunst der Kuben | GEORG D\u00d6RING ARCHITEKTEN D\u00dcSSELDORF","twitter_description":"[vc_row][vc_column css=&#8220;.vc_custom_1502956990196{margin-top: 50px !important;}&#8220; offset=&#8220;vc_hidden-lg vc_hidden-md vc_hidden-sm&#8220;][\/vc_column][\/vc_row][vc_row][vc_column offset=&#8220;vc_col-lg-offset-2 vc_col-lg-8 vc_col-md-offset-2 vc_col-md-8&#8243; css=&#8220;.vc_custom_1502956957388{margin-top: -200px !important;}&#8220;][\/vc_column][\/vc_row][vc_row equal_height=&#8220;yes&#8220;][vc_column width=&#8220;1\/3&#8243; offset=&#8220;vc_col-lg-offset-1 vc_col-lg-4 vc_col-md-5&#8243;][\/vc_column][vc_column width=&#8220;1\/2&#8243; offset=&#8220;vc_col-md-7&#8243;][\/vc_column][\/vc_row]","twitter_misc":{"Gesch\u00e4tzte Lesezeit":"3\u00a0Minuten"},"schema":{"@context":"https:\/\/schema.org","@graph":[{"@type":"WebPage","@id":"https:\/\/doering-architekten.de\/en\/die-kunst-der-kuben\/","url":"https:\/\/doering-architekten.de\/en\/die-kunst-der-kuben\/","name":"Die Kunst der Kuben | GEORG D\u00d6RING ARCHITEKTEN D\u00dcSSELDORF","isPartOf":{"@id":"https:\/\/doering-architekten.de\/en\/#website"},"datePublished":"2017-08-16T20:26:17+00:00","dateModified":"2019-11-14T17:51:19+00:00","breadcrumb":{"@id":"https:\/\/doering-architekten.de\/en\/die-kunst-der-kuben\/#breadcrumb"},"inLanguage":"de","potentialAction":[{"@type":"ReadAction","target":["https:\/\/doering-architekten.de\/en\/die-kunst-der-kuben\/"]}]},{"@type":"BreadcrumbList","@id":"https:\/\/doering-architekten.de\/en\/die-kunst-der-kuben\/#breadcrumb","itemListElement":[{"@type":"ListItem","position":1,"name":"Home","item":"https:\/\/doering-architekten.de\/de\/"},{"@type":"ListItem","position":2,"name":"Die Kunst der Kuben"}]},{"@type":"WebSite","@id":"https:\/\/doering-architekten.de\/en\/#website","url":"https:\/\/doering-architekten.de\/en\/","name":"GEORG D\u00d6RING ARCHITEKTEN D\u00dcSSELDORF","description":"","potentialAction":[{"@type":"SearchAction","target":{"@type":"EntryPoint","urlTemplate":"https:\/\/doering-architekten.de\/en\/?s={search_term_string}"},"query-input":{"@type":"PropertyValueSpecification","valueRequired":true,"valueName":"search_term_string"}}],"inLanguage":"de"}]}},"_links":{"self":[{"href":"https:\/\/doering-architekten.de\/de\/wp-json\/wp\/v2\/pages\/1632","targetHints":{"allow":["GET"]}}],"collection":[{"href":"https:\/\/doering-architekten.de\/de\/wp-json\/wp\/v2\/pages"}],"about":[{"href":"https:\/\/doering-architekten.de\/de\/wp-json\/wp\/v2\/types\/page"}],"author":[{"embeddable":true,"href":"https:\/\/doering-architekten.de\/de\/wp-json\/wp\/v2\/users\/1"}],"replies":[{"embeddable":true,"href":"https:\/\/doering-architekten.de\/de\/wp-json\/wp\/v2\/comments?post=1632"}],"version-history":[{"count":4,"href":"https:\/\/doering-architekten.de\/de\/wp-json\/wp\/v2\/pages\/1632\/revisions"}],"predecessor-version":[{"id":2015,"href":"https:\/\/doering-architekten.de\/de\/wp-json\/wp\/v2\/pages\/1632\/revisions\/2015"}],"wp:attachment":[{"href":"https:\/\/doering-architekten.de\/de\/wp-json\/wp\/v2\/media?parent=1632"}],"curies":[{"name":"wp","href":"https:\/\/api.w.org\/{rel}","templated":true}]}}