{"id":2016,"date":"2019-11-16T16:44:58","date_gmt":"2019-11-16T15:44:58","guid":{"rendered":"https:\/\/doering-architekten.de\/de\/?page_id=2016"},"modified":"2025-10-29T18:26:45","modified_gmt":"2025-10-29T17:26:45","slug":"karriere","status":"publish","type":"page","link":"https:\/\/doering-architekten.de\/de\/karriere\/","title":{"rendered":"Karriere"},"content":{"rendered":"<div class=\"wpb-content-wrapper\"><p>[vc_row css=&#8220;.vc_custom_1761754073325{padding-bottom: -100px !important;}&#8220;][vc_column offset=&#8220;vc_col-lg-offset-1 vc_col-lg-11 vc_col-md-offset-1 vc_col-md-11&#8243; css=&#8220;.vc_custom_1725374015750{margin-top: -40px !important;margin-bottom: -100px !important;padding-left: 20px !important;}&#8220;]<h1 id=\"zpmg-text-69e76c09a45ed\" style=\"\" class=\"zp-element zpmg-text-header-3  zpmg-text        \"><p>Die offenen Stellen bei uns in D\u00fcsseldorf.<\/p>\n<\/h1><div id=\"zpmg-text-69e76c09a47c1\" style=\"font-size:24px;\" class=\"zp-element   zpmg-text  vc_custom_1573920089191  zp-text-family-opensanscondensedlight zp-text-size-great    zp-text-transform-uppercase\"><p>Wir suchen ab sofort:<\/p>\n<\/div>[\/vc_column][\/vc_row][vc_row disable_element=&#8220;yes&#8220; css=&#8220;.vc_custom_1761755899092{padding-bottom: 0px !important;}&#8220;][vc_column offset=&#8220;vc_col-lg-offset-1 vc_col-lg-11 vc_hidden-lg vc_col-md-offset-1 vc_col-md-11 vc_hidden-md vc_hidden-sm vc_hidden-xs&#8220; css=&#8220;.vc_custom_1725374002568{margin-top: -40px !important;margin-bottom: -100px !important;padding-left: 20px !important;}&#8220;]<h1 id=\"zpmg-text-69e76c09a488d\" style=\"\" class=\"zp-element zpmg-text-header-3  zpmg-text        \"><p>Derzeit haben wir keine offenen Stellen.<\/p>\n<\/h1>[\/vc_column][\/vc_row][vc_row css=&#8220;.vc_custom_1761756059108{margin-top: -80px !important;}&#8220;][vc_column offset=&#8220;vc_col-lg-offset-1 vc_col-lg-10&#8243; el_class=&#8220;karriere&#8220;][vc_tta_accordion style=&#8220;flat&#8220; shape=&#8220;square&#8220; color=&#8220;black&#8220; spacing=&#8220;2&#8243; c_icon=&#8220;&#8220; active_section=&#8220;1&#8243; css_animation=&#8220;fadeIn&#8220; no_fill=&#8220;true&#8220; collapsible_all=&#8220;true&#8220;][vc_tta_section title=&#8220;Architekten (m\/w\/d)&#8220; tab_id=&#8220;1612778288464-2d4719df-1fe4&#8243;][vc_row_inner css=&#8220;.vc_custom_1573917338714{border-top-width: 1px !important;border-right-width: 0px !important;border-bottom-width: 0px !important;border-left-width: 0px !important;border-left-color: #0a0a0a !important;border-left-style: solid !important;border-right-color: #0a0a0a !important;border-right-style: solid !important;border-top-color: #0a0a0a !important;border-top-style: solid !important;border-bottom-color: #0a0a0a !important;border-bottom-style: solid !important;}&#8220;][vc_column_inner width=&#8220;1\/2&#8243;]<div id=\"zpmg-text-69e76c09a4945\" style=\"\" class=\"zp-element zpmg-text-header-1  zpmg-text   zp-text-family-orator zp-text-size-greater zp-text-lineheight-greater zp-text-color-black zp-text-bold zp-text-transform-uppercase\"><p>Wir suchen zur langfristigen Verst\u00e4rkung unseres Teams eine\/n Architektin\/en.<\/p>\n<\/div><div id=\"zpmg-text-69e76c09a49f8\" style=\"\" class=\"zp-element   zpmg-text        \"><\/div><div id=\"zpmg-text-69e76c09a4ab8\" style=\"\" class=\"zp-element zpmg-text-header-1  zpmg-text   zp-text-family-orator zp-text-size-greater zp-text-lineheight-greater zp-text-color-black zp-text-bold zp-text-transform-uppercase\"><\/p>\n<p>&nbsp;<\/p>\n<p>Voraussetzungen sind:<\/p>\n<\/div><div id=\"zpmg-text-69e76c09a4b75\" style=\"\" class=\"zp-element   zpmg-text        \"><\/p>\n<ul>\n<li>Mindestens drei Jahre Berufserfahrung mit Schwerpunkt Entwurfs- und<\/li>\n<li>Ausf\u00fchrungsplanung in komplexen Projekten<\/li>\n<li>Abgeschlossenes Master- oder Diplomstudium<\/li>\n<li>Gute Kenntnisse in Archicad, Photoshop, MS Office<\/li>\n<li>Sicherheit im Umgang mit Vorschriften und Normen<\/li>\n<li>Kommunikationsstarker Teamplayer<\/li>\n<li>Selbstst\u00e4ndige und strukturierte Arbeitsweise<\/li>\n<li>Gute Deutschkenntnisse (B2)<\/li>\n<\/ul>\n<p>\n<\/div>[\/vc_column_inner][vc_column_inner width=&#8220;1\/2&#8243;]<div id=\"zpmg-text-69e76c09a4c6d\" style=\"\" class=\"zp-element zpmg-text-header-1  zpmg-text   zp-text-family-orator zp-text-size-greater zp-text-lineheight-greater zp-text-color-black zp-text-bold zp-text-transform-uppercase\"><p>Wir bieten hierf\u00fcr:<\/p>\n<\/div><div id=\"zpmg-text-69e76c09a4d1c\" style=\"\" class=\"zp-element   zpmg-text        \"><\/p>\n<ul>\n<li>Flache Hierarchien<\/li>\n<li>Ein kreatives Arbeitsumfeld in einem motivierten und kollegialen Team in Herzen von<br \/>\nD\u00fcsseldorf-Unterbilk, sehr gute Anbindung an den \u00d6PNV<\/li>\n<li>Raum f\u00fcr eigene Ideen und Ihre F\u00e4higkeiten und Erfahrungen einzubringen<\/li>\n<li>Herausfordernde und abwechslungsreiche Projekte<\/li>\n<\/ul>\n<p>\n<\/div>[\/vc_column_inner][\/vc_row_inner][vc_row_inner][vc_column_inner]<div id=\"zpmg-text-69e76c09a4dfd\" style=\"font-weight:bold;\" class=\"zp-element zpmg-text-header-1 zp-vs-element zpmg-text   zp-text-family-orator zp-text-size-greatest zp-text-lineheight-greatest zp-text-color-white zp-text-bold zp-text-transform-uppercase\"><p><a class=\"zp-external\" href=\"mailto:georg.doering@doering-architekten.de\">Jetzt bewerben &gt;<\/a><\/p>\n<\/div><div id=\"zpmg-text-69e76c09a4eb2\" style=\"\" class=\"zp-element  zp-vs-element zpmg-text        \"><p>Wenn Sie interessiert sind, senden Sie uns bitte Ihre vollst\u00e4ndige Bewerbung mit Angabe der Verdienstvorstellung und des fr\u00fchestm\u00f6glichen Eintrittstermins an:<br \/>\n<a class=\"zp-external\" href=\"mailto:georg.doering@doering-architekten.de\">georg.doering@doering-architekten.de<\/a>.<\/p>\n<\/div>[\/vc_column_inner][\/vc_row_inner][\/vc_tta_section][vc_tta_section title=&#8220;Architekten \/ Absolventen (m\/w\/d)&#8220; tab_id=&#8220;1612778288553-4b18e026-57a8&#8243;][vc_row_inner css=&#8220;.vc_custom_1573917338714{border-top-width: 1px !important;border-right-width: 0px !important;border-bottom-width: 0px !important;border-left-width: 0px !important;border-left-color: #0a0a0a !important;border-left-style: solid !important;border-right-color: #0a0a0a !important;border-right-style: solid !important;border-top-color: #0a0a0a !important;border-top-style: solid !important;border-bottom-color: #0a0a0a !important;border-bottom-style: solid !important;}&#8220;][vc_column_inner width=&#8220;1\/2&#8243;]<div id=\"zpmg-text-69e76c09a4f73\" style=\"\" class=\"zp-element zpmg-text-header-1  zpmg-text   zp-text-family-orator zp-text-size-greater zp-text-lineheight-greater zp-text-color-black zp-text-bold zp-text-transform-uppercase\"><p>Aufgaben<\/p>\n<\/div><div id=\"zpmg-text-69e76c09a501f\" style=\"\" class=\"zp-element   zpmg-text        \"><p>Mitarbeit bei der Planung von spannenden Architekturprojekten<\/p>\n<\/div><div id=\"zpmg-text-69e76c09a50ce\" style=\"\" class=\"zp-element zpmg-text-header-1  zpmg-text   zp-text-family-orator zp-text-size-greater zp-text-lineheight-greater zp-text-color-black zp-text-bold zp-text-transform-uppercase\"><\/p>\n<p>&nbsp;<\/p>\n<p>&nbsp;<\/p>\n<p>Perspektiven<\/p>\n<\/div><div id=\"zpmg-text-69e76c09a518f\" style=\"\" class=\"zp-element   zpmg-text        \"><\/p>\n<ul>\n<li>Abwechslungsreicher und verantwortungsvoller Aufgabenbereich<\/li>\n<li>Viel Gestaltungsspielraum in einer inspirierenden Atmosph\u00e4re<\/li>\n<li>B\u00fcro in innerst\u00e4dtischer Lage<\/li>\n<\/ul>\n<p>\n<\/div>[\/vc_column_inner][vc_column_inner width=&#8220;1\/2&#8243;]<div id=\"zpmg-text-69e76c09a5261\" style=\"\" class=\"zp-element zpmg-text-header-1  zpmg-text   zp-text-family-orator zp-text-size-greater zp-text-lineheight-greater zp-text-color-black zp-text-bold zp-text-transform-uppercase\"><p>Profil<\/p>\n<\/div><div id=\"zpmg-text-69e76c09a530c\" style=\"\" class=\"zp-element   zpmg-text        \"><\/p>\n<ul>\n<li>Architekt\/Absolvent<\/li>\n<li>Spa\u00df an der Umsetzung von Planungsaufgaben<\/li>\n<li>Eigenmotivation und zielorientierte Arbeitsweise<\/li>\n<li>Fundierte Kenntnisse der deutschen Sprache<\/li>\n<\/ul>\n<p>\n<\/div>[\/vc_column_inner][\/vc_row_inner][vc_row_inner][vc_column_inner]<div id=\"zpmg-text-69e76c09a53e5\" style=\"font-weight:bold;\" class=\"zp-element zpmg-text-header-1 zp-vs-element zpmg-text   zp-text-family-orator zp-text-size-greatest zp-text-lineheight-greatest zp-text-color-white zp-text-bold zp-text-transform-uppercase\"><p><a class=\"zp-external\" href=\"mailto:info@doering-architekten.de\">Jetzt bewerben &gt;<\/a><\/p>\n<\/div><div id=\"zpmg-text-69e76c09a5498\" style=\"\" class=\"zp-element  zp-vs-element zpmg-text        \"><p>Bewerben Sie sich bitte unter Angabe Ihrer Gehaltsvorstellung und fr\u00fchestem Eintrittsdatum. Bei Fragen stehen wir Ihnen gerne unter der Nummer <a class=\"zp-external\" href=\"tel:02118369112\">0211 &#8211; 83 69 112<\/a> zur Verf\u00fcgung.<\/p>\n<\/div>[\/vc_column_inner][\/vc_row_inner][\/vc_tta_section][vc_tta_section title=&#8220;Bauzeichner (m\/w\/d)&#8220; tab_id=&#8220;1612778288654-1b2cee75-6975&#8243;][vc_row_inner css=&#8220;.vc_custom_1573917338714{border-top-width: 1px !important;border-right-width: 0px !important;border-bottom-width: 0px !important;border-left-width: 0px !important;border-left-color: #0a0a0a !important;border-left-style: solid !important;border-right-color: #0a0a0a !important;border-right-style: solid !important;border-top-color: #0a0a0a !important;border-top-style: solid !important;border-bottom-color: #0a0a0a !important;border-bottom-style: solid !important;}&#8220;][vc_column_inner width=&#8220;1\/2&#8243;]<div id=\"zpmg-text-69e76c09a5553\" style=\"\" class=\"zp-element zpmg-text-header-1  zpmg-text   zp-text-family-orator zp-text-size-greater zp-text-lineheight-greater zp-text-color-black zp-text-bold zp-text-transform-uppercase\"><p>Aufgaben<\/p>\n<\/div><div id=\"zpmg-text-69e76c09a55fd\" style=\"\" class=\"zp-element   zpmg-text        \"><p>Mitarbeit bei der Planung von spannenden Architekturprojekten<\/p>\n<\/div><div id=\"zpmg-text-69e76c09a56af\" style=\"\" class=\"zp-element zpmg-text-header-1  zpmg-text   zp-text-family-orator zp-text-size-greater zp-text-lineheight-greater zp-text-color-black zp-text-bold zp-text-transform-uppercase\"><\/p>\n<p>&nbsp;<\/p>\n<p>&nbsp;<\/p>\n<p>Perspektiven<\/p>\n<\/div><div id=\"zpmg-text-69e76c09a578d\" style=\"\" class=\"zp-element   zpmg-text        \"><\/p>\n<ul>\n<li>Abwechslungsreicher und verantwortungsvoller Aufgabenbereich<\/li>\n<li>Viel Gestaltungsspielraum in einer inspirierenden Atmosph\u00e4re<\/li>\n<li>B\u00fcro in innerst\u00e4dtischer Lage<\/li>\n<\/ul>\n<p>\n<\/div>[\/vc_column_inner][vc_column_inner width=&#8220;1\/2&#8243;]<div id=\"zpmg-text-69e76c09a585f\" style=\"\" class=\"zp-element zpmg-text-header-1  zpmg-text   zp-text-family-orator zp-text-size-greater zp-text-lineheight-greater zp-text-color-black zp-text-bold zp-text-transform-uppercase\"><p>Profil<\/p>\n<\/div><div id=\"zpmg-text-69e76c09a5926\" style=\"\" class=\"zp-element   zpmg-text        \"><\/p>\n<ul>\n<li>Bauzeichner<\/li>\n<li>Spa\u00df an der Umsetzung von Planungsaufgaben<\/li>\n<li>Eigenmotivation und zielorientierte Arbeitsweise<\/li>\n<li>Fundierte Kenntnisse der deutschen Sprache<\/li>\n<\/ul>\n<p>\n<\/div>[\/vc_column_inner][\/vc_row_inner][vc_row_inner][vc_column_inner]<div id=\"zpmg-text-69e76c09a59fc\" style=\"font-weight:bold;\" class=\"zp-element zpmg-text-header-1 zp-vs-element zpmg-text   zp-text-family-orator zp-text-size-greatest zp-text-lineheight-greatest zp-text-color-white zp-text-bold zp-text-transform-uppercase\"><p><a class=\"zp-external\" href=\"mailto:info@doering-architekten.de\">Jetzt bewerben &gt;<\/a><\/p>\n<\/div><div id=\"zpmg-text-69e76c09a5abd\" style=\"\" class=\"zp-element  zp-vs-element zpmg-text        \"><p>Bewerben Sie sich bitte unter Angabe Ihrer Gehaltsvorstellung und fr\u00fchestem Eintrittsdatum. Bei Fragen stehen wir Ihnen gerne unter der Nummer <a class=\"zp-external\" href=\"tel:02118369112\">0211 &#8211; 83 69 112<\/a> zur Verf\u00fcgung.<\/p>\n<\/div>[\/vc_column_inner][\/vc_row_inner][\/vc_tta_section][\/vc_tta_accordion][\/vc_column][\/vc_row]<\/p>\n<\/div>","protected":false},"excerpt":{"rendered":"<p>[vc_row css=&#8220;.vc_custom_1761754073325{padding-bottom: -100px !important;}&#8220;][vc_column offset=&#8220;vc_col-lg-offset-1 vc_col-lg-11 vc_col-md-offset-1 vc_col-md-11&#8243; css=&#8220;.vc_custom_1725374015750{margin-top: -40px !important;margin-bottom: -100px !important;padding-left: 20px !important;}&#8220;][\/vc_column][\/vc_row][vc_row disable_element=&#8220;yes&#8220; css=&#8220;.vc_custom_1761755899092{padding-bottom: 0px !important;}&#8220;][vc_column offset=&#8220;vc_col-lg-offset-1 vc_col-lg-11 vc_hidden-lg vc_col-md-offset-1 vc_col-md-11 vc_hidden-md vc_hidden-sm vc_hidden-xs&#8220; css=&#8220;.vc_custom_1725374002568{margin-top: -40px !important;margin-bottom: -100px !important;padding-left: 20px !important;}&#8220;][\/vc_column][\/vc_row][vc_row css=&#8220;.vc_custom_1761756059108{margin-top: -80px !important;}&#8220;][vc_column offset=&#8220;vc_col-lg-offset-1 vc_col-lg-10&#8243; el_class=&#8220;karriere&#8220;][vc_tta_accordion style=&#8220;flat&#8220; shape=&#8220;square&#8220; color=&#8220;black&#8220; spacing=&#8220;2&#8243; c_icon=&#8220;&#8220; active_section=&#8220;1&#8243; css_animation=&#8220;fadeIn&#8220; no_fill=&#8220;true&#8220; collapsible_all=&#8220;true&#8220;][vc_tta_section title=&#8220;Architekten (m\/w\/d)&#8220; tab_id=&#8220;1612778288464-2d4719df-1fe4&#8243;][vc_row_inner css=&#8220;.vc_custom_1573917338714{border-top-width: 1px !important;border-right-width: [&hellip;]<\/p>\n","protected":false},"author":1,"featured_media":0,"parent":0,"menu_order":0,"comment_status":"closed","ping_status":"closed","template":"","meta":{"_acf_changed":false,"_monsterinsights_skip_tracking":false,"_monsterinsights_sitenote_active":false,"_monsterinsights_sitenote_note":"","_monsterinsights_sitenote_category":0,"footnotes":""},"class_list":["post-2016","page","type-page","status-publish","hentry"],"acf":[],"yoast_head":"<!-- This site is optimized with the Yoast SEO plugin v26.5 - https:\/\/yoast.com\/wordpress\/plugins\/seo\/ -->\n<title>Karriere | GEORG D\u00d6RING ARCHITEKTEN D\u00dcSSELDORF<\/title>\n<meta name=\"robots\" content=\"index, follow, max-snippet:-1, max-image-preview:large, max-video-preview:-1\" \/>\n<link rel=\"canonical\" href=\"https:\/\/doering-architekten.de\/de\/karriere\/\" \/>\n<meta name=\"twitter:card\" content=\"summary_large_image\" \/>\n<meta name=\"twitter:title\" content=\"Karriere | GEORG D\u00d6RING ARCHITEKTEN D\u00dcSSELDORF\" \/>\n<meta name=\"twitter:description\" content=\"[vc_row css=&#8220;.vc_custom_1761754073325{padding-bottom: -100px !important;}&#8220;][vc_column offset=&#8220;vc_col-lg-offset-1 vc_col-lg-11 vc_col-md-offset-1 vc_col-md-11&#8243; css=&#8220;.vc_custom_1725374015750{margin-top: -40px !important;margin-bottom: -100px !important;padding-left: 20px !important;}&#8220;][\/vc_column][\/vc_row][vc_row disable_element=&#8220;yes&#8220; css=&#8220;.vc_custom_1761755899092{padding-bottom: 0px !important;}&#8220;][vc_column offset=&#8220;vc_col-lg-offset-1 vc_col-lg-11 vc_hidden-lg vc_col-md-offset-1 vc_col-md-11 vc_hidden-md vc_hidden-sm vc_hidden-xs&#8220; css=&#8220;.vc_custom_1725374002568{margin-top: -40px !important;margin-bottom: -100px !important;padding-left: 20px !important;}&#8220;][\/vc_column][\/vc_row][vc_row css=&#8220;.vc_custom_1761756059108{margin-top: -80px !important;}&#8220;][vc_column offset=&#8220;vc_col-lg-offset-1 vc_col-lg-10&#8243; el_class=&#8220;karriere&#8220;][vc_tta_accordion style=&#8220;flat&#8220; shape=&#8220;square&#8220; color=&#8220;black&#8220; spacing=&#8220;2&#8243; c_icon=&#8220;&#8220; active_section=&#8220;1&#8243; css_animation=&#8220;fadeIn&#8220; no_fill=&#8220;true&#8220; collapsible_all=&#8220;true&#8220;][vc_tta_section title=&#8220;Architekten (m\/w\/d)&#8220; tab_id=&#8220;1612778288464-2d4719df-1fe4&#8243;][vc_row_inner css=&#8220;.vc_custom_1573917338714{border-top-width: 1px !important;border-right-width: [&hellip;]\" \/>\n<meta name=\"twitter:label1\" content=\"Gesch\u00e4tzte Lesezeit\" \/>\n\t<meta name=\"twitter:data1\" content=\"3\u00a0Minuten\" \/>\n<script type=\"application\/ld+json\" class=\"yoast-schema-graph\">{\"@context\":\"https:\/\/schema.org\",\"@graph\":[{\"@type\":\"WebPage\",\"@id\":\"https:\/\/doering-architekten.de\/de\/karriere\/\",\"url\":\"https:\/\/doering-architekten.de\/de\/karriere\/\",\"name\":\"Karriere | GEORG D\u00d6RING ARCHITEKTEN D\u00dcSSELDORF\",\"isPartOf\":{\"@id\":\"https:\/\/doering-architekten.de\/en\/#website\"},\"datePublished\":\"2019-11-16T15:44:58+00:00\",\"dateModified\":\"2025-10-29T17:26:45+00:00\",\"breadcrumb\":{\"@id\":\"https:\/\/doering-architekten.de\/de\/karriere\/#breadcrumb\"},\"inLanguage\":\"de\",\"potentialAction\":[{\"@type\":\"ReadAction\",\"target\":[\"https:\/\/doering-architekten.de\/de\/karriere\/\"]}]},{\"@type\":\"BreadcrumbList\",\"@id\":\"https:\/\/doering-architekten.de\/de\/karriere\/#breadcrumb\",\"itemListElement\":[{\"@type\":\"ListItem\",\"position\":1,\"name\":\"Home\",\"item\":\"https:\/\/doering-architekten.de\/de\/\"},{\"@type\":\"ListItem\",\"position\":2,\"name\":\"Karriere\"}]},{\"@type\":\"WebSite\",\"@id\":\"https:\/\/doering-architekten.de\/en\/#website\",\"url\":\"https:\/\/doering-architekten.de\/en\/\",\"name\":\"GEORG D\u00d6RING ARCHITEKTEN D\u00dcSSELDORF\",\"description\":\"\",\"potentialAction\":[{\"@type\":\"SearchAction\",\"target\":{\"@type\":\"EntryPoint\",\"urlTemplate\":\"https:\/\/doering-architekten.de\/en\/?s={search_term_string}\"},\"query-input\":{\"@type\":\"PropertyValueSpecification\",\"valueRequired\":true,\"valueName\":\"search_term_string\"}}],\"inLanguage\":\"de\"}]}<\/script>\n<!-- \/ Yoast SEO plugin. -->","yoast_head_json":{"title":"Karriere | GEORG D\u00d6RING ARCHITEKTEN D\u00dcSSELDORF","robots":{"index":"index","follow":"follow","max-snippet":"max-snippet:-1","max-image-preview":"max-image-preview:large","max-video-preview":"max-video-preview:-1"},"canonical":"https:\/\/doering-architekten.de\/de\/karriere\/","twitter_card":"summary_large_image","twitter_title":"Karriere | GEORG D\u00d6RING ARCHITEKTEN D\u00dcSSELDORF","twitter_description":"[vc_row css=&#8220;.vc_custom_1761754073325{padding-bottom: -100px !important;}&#8220;][vc_column offset=&#8220;vc_col-lg-offset-1 vc_col-lg-11 vc_col-md-offset-1 vc_col-md-11&#8243; css=&#8220;.vc_custom_1725374015750{margin-top: -40px !important;margin-bottom: -100px !important;padding-left: 20px !important;}&#8220;][\/vc_column][\/vc_row][vc_row disable_element=&#8220;yes&#8220; css=&#8220;.vc_custom_1761755899092{padding-bottom: 0px !important;}&#8220;][vc_column offset=&#8220;vc_col-lg-offset-1 vc_col-lg-11 vc_hidden-lg vc_col-md-offset-1 vc_col-md-11 vc_hidden-md vc_hidden-sm vc_hidden-xs&#8220; css=&#8220;.vc_custom_1725374002568{margin-top: -40px !important;margin-bottom: -100px !important;padding-left: 20px !important;}&#8220;][\/vc_column][\/vc_row][vc_row css=&#8220;.vc_custom_1761756059108{margin-top: -80px !important;}&#8220;][vc_column offset=&#8220;vc_col-lg-offset-1 vc_col-lg-10&#8243; el_class=&#8220;karriere&#8220;][vc_tta_accordion style=&#8220;flat&#8220; shape=&#8220;square&#8220; color=&#8220;black&#8220; spacing=&#8220;2&#8243; c_icon=&#8220;&#8220; active_section=&#8220;1&#8243; css_animation=&#8220;fadeIn&#8220; no_fill=&#8220;true&#8220; collapsible_all=&#8220;true&#8220;][vc_tta_section title=&#8220;Architekten (m\/w\/d)&#8220; tab_id=&#8220;1612778288464-2d4719df-1fe4&#8243;][vc_row_inner css=&#8220;.vc_custom_1573917338714{border-top-width: 1px !important;border-right-width: [&hellip;]","twitter_misc":{"Gesch\u00e4tzte Lesezeit":"3\u00a0Minuten"},"schema":{"@context":"https:\/\/schema.org","@graph":[{"@type":"WebPage","@id":"https:\/\/doering-architekten.de\/de\/karriere\/","url":"https:\/\/doering-architekten.de\/de\/karriere\/","name":"Karriere | GEORG D\u00d6RING ARCHITEKTEN D\u00dcSSELDORF","isPartOf":{"@id":"https:\/\/doering-architekten.de\/en\/#website"},"datePublished":"2019-11-16T15:44:58+00:00","dateModified":"2025-10-29T17:26:45+00:00","breadcrumb":{"@id":"https:\/\/doering-architekten.de\/de\/karriere\/#breadcrumb"},"inLanguage":"de","potentialAction":[{"@type":"ReadAction","target":["https:\/\/doering-architekten.de\/de\/karriere\/"]}]},{"@type":"BreadcrumbList","@id":"https:\/\/doering-architekten.de\/de\/karriere\/#breadcrumb","itemListElement":[{"@type":"ListItem","position":1,"name":"Home","item":"https:\/\/doering-architekten.de\/de\/"},{"@type":"ListItem","position":2,"name":"Karriere"}]},{"@type":"WebSite","@id":"https:\/\/doering-architekten.de\/en\/#website","url":"https:\/\/doering-architekten.de\/en\/","name":"GEORG D\u00d6RING ARCHITEKTEN D\u00dcSSELDORF","description":"","potentialAction":[{"@type":"SearchAction","target":{"@type":"EntryPoint","urlTemplate":"https:\/\/doering-architekten.de\/en\/?s={search_term_string}"},"query-input":{"@type":"PropertyValueSpecification","valueRequired":true,"valueName":"search_term_string"}}],"inLanguage":"de"}]}},"_links":{"self":[{"href":"https:\/\/doering-architekten.de\/de\/wp-json\/wp\/v2\/pages\/2016","targetHints":{"allow":["GET"]}}],"collection":[{"href":"https:\/\/doering-architekten.de\/de\/wp-json\/wp\/v2\/pages"}],"about":[{"href":"https:\/\/doering-architekten.de\/de\/wp-json\/wp\/v2\/types\/page"}],"author":[{"embeddable":true,"href":"https:\/\/doering-architekten.de\/de\/wp-json\/wp\/v2\/users\/1"}],"replies":[{"embeddable":true,"href":"https:\/\/doering-architekten.de\/de\/wp-json\/wp\/v2\/comments?post=2016"}],"version-history":[{"count":5,"href":"https:\/\/doering-architekten.de\/de\/wp-json\/wp\/v2\/pages\/2016\/revisions"}],"predecessor-version":[{"id":3181,"href":"https:\/\/doering-architekten.de\/de\/wp-json\/wp\/v2\/pages\/2016\/revisions\/3181"}],"wp:attachment":[{"href":"https:\/\/doering-architekten.de\/de\/wp-json\/wp\/v2\/media?parent=2016"}],"curies":[{"name":"wp","href":"https:\/\/api.w.org\/{rel}","templated":true}]}}