{"id":22,"date":"2015-11-06T20:28:13","date_gmt":"2015-11-06T19:28:13","guid":{"rendered":"http:\/\/website.doering-architekten.de\/?page_id=22"},"modified":"2025-03-28T20:04:24","modified_gmt":"2025-03-28T19:04:24","slug":"buero","status":"publish","type":"page","link":"https:\/\/doering-architekten.de\/de\/buero\/","title":{"rendered":"B\u00fcro"},"content":{"rendered":"<div class=\"wpb-content-wrapper\"><p>[vc_row][vc_column offset=&#8220;vc_col-lg-offset-1 vc_col-lg-11 vc_col-md-offset-1 vc_col-md-11&#8243; css=&#8220;.vc_custom_1450178211223{margin-top: -40px !important;margin-bottom: -100px !important;}&#8220;]<h1 id=\"zpmg-text-69d823c94c41e\" style=\"\" class=\"zp-element zpmg-text-header-3  zpmg-text        \"><p>Wir arbeiten, wie wir denken: Zielgerichtet und l\u00f6sungsorientiert.<\/p>\n<\/h1>[\/vc_column][\/vc_row][vc_row][vc_column width=&#8220;1\/2&#8243; offset=&#8220;vc_col-lg-offset-1 vc_col-lg-5&#8243;]<div id=\"zpmg-text-69d823c94c5fd\" style=\"\" class=\"zp-element   zpmg-text        \"><p>Unsere Sprache ist zukunftsorientiert und gleichzeitig durch die klassische Moderne des 20. Jahrhunderts gepr\u00e4gt. Wir arbeiten integrativ im Bestand und extrovertiert, wenn es notwendig ist. Solide und auch experimentelle Details garantieren eine hohe Qualit\u00e4t und Ausdruckskraft. Die zu verwendenden Materialien werden sowohl in \u00e4sthetischen als auch umweltgerechten Anspr\u00fcchen ausgesucht und eingesetzt. Wir versuchen mit unserer Arbeit die Zielvoraussetzungen des Bauherrn zu erreichen. Dies geschieht im Team. Der Bauherr wird in s\u00e4mtliche Prozesse integriert, um gr\u00f6\u00dftm\u00f6gliche Effizienz zu erzielen. Wir stehen zu jeder Zeit dem Bauherrn im Planungs- und Realisationsprozess und danach in allen Fragen den Bau betreffend zur Seite.<\/p>\n<\/div>[\/vc_column][vc_column width=&#8220;1\/2&#8243; offset=&#8220;vc_col-lg-5&#8243;]<div id=\"zpmg-text-69d823c94c6df\" style=\"\" class=\"zp-element   zpmg-text        \"><p>Wir sind aufgeschlossen und neugierig gegen\u00fcber jeder neuen Aufgabe, die uns gestellt wird. Eine individuelle und ma\u00dfvolle L\u00f6sung ist unser oberstes Ziel unter besonderer Ber\u00fccksichtigung der Wirtschaftlichkeit. Wir k\u00f6nnen rechnen und verhandeln. Eine aufgeschlossene, moderne und zukunftsweisende Sprache basierend auf wirtschaftlichen Koordinaten ist unser Ziel.<\/p>\n<\/div>[\/vc_column][\/vc_row][vc_row][vc_column offset=&#8220;vc_col-lg-offset-5 vc_col-lg-5 vc_col-md-offset-3 vc_col-md-6&#8243; css=&#8220;.vc_custom_1742916929166{margin-top: -100px !important;margin-bottom: -100px !important;}&#8220;]<div id=\"zpmg-image-69d823c94c7a2\" class=\"zp-element zp-equalheight  zpmg-image zpmg-greyscale  \" style=\"background:url(https:\/\/doering-architekten.de\/wp-content\/uploads\/Scan-51.png); background-size:cover;background-position:center center; \">\n\t\t\t\t<img loading=\"lazy\" decoding=\"async\" width=\"1177\" height=\"602\" src=\"https:\/\/doering-architekten.de\/wp-content\/uploads\/Scan-51.png\" class=\"zpmg-image-inner\" alt=\"\" srcset=\"https:\/\/doering-architekten.de\/wp-content\/uploads\/Scan-51.png 1177w, https:\/\/doering-architekten.de\/wp-content\/uploads\/Scan-51-300x153.png 300w, https:\/\/doering-architekten.de\/wp-content\/uploads\/Scan-51-1024x524.png 1024w, https:\/\/doering-architekten.de\/wp-content\/uploads\/Scan-51-768x393.png 768w, https:\/\/doering-architekten.de\/wp-content\/uploads\/Scan-51-700x358.png 700w, https:\/\/doering-architekten.de\/wp-content\/uploads\/Scan-51-550x281.png 550w, https:\/\/doering-architekten.de\/wp-content\/uploads\/Scan-51-950x486.png 950w\" sizes=\"auto, (max-width: 1177px) 100vw, 1177px\" \/>\n\t\t\t\t<\/div>[\/vc_column][\/vc_row][vc_row css=&#8220;.vc_custom_1743188573064{margin-bottom: -100px !important;}&#8220;][vc_column width=&#8220;1\/3&#8243; offset=&#8220;vc_col-lg-offset-2 vc_col-lg-4 vc_col-md-offset-2 vc_col-md-4&#8243;]<div id=\"zpmg-text-69d823c94c97f\" style=\"\" class=\"zp-element zpmg-text-header-1  zpmg-text    zp-text-size-greater    \"><\/p>\n<h3><\/h3>\n<p>\n<\/div>[\/vc_column][vc_column width=&#8220;1\/3&#8243; offset=&#8220;vc_col-lg-3 vc_col-md-3&#8243;]<div id=\"zpmg-text-69d823c94ca53\" style=\"\" class=\"zp-element   zpmg-text        \"><p>Das 1999 von Georg D\u00f6ring gegr\u00fcndete gleichnamige Architekturb\u00fcro umfasst Leistungen in\u00a0Konzeption, Planung und Realisation von individuellen Bauwerken. Unter Einbeziehung von technischen, wirtschaftlichen, soziologischen und \u00e4sthetischen Erfordernissen, sowie unter Einbindung und Koordination\u00a0zahlreicher Fachleute werden von uns alle Leistungen der Planung (Vor-, Entwurfs-, Genehmigungs- und Ausf\u00fchrungsplanung), Vorbereitung und Mitwirkung bei der Vergabe, Bau\u00fcberwachung, Objektbetreuung, Koordinierung, k\u00fcnstlerische Gestaltung u.a., im Sinne des Werkvertrages erbracht.<\/p>\n<\/div>[\/vc_column][vc_column width=&#8220;1\/3&#8243; offset=&#8220;vc_col-lg-2 vc_col-md-4&#8243;]<div id=\"zpmg-text-69d823c94cb13\" style=\"\" class=\"zp-element   zpmg-text        \"><p><strong>Kompetenzen<\/strong><\/p>\n<hr \/>\n<p>Wohnen<\/p>\n<hr \/>\n<p>B\u00fcro<\/p>\n<hr \/>\n<p>Gewerbe<\/p>\n<hr \/>\n<p>\u00d6kologisches Bauen<\/p>\n<hr \/>\n<p>Konversion<\/p>\n<hr \/>\n<p>Revitalisierung<\/p>\n<hr \/>\n<p>St\u00e4dtebau<\/p>\n<hr \/>\n<p>Hotels<\/p>\n<hr \/>\n<p>Kanzleien<\/p>\n<hr \/>\n<p>Showrooms<\/p>\n<hr \/>\n<p>Restaurants\/Bars Spa<\/p>\n<\/div>[\/vc_column][\/vc_row][vc_row full_width=&#8220;stretch_row_content_no_spaces&#8220;][vc_column width=&#8220;1\/2&#8243; offset=&#8220;vc_col-lg-offset-1 vc_col-lg-4 vc_col-md-5&#8243; css=&#8220;.vc_custom_1743188652683{margin-top: 0px !important;}&#8220;]<div id=\"zpmg-image-69d823c94cc40\" class=\"zp-element   zpmg-image zpmg-greyscale  \" style=\"background:url(https:\/\/doering-architekten.de\/wp-content\/uploads\/Georg-Doering_Georg-Doering-Architekten-GmbH-1450x1813.jpg); background-size:100% auto;background-position:left top; \">\n\t\t\t\t<img loading=\"lazy\" decoding=\"async\" width=\"1450\" height=\"1813\" src=\"https:\/\/doering-architekten.de\/wp-content\/uploads\/Georg-Doering_Georg-Doering-Architekten-GmbH-1450x1813.jpg\" class=\"zpmg-image-inner\" alt=\"\" srcset=\"https:\/\/doering-architekten.de\/wp-content\/uploads\/Georg-Doering_Georg-Doering-Architekten-GmbH-1450x1813.jpg 1450w, https:\/\/doering-architekten.de\/wp-content\/uploads\/Georg-Doering_Georg-Doering-Architekten-GmbH-240x300.jpg 240w, https:\/\/doering-architekten.de\/wp-content\/uploads\/Georg-Doering_Georg-Doering-Architekten-GmbH-819x1024.jpg 819w, https:\/\/doering-architekten.de\/wp-content\/uploads\/Georg-Doering_Georg-Doering-Architekten-GmbH-768x960.jpg 768w, https:\/\/doering-architekten.de\/wp-content\/uploads\/Georg-Doering_Georg-Doering-Architekten-GmbH-1229x1536.jpg 1229w, https:\/\/doering-architekten.de\/wp-content\/uploads\/Georg-Doering_Georg-Doering-Architekten-GmbH-1638x2048.jpg 1638w, https:\/\/doering-architekten.de\/wp-content\/uploads\/Georg-Doering_Georg-Doering-Architekten-GmbH-366x458.jpg 366w, https:\/\/doering-architekten.de\/wp-content\/uploads\/Georg-Doering_Georg-Doering-Architekten-GmbH-550x688.jpg 550w, https:\/\/doering-architekten.de\/wp-content\/uploads\/Georg-Doering_Georg-Doering-Architekten-GmbH-950x1188.jpg 950w, https:\/\/doering-architekten.de\/wp-content\/uploads\/Georg-Doering_Georg-Doering-Architekten-GmbH.jpg 2000w\" sizes=\"auto, (max-width: 1450px) 100vw, 1450px\" \/>\n\t\t\t\t<\/div>[vc_separator color=&#8220;black&#8220; css=&#8220;.vc_custom_1742917179658{margin-top: -20px !important;padding-top: 0px !important;}&#8220;]<div id=\"zpmg-text-69d823c94cdfe\" style=\"\" class=\"zp-element  zp-vs-element zpmg-text  hr-list      \"><p><strong>Georg D\u00f6ring<\/strong><\/p>\n<hr \/>\n<p>Studium an der TU Braunschweig, ETH Z\u00fcrich, TH Darmstadt<\/p>\n<hr \/>\n<p>Studentische Praktika in den Architekturb\u00fcros HPP D\u00fcsseldorf\/Frankfurt, Prof. Heinz Mohl, Itten + Brechb\u00fchl, Wolfgang D\u00f6ring 1988\/92<\/p>\n<hr \/>\n<p>Diplom 1992<\/p>\n<hr \/>\n<p>Mitarbeit im Architekturb\u00fcro Murphy\/Jahn in Chicago 1992\/93<\/p>\n<hr \/>\n<p>Mitarbeit im Architekturb\u00fcro Wolfgang D\u00f6ring 1993\/95<\/p>\n<hr \/>\n<p>Mitarbeit im Architekturb\u00fcro HPP 1995<\/p>\n<hr \/>\n<p>Juniorpartner im Planungsb\u00fcro Kiemle Kreidt in D\u00fcsseldorf 1995\/99<\/p>\n<hr \/>\n<p>1999 Gr\u00fcndung des Architekturb\u00fcros in D\u00fcsseldorf<\/p>\n<hr \/>\n<p>1994 Aufnahme in die Architektenkammer NRW<\/p>\n<hr \/>\n<p>2012 Berufung in den BDA-D\u00fcsseldorf<\/p>\n<hr \/>\n<p>2014 Vorstand (Beisitzer) BDA-D\u00fcsseldorf<\/p>\n<hr \/>\n<p>2015 Stellvertretender Vorsitzender BDA D\u00fcsseldorf<\/p>\n<hr \/>\n<p>2017 \u2013 2024 Vorsitzender BDA D\u00fcsseldorf<\/p>\n<hr \/>\n<p>2019 \u2013 2024 Kuratoriumsmitglied des Hochhausbeirates der Stadt D\u00fcsseldorf<\/p>\n<hr \/>\n<p>2024 Gr\u00fcndung der Georg D\u00f6ring Architekten GmbH<\/p>\n<hr \/>\n<p>\n<\/div>[\/vc_column][vc_column width=&#8220;1\/2&#8243; offset=&#8220;vc_col-lg-offset-0 vc_col-lg-4 vc_col-md-offset-0 vc_col-md-4 vc_col-sm-offset-2&#8243;]<div id=\"zpmg-image-69d823c94cf7c\" class=\"zp-element   zpmg-image zpmg-greyscale  \" style=\"background:url(https:\/\/doering-architekten.de\/wp-content\/uploads\/Volker_Brockmeier_Georg-Doering-Architekten-GmbH-1-1450x1813.jpg); background-size:100% auto;background-position:left top; \">\n\t\t\t\t<img loading=\"lazy\" decoding=\"async\" width=\"1450\" height=\"1813\" src=\"https:\/\/doering-architekten.de\/wp-content\/uploads\/Volker_Brockmeier_Georg-Doering-Architekten-GmbH-1-1450x1813.jpg\" class=\"zpmg-image-inner\" alt=\"Volker Brockmeier\" srcset=\"https:\/\/doering-architekten.de\/wp-content\/uploads\/Volker_Brockmeier_Georg-Doering-Architekten-GmbH-1-1450x1813.jpg 1450w, https:\/\/doering-architekten.de\/wp-content\/uploads\/Volker_Brockmeier_Georg-Doering-Architekten-GmbH-1-240x300.jpg 240w, https:\/\/doering-architekten.de\/wp-content\/uploads\/Volker_Brockmeier_Georg-Doering-Architekten-GmbH-1-819x1024.jpg 819w, https:\/\/doering-architekten.de\/wp-content\/uploads\/Volker_Brockmeier_Georg-Doering-Architekten-GmbH-1-768x960.jpg 768w, https:\/\/doering-architekten.de\/wp-content\/uploads\/Volker_Brockmeier_Georg-Doering-Architekten-GmbH-1-1229x1536.jpg 1229w, https:\/\/doering-architekten.de\/wp-content\/uploads\/Volker_Brockmeier_Georg-Doering-Architekten-GmbH-1-1638x2048.jpg 1638w, https:\/\/doering-architekten.de\/wp-content\/uploads\/Volker_Brockmeier_Georg-Doering-Architekten-GmbH-1-366x458.jpg 366w, https:\/\/doering-architekten.de\/wp-content\/uploads\/Volker_Brockmeier_Georg-Doering-Architekten-GmbH-1-550x688.jpg 550w, https:\/\/doering-architekten.de\/wp-content\/uploads\/Volker_Brockmeier_Georg-Doering-Architekten-GmbH-1-950x1188.jpg 950w, https:\/\/doering-architekten.de\/wp-content\/uploads\/Volker_Brockmeier_Georg-Doering-Architekten-GmbH-1.jpg 2000w\" sizes=\"auto, (max-width: 1450px) 100vw, 1450px\" \/>\n\t\t\t\t<\/div>[vc_separator color=&#8220;black&#8220; css=&#8220;.vc_custom_1742917179658{margin-top: -20px !important;padding-top: 0px !important;}&#8220;]<div id=\"zpmg-text-69d823c94d9d5\" style=\"\" class=\"zp-element  zp-vs-element zpmg-text  hr-list      \"><p><strong>Volker Brockmeier<\/strong><\/p>\n<hr \/>\n<p style=\"font-weight: 400;\">Studium an der FH Bochum, Gasth\u00f6rerschaft an der Universit\u00e4t Wuppertal<\/p>\n<hr \/>\n<p style=\"font-weight: 400;\">Studentische Praktika in diversen Baufachbetrieben und im Architekturb\u00fcro<\/p>\n<hr \/>\n<p style=\"font-weight: 400;\">Prof. Gerber in Dortmund<\/p>\n<hr \/>\n<p style=\"font-weight: 400;\">Diplom 1990<\/p>\n<hr \/>\n<p style=\"font-weight: 400;\">Mitarbeit im Architekturb\u00fcro Prof. Gerber in Dortmund 1990\/95<\/p>\n<hr \/>\n<p style=\"font-weight: 400;\">Mitarbeit im Architekturb\u00fcro Prof. Gatermann und Schossig in K\u00f6ln 1995\/98<\/p>\n<hr \/>\n<p style=\"font-weight: 400;\">Freiberufliche T\u00e4tigkeit 1998\/2000<\/p>\n<hr \/>\n<p style=\"font-weight: 400;\">Mitarbeit im Architekturb\u00fcro Pesch und Partner in Stuttgart 2000\/11<\/p>\n<hr \/>\n<p style=\"font-weight: 400;\">Mitarbeit in der Ropertz &amp; Partner Planungsgesellschaft mbH 2011\/17<\/p>\n<hr \/>\n<p style=\"font-weight: 400;\">Mitarbeit im Architekturb\u00fcro PASD Feldmeier Wrede Architekten BDA 2017\/21<\/p>\n<hr \/>\n<p style=\"font-weight: 400;\">Mitarbeit im Architekturb\u00fcro Georg D\u00f6ring Architekten BDA in D\u00fcsseldorf 2022<\/p>\n<hr \/>\n<p style=\"font-weight: 400;\">2024 Gr\u00fcndung der Georg D\u00f6ring Architekten GmbH<\/p>\n<hr \/>\n<p>\n<\/div>[\/vc_column][\/vc_row][vc_row full_width=&#8220;stretch_row_content_no_spaces&#8220; css=&#8220;.vc_custom_1743188266470{margin-top: -200px !important;padding-bottom: 200px !important;}&#8220;][vc_column width=&#8220;1\/2&#8243; offset=&#8220;vc_col-lg-offset-1 vc_col-lg-4 vc_col-md-offset-1 vc_col-md-4 vc_col-sm-offset-2&#8243;][\/vc_column][\/vc_row]<\/p>\n<\/div>","protected":false},"excerpt":{"rendered":"<p>[vc_row][vc_column offset=&#8220;vc_col-lg-offset-1 vc_col-lg-11 vc_col-md-offset-1 vc_col-md-11&#8243; css=&#8220;.vc_custom_1450178211223{margin-top: -40px !important;margin-bottom: -100px !important;}&#8220;][\/vc_column][\/vc_row][vc_row][vc_column width=&#8220;1\/2&#8243; offset=&#8220;vc_col-lg-offset-1 vc_col-lg-5&#8243;][\/vc_column][vc_column width=&#8220;1\/2&#8243; offset=&#8220;vc_col-lg-5&#8243;][\/vc_column][\/vc_row][vc_row][vc_column offset=&#8220;vc_col-lg-offset-5 vc_col-lg-5 vc_col-md-offset-3 vc_col-md-6&#8243; css=&#8220;.vc_custom_1742916929166{margin-top: -100px !important;margin-bottom: -100px !important;}&#8220;][\/vc_column][\/vc_row][vc_row css=&#8220;.vc_custom_1743188573064{margin-bottom: -100px !important;}&#8220;][vc_column width=&#8220;1\/3&#8243; offset=&#8220;vc_col-lg-offset-2 vc_col-lg-4 vc_col-md-offset-2 vc_col-md-4&#8243;][\/vc_column][vc_column width=&#8220;1\/3&#8243; offset=&#8220;vc_col-lg-3 vc_col-md-3&#8243;][\/vc_column][vc_column width=&#8220;1\/3&#8243; offset=&#8220;vc_col-lg-2 vc_col-md-4&#8243;][\/vc_column][\/vc_row][vc_row full_width=&#8220;stretch_row_content_no_spaces&#8220;][vc_column width=&#8220;1\/2&#8243; offset=&#8220;vc_col-lg-offset-1 vc_col-lg-4 vc_col-md-5&#8243; css=&#8220;.vc_custom_1743188652683{margin-top: 0px !important;}&#8220;][vc_separator color=&#8220;black&#8220; css=&#8220;.vc_custom_1742917179658{margin-top: -20px !important;padding-top: 0px !important;}&#8220;][\/vc_column][vc_column width=&#8220;1\/2&#8243; offset=&#8220;vc_col-lg-offset-0 vc_col-lg-4 [&hellip;]<\/p>\n","protected":false},"author":2,"featured_media":0,"parent":0,"menu_order":4,"comment_status":"closed","ping_status":"closed","template":"","meta":{"_acf_changed":false,"_monsterinsights_skip_tracking":false,"_monsterinsights_sitenote_active":false,"_monsterinsights_sitenote_note":"","_monsterinsights_sitenote_category":0,"footnotes":""},"class_list":["post-22","page","type-page","status-publish","hentry"],"acf":[],"yoast_head":"<!-- This site is optimized with the Yoast SEO plugin v26.5 - https:\/\/yoast.com\/wordpress\/plugins\/seo\/ -->\n<title>GEORG D\u00d6RING ARCHITEKTEN D\u00dcSSELDORF | B\u00fcro<\/title>\n<meta name=\"description\" content=\"Wir arbeiten, wie wir denken: zielgerichtet und l\u00f6sungsorientiert. Wir sind aufgeschlossen und neugierig gegen\u00fcber jeder neuen Aufgabe, die uns gestellt wird.\" \/>\n<meta name=\"robots\" content=\"index, follow, max-snippet:-1, max-image-preview:large, max-video-preview:-1\" \/>\n<link rel=\"canonical\" href=\"https:\/\/doering-architekten.de\/de\/buero\/\" \/>\n<meta name=\"twitter:card\" content=\"summary_large_image\" \/>\n<meta name=\"twitter:title\" content=\"GEORG D\u00d6RING ARCHITEKTEN D\u00dcSSELDORF | B\u00fcro\" \/>\n<meta name=\"twitter:description\" content=\"Wir arbeiten, wie wir denken: zielgerichtet und l\u00f6sungsorientiert. Wir sind aufgeschlossen und neugierig gegen\u00fcber jeder neuen Aufgabe, die uns gestellt wird.\" \/>\n<meta name=\"twitter:label1\" content=\"Gesch\u00e4tzte Lesezeit\" \/>\n\t<meta name=\"twitter:data1\" content=\"4\u00a0Minuten\" \/>\n<script type=\"application\/ld+json\" class=\"yoast-schema-graph\">{\"@context\":\"https:\/\/schema.org\",\"@graph\":[{\"@type\":\"WebPage\",\"@id\":\"https:\/\/doering-architekten.de\/de\/buero\/\",\"url\":\"https:\/\/doering-architekten.de\/de\/buero\/\",\"name\":\"GEORG D\u00d6RING ARCHITEKTEN D\u00dcSSELDORF | B\u00fcro\",\"isPartOf\":{\"@id\":\"https:\/\/doering-architekten.de\/en\/#website\"},\"datePublished\":\"2015-11-06T19:28:13+00:00\",\"dateModified\":\"2025-03-28T19:04:24+00:00\",\"description\":\"Wir arbeiten, wie wir denken: zielgerichtet und l\u00f6sungsorientiert. Wir sind aufgeschlossen und neugierig gegen\u00fcber jeder neuen Aufgabe, die uns gestellt wird.\",\"breadcrumb\":{\"@id\":\"https:\/\/doering-architekten.de\/de\/buero\/#breadcrumb\"},\"inLanguage\":\"de\",\"potentialAction\":[{\"@type\":\"ReadAction\",\"target\":[\"https:\/\/doering-architekten.de\/de\/buero\/\"]}]},{\"@type\":\"BreadcrumbList\",\"@id\":\"https:\/\/doering-architekten.de\/de\/buero\/#breadcrumb\",\"itemListElement\":[{\"@type\":\"ListItem\",\"position\":1,\"name\":\"Home\",\"item\":\"https:\/\/doering-architekten.de\/de\/\"},{\"@type\":\"ListItem\",\"position\":2,\"name\":\"B\u00fcro\"}]},{\"@type\":\"WebSite\",\"@id\":\"https:\/\/doering-architekten.de\/en\/#website\",\"url\":\"https:\/\/doering-architekten.de\/en\/\",\"name\":\"GEORG D\u00d6RING ARCHITEKTEN D\u00dcSSELDORF\",\"description\":\"\",\"potentialAction\":[{\"@type\":\"SearchAction\",\"target\":{\"@type\":\"EntryPoint\",\"urlTemplate\":\"https:\/\/doering-architekten.de\/en\/?s={search_term_string}\"},\"query-input\":{\"@type\":\"PropertyValueSpecification\",\"valueRequired\":true,\"valueName\":\"search_term_string\"}}],\"inLanguage\":\"de\"}]}<\/script>\n<!-- \/ Yoast SEO plugin. -->","yoast_head_json":{"title":"GEORG D\u00d6RING ARCHITEKTEN D\u00dcSSELDORF | B\u00fcro","description":"Wir arbeiten, wie wir denken: zielgerichtet und l\u00f6sungsorientiert. Wir sind aufgeschlossen und neugierig gegen\u00fcber jeder neuen Aufgabe, die uns gestellt wird.","robots":{"index":"index","follow":"follow","max-snippet":"max-snippet:-1","max-image-preview":"max-image-preview:large","max-video-preview":"max-video-preview:-1"},"canonical":"https:\/\/doering-architekten.de\/de\/buero\/","twitter_card":"summary_large_image","twitter_title":"GEORG D\u00d6RING ARCHITEKTEN D\u00dcSSELDORF | B\u00fcro","twitter_description":"Wir arbeiten, wie wir denken: zielgerichtet und l\u00f6sungsorientiert. Wir sind aufgeschlossen und neugierig gegen\u00fcber jeder neuen Aufgabe, die uns gestellt wird.","twitter_misc":{"Gesch\u00e4tzte Lesezeit":"4\u00a0Minuten"},"schema":{"@context":"https:\/\/schema.org","@graph":[{"@type":"WebPage","@id":"https:\/\/doering-architekten.de\/de\/buero\/","url":"https:\/\/doering-architekten.de\/de\/buero\/","name":"GEORG D\u00d6RING ARCHITEKTEN D\u00dcSSELDORF | B\u00fcro","isPartOf":{"@id":"https:\/\/doering-architekten.de\/en\/#website"},"datePublished":"2015-11-06T19:28:13+00:00","dateModified":"2025-03-28T19:04:24+00:00","description":"Wir arbeiten, wie wir denken: zielgerichtet und l\u00f6sungsorientiert. Wir sind aufgeschlossen und neugierig gegen\u00fcber jeder neuen Aufgabe, die uns gestellt wird.","breadcrumb":{"@id":"https:\/\/doering-architekten.de\/de\/buero\/#breadcrumb"},"inLanguage":"de","potentialAction":[{"@type":"ReadAction","target":["https:\/\/doering-architekten.de\/de\/buero\/"]}]},{"@type":"BreadcrumbList","@id":"https:\/\/doering-architekten.de\/de\/buero\/#breadcrumb","itemListElement":[{"@type":"ListItem","position":1,"name":"Home","item":"https:\/\/doering-architekten.de\/de\/"},{"@type":"ListItem","position":2,"name":"B\u00fcro"}]},{"@type":"WebSite","@id":"https:\/\/doering-architekten.de\/en\/#website","url":"https:\/\/doering-architekten.de\/en\/","name":"GEORG D\u00d6RING ARCHITEKTEN D\u00dcSSELDORF","description":"","potentialAction":[{"@type":"SearchAction","target":{"@type":"EntryPoint","urlTemplate":"https:\/\/doering-architekten.de\/en\/?s={search_term_string}"},"query-input":{"@type":"PropertyValueSpecification","valueRequired":true,"valueName":"search_term_string"}}],"inLanguage":"de"}]}},"_links":{"self":[{"href":"https:\/\/doering-architekten.de\/de\/wp-json\/wp\/v2\/pages\/22","targetHints":{"allow":["GET"]}}],"collection":[{"href":"https:\/\/doering-architekten.de\/de\/wp-json\/wp\/v2\/pages"}],"about":[{"href":"https:\/\/doering-architekten.de\/de\/wp-json\/wp\/v2\/types\/page"}],"author":[{"embeddable":true,"href":"https:\/\/doering-architekten.de\/de\/wp-json\/wp\/v2\/users\/2"}],"replies":[{"embeddable":true,"href":"https:\/\/doering-architekten.de\/de\/wp-json\/wp\/v2\/comments?post=22"}],"version-history":[{"count":6,"href":"https:\/\/doering-architekten.de\/de\/wp-json\/wp\/v2\/pages\/22\/revisions"}],"predecessor-version":[{"id":3071,"href":"https:\/\/doering-architekten.de\/de\/wp-json\/wp\/v2\/pages\/22\/revisions\/3071"}],"wp:attachment":[{"href":"https:\/\/doering-architekten.de\/de\/wp-json\/wp\/v2\/media?parent=22"}],"curies":[{"name":"wp","href":"https:\/\/api.w.org\/{rel}","templated":true}]}}