{"id":2330,"date":"2021-01-23T14:41:33","date_gmt":"2021-01-23T13:41:33","guid":{"rendered":"https:\/\/doering-architekten.de\/de\/?page_id=2330"},"modified":"2021-01-28T18:51:30","modified_gmt":"2021-01-28T17:51:30","slug":"wohnen-mit-aussicht","status":"publish","type":"page","link":"https:\/\/doering-architekten.de\/de\/wohnen-mit-aussicht-2\/","title":{"rendered":"Wohnen mit Aussicht"},"content":{"rendered":"<div class=\"wpb-content-wrapper\"><p>[vc_row][vc_column width=&#8220;1\/6&#8243;][\/vc_column][vc_column width=&#8220;2\/3&#8243;]<article id=\"zpmg-project-description-69e596b9bfdfe\" style=\"\" class=\"zp-element zp-vs-element zpmg-project-description \"><h1 class=\"zpmg-text-header-1\">Wohnen mit Aussicht<\/h1><h2 class=\"zpmg-text-header-2\">Ein- und Mehrfamilienh\u00e4user in D\u00fcsselodrf<\/h1><div class=\"zpmg-text-content-1\"><p>Am Rhein im D\u00fcsseldorfer Norden soll ein Ensemble von drei Wohnh\u00e4usern, bestehend aus zwei freistehende Einfamilienh\u00e4user und einem Mehrfamilienhaus mit Tiefgarage, in einer zusammenh\u00e4ngenden Architektursprache von hoher und moderner Qualit\u00e4t errichtet werden. Ziel ist ein Gesamterlebnis von gro\u00dfer urbaner und landschaftlicher Dichte, gepaart mit fantastischen Aussichten auf den Rhein zu generieren.<\/p>\n<\/div><\/article>[\/vc_column][vc_column width=&#8220;1\/6&#8243;][\/vc_column][\/vc_row][vc_row][vc_column width=&#8220;1\/6&#8243;][\/vc_column][vc_column width=&#8220;2\/3&#8243;]<div id=\"zpmg-image-69e596b9c00b7\" class=\"zp-element zp-equalheight zp-vs-element zpmg-image zpmg-greyscale  \" style=\"background:url(https:\/\/doering-architekten.de\/wp-content\/uploads\/Harfid_Bockumer_Cam01_V4.jpg); background-size:cover;background-position:center center; \">\n\t\t\t\t<img loading=\"lazy\" decoding=\"async\" width=\"1200\" height=\"849\" src=\"https:\/\/doering-architekten.de\/wp-content\/uploads\/Harfid_Bockumer_Cam01_V4.jpg\" class=\"zpmg-image-inner\" alt=\"\" srcset=\"https:\/\/doering-architekten.de\/wp-content\/uploads\/Harfid_Bockumer_Cam01_V4.jpg 1200w, https:\/\/doering-architekten.de\/wp-content\/uploads\/Harfid_Bockumer_Cam01_V4-300x212.jpg 300w, https:\/\/doering-architekten.de\/wp-content\/uploads\/Harfid_Bockumer_Cam01_V4-768x543.jpg 768w, https:\/\/doering-architekten.de\/wp-content\/uploads\/Harfid_Bockumer_Cam01_V4-1024x724.jpg 1024w, https:\/\/doering-architekten.de\/wp-content\/uploads\/Harfid_Bockumer_Cam01_V4-647x458.jpg 647w, https:\/\/doering-architekten.de\/wp-content\/uploads\/Harfid_Bockumer_Cam01_V4-550x389.jpg 550w, https:\/\/doering-architekten.de\/wp-content\/uploads\/Harfid_Bockumer_Cam01_V4-950x672.jpg 950w\" sizes=\"auto, (max-width: 1200px) 100vw, 1200px\" \/>\n\t\t\t\t<\/div>[\/vc_column][vc_column width=&#8220;1\/6&#8243;][\/vc_column][\/vc_row][vc_row][vc_column width=&#8220;1\/6&#8243;][\/vc_column][vc_column width=&#8220;2\/3&#8243;]<div id=\"zpmg-image-69e596b9c02d4\" class=\"zp-element zp-equalheight zp-vs-element zpmg-image zpmg-greyscale  \" style=\"background:url(https:\/\/doering-architekten.de\/wp-content\/uploads\/Harfid_Bockumer_Cam06_V4.jpg); background-size:cover;background-position:center center; \">\n\t\t\t\t<img loading=\"lazy\" decoding=\"async\" width=\"1200\" height=\"849\" src=\"https:\/\/doering-architekten.de\/wp-content\/uploads\/Harfid_Bockumer_Cam06_V4.jpg\" class=\"zpmg-image-inner\" alt=\"\" srcset=\"https:\/\/doering-architekten.de\/wp-content\/uploads\/Harfid_Bockumer_Cam06_V4.jpg 1200w, https:\/\/doering-architekten.de\/wp-content\/uploads\/Harfid_Bockumer_Cam06_V4-300x212.jpg 300w, https:\/\/doering-architekten.de\/wp-content\/uploads\/Harfid_Bockumer_Cam06_V4-768x543.jpg 768w, https:\/\/doering-architekten.de\/wp-content\/uploads\/Harfid_Bockumer_Cam06_V4-1024x724.jpg 1024w, https:\/\/doering-architekten.de\/wp-content\/uploads\/Harfid_Bockumer_Cam06_V4-647x458.jpg 647w, https:\/\/doering-architekten.de\/wp-content\/uploads\/Harfid_Bockumer_Cam06_V4-550x389.jpg 550w, https:\/\/doering-architekten.de\/wp-content\/uploads\/Harfid_Bockumer_Cam06_V4-950x672.jpg 950w\" sizes=\"auto, (max-width: 1200px) 100vw, 1200px\" \/>\n\t\t\t\t<\/div>[\/vc_column][vc_column width=&#8220;1\/6&#8243;][\/vc_column][\/vc_row][vc_row][vc_column width=&#8220;1\/6&#8243;][\/vc_column][vc_column width=&#8220;2\/3&#8243;]<div id=\"zpmg-image-69e596b9c047c\" class=\"zp-element zp-equalheight zp-vs-element zpmg-image zpmg-greyscale  \" style=\"background:url(https:\/\/doering-architekten.de\/wp-content\/uploads\/Harfid_Bockumer_Cam07_V2_ohne.jpg); background-size:cover;background-position:center center; \">\n\t\t\t\t<img loading=\"lazy\" decoding=\"async\" width=\"1200\" height=\"849\" src=\"https:\/\/doering-architekten.de\/wp-content\/uploads\/Harfid_Bockumer_Cam07_V2_ohne.jpg\" class=\"zpmg-image-inner\" alt=\"\" srcset=\"https:\/\/doering-architekten.de\/wp-content\/uploads\/Harfid_Bockumer_Cam07_V2_ohne.jpg 1200w, https:\/\/doering-architekten.de\/wp-content\/uploads\/Harfid_Bockumer_Cam07_V2_ohne-300x212.jpg 300w, https:\/\/doering-architekten.de\/wp-content\/uploads\/Harfid_Bockumer_Cam07_V2_ohne-768x543.jpg 768w, https:\/\/doering-architekten.de\/wp-content\/uploads\/Harfid_Bockumer_Cam07_V2_ohne-1024x724.jpg 1024w, https:\/\/doering-architekten.de\/wp-content\/uploads\/Harfid_Bockumer_Cam07_V2_ohne-647x458.jpg 647w, https:\/\/doering-architekten.de\/wp-content\/uploads\/Harfid_Bockumer_Cam07_V2_ohne-550x389.jpg 550w, https:\/\/doering-architekten.de\/wp-content\/uploads\/Harfid_Bockumer_Cam07_V2_ohne-950x672.jpg 950w\" sizes=\"auto, (max-width: 1200px) 100vw, 1200px\" \/>\n\t\t\t\t<\/div>[\/vc_column][vc_column width=&#8220;1\/6&#8243;][\/vc_column][\/vc_row]<\/p>\n<\/div>","protected":false},"excerpt":{"rendered":"<p>[vc_row][vc_column width=&#8220;1\/6&#8243;][\/vc_column][vc_column width=&#8220;2\/3&#8243;][\/vc_column][vc_column width=&#8220;1\/6&#8243;][\/vc_column][\/vc_row][vc_row][vc_column width=&#8220;1\/6&#8243;][\/vc_column][vc_column width=&#8220;2\/3&#8243;][\/vc_column][vc_column width=&#8220;1\/6&#8243;][\/vc_column][\/vc_row][vc_row][vc_column width=&#8220;1\/6&#8243;][\/vc_column][vc_column width=&#8220;2\/3&#8243;][\/vc_column][vc_column width=&#8220;1\/6&#8243;][\/vc_column][\/vc_row][vc_row][vc_column width=&#8220;1\/6&#8243;][\/vc_column][vc_column width=&#8220;2\/3&#8243;][\/vc_column][vc_column width=&#8220;1\/6&#8243;][\/vc_column][\/vc_row]<\/p>\n","protected":false},"author":9,"featured_media":0,"parent":0,"menu_order":0,"comment_status":"closed","ping_status":"closed","template":"","meta":{"_acf_changed":false,"_monsterinsights_skip_tracking":false,"_monsterinsights_sitenote_active":false,"_monsterinsights_sitenote_note":"","_monsterinsights_sitenote_category":0,"footnotes":""},"class_list":["post-2330","page","type-page","status-publish","hentry"],"acf":[],"yoast_head":"<!-- This site is optimized with the Yoast SEO plugin v26.5 - https:\/\/yoast.com\/wordpress\/plugins\/seo\/ -->\n<title>Wohnen mit Aussicht | GEORG D\u00d6RING ARCHITEKTEN D\u00dcSSELDORF<\/title>\n<meta name=\"robots\" content=\"index, follow, max-snippet:-1, max-image-preview:large, max-video-preview:-1\" \/>\n<link rel=\"canonical\" href=\"https:\/\/doering-architekten.de\/en\/wohnen-mit-aussicht-2\/\" \/>\n<meta name=\"twitter:card\" content=\"summary_large_image\" \/>\n<meta name=\"twitter:title\" content=\"Wohnen mit Aussicht | GEORG D\u00d6RING ARCHITEKTEN D\u00dcSSELDORF\" \/>\n<meta name=\"twitter:description\" content=\"[vc_row][vc_column width=&#8220;1\/6&#8243;][\/vc_column][vc_column width=&#8220;2\/3&#8243;][\/vc_column][vc_column width=&#8220;1\/6&#8243;][\/vc_column][\/vc_row][vc_row][vc_column width=&#8220;1\/6&#8243;][\/vc_column][vc_column width=&#8220;2\/3&#8243;][\/vc_column][vc_column width=&#8220;1\/6&#8243;][\/vc_column][\/vc_row][vc_row][vc_column width=&#8220;1\/6&#8243;][\/vc_column][vc_column width=&#8220;2\/3&#8243;][\/vc_column][vc_column width=&#8220;1\/6&#8243;][\/vc_column][\/vc_row][vc_row][vc_column width=&#8220;1\/6&#8243;][\/vc_column][vc_column width=&#8220;2\/3&#8243;][\/vc_column][vc_column width=&#8220;1\/6&#8243;][\/vc_column][\/vc_row]\" \/>\n<meta name=\"twitter:label1\" content=\"Gesch\u00e4tzte Lesezeit\" \/>\n\t<meta name=\"twitter:data1\" content=\"2\u00a0Minuten\" \/>\n<script type=\"application\/ld+json\" class=\"yoast-schema-graph\">{\"@context\":\"https:\/\/schema.org\",\"@graph\":[{\"@type\":\"WebPage\",\"@id\":\"https:\/\/doering-architekten.de\/en\/wohnen-mit-aussicht-2\/\",\"url\":\"https:\/\/doering-architekten.de\/en\/wohnen-mit-aussicht-2\/\",\"name\":\"Wohnen mit Aussicht | GEORG D\u00d6RING ARCHITEKTEN D\u00dcSSELDORF\",\"isPartOf\":{\"@id\":\"https:\/\/doering-architekten.de\/en\/#website\"},\"datePublished\":\"2021-01-23T13:41:33+00:00\",\"dateModified\":\"2021-01-28T17:51:30+00:00\",\"breadcrumb\":{\"@id\":\"https:\/\/doering-architekten.de\/en\/wohnen-mit-aussicht-2\/#breadcrumb\"},\"inLanguage\":\"de\",\"potentialAction\":[{\"@type\":\"ReadAction\",\"target\":[\"https:\/\/doering-architekten.de\/en\/wohnen-mit-aussicht-2\/\"]}]},{\"@type\":\"BreadcrumbList\",\"@id\":\"https:\/\/doering-architekten.de\/en\/wohnen-mit-aussicht-2\/#breadcrumb\",\"itemListElement\":[{\"@type\":\"ListItem\",\"position\":1,\"name\":\"Home\",\"item\":\"https:\/\/doering-architekten.de\/de\/\"},{\"@type\":\"ListItem\",\"position\":2,\"name\":\"Live with a view\"}]},{\"@type\":\"WebSite\",\"@id\":\"https:\/\/doering-architekten.de\/en\/#website\",\"url\":\"https:\/\/doering-architekten.de\/en\/\",\"name\":\"GEORG D\u00d6RING ARCHITEKTEN D\u00dcSSELDORF\",\"description\":\"\",\"potentialAction\":[{\"@type\":\"SearchAction\",\"target\":{\"@type\":\"EntryPoint\",\"urlTemplate\":\"https:\/\/doering-architekten.de\/en\/?s={search_term_string}\"},\"query-input\":{\"@type\":\"PropertyValueSpecification\",\"valueRequired\":true,\"valueName\":\"search_term_string\"}}],\"inLanguage\":\"de\"}]}<\/script>\n<!-- \/ Yoast SEO plugin. -->","yoast_head_json":{"title":"Wohnen mit Aussicht | GEORG D\u00d6RING ARCHITEKTEN D\u00dcSSELDORF","robots":{"index":"index","follow":"follow","max-snippet":"max-snippet:-1","max-image-preview":"max-image-preview:large","max-video-preview":"max-video-preview:-1"},"canonical":"https:\/\/doering-architekten.de\/en\/wohnen-mit-aussicht-2\/","twitter_card":"summary_large_image","twitter_title":"Wohnen mit Aussicht | GEORG D\u00d6RING ARCHITEKTEN D\u00dcSSELDORF","twitter_description":"[vc_row][vc_column width=&#8220;1\/6&#8243;][\/vc_column][vc_column width=&#8220;2\/3&#8243;][\/vc_column][vc_column width=&#8220;1\/6&#8243;][\/vc_column][\/vc_row][vc_row][vc_column width=&#8220;1\/6&#8243;][\/vc_column][vc_column width=&#8220;2\/3&#8243;][\/vc_column][vc_column width=&#8220;1\/6&#8243;][\/vc_column][\/vc_row][vc_row][vc_column width=&#8220;1\/6&#8243;][\/vc_column][vc_column width=&#8220;2\/3&#8243;][\/vc_column][vc_column width=&#8220;1\/6&#8243;][\/vc_column][\/vc_row][vc_row][vc_column width=&#8220;1\/6&#8243;][\/vc_column][vc_column width=&#8220;2\/3&#8243;][\/vc_column][vc_column width=&#8220;1\/6&#8243;][\/vc_column][\/vc_row]","twitter_misc":{"Gesch\u00e4tzte Lesezeit":"2\u00a0Minuten"},"schema":{"@context":"https:\/\/schema.org","@graph":[{"@type":"WebPage","@id":"https:\/\/doering-architekten.de\/en\/wohnen-mit-aussicht-2\/","url":"https:\/\/doering-architekten.de\/en\/wohnen-mit-aussicht-2\/","name":"Wohnen mit Aussicht | GEORG D\u00d6RING ARCHITEKTEN D\u00dcSSELDORF","isPartOf":{"@id":"https:\/\/doering-architekten.de\/en\/#website"},"datePublished":"2021-01-23T13:41:33+00:00","dateModified":"2021-01-28T17:51:30+00:00","breadcrumb":{"@id":"https:\/\/doering-architekten.de\/en\/wohnen-mit-aussicht-2\/#breadcrumb"},"inLanguage":"de","potentialAction":[{"@type":"ReadAction","target":["https:\/\/doering-architekten.de\/en\/wohnen-mit-aussicht-2\/"]}]},{"@type":"BreadcrumbList","@id":"https:\/\/doering-architekten.de\/en\/wohnen-mit-aussicht-2\/#breadcrumb","itemListElement":[{"@type":"ListItem","position":1,"name":"Home","item":"https:\/\/doering-architekten.de\/de\/"},{"@type":"ListItem","position":2,"name":"Live with a view"}]},{"@type":"WebSite","@id":"https:\/\/doering-architekten.de\/en\/#website","url":"https:\/\/doering-architekten.de\/en\/","name":"GEORG D\u00d6RING ARCHITEKTEN D\u00dcSSELDORF","description":"","potentialAction":[{"@type":"SearchAction","target":{"@type":"EntryPoint","urlTemplate":"https:\/\/doering-architekten.de\/en\/?s={search_term_string}"},"query-input":{"@type":"PropertyValueSpecification","valueRequired":true,"valueName":"search_term_string"}}],"inLanguage":"de"}]}},"_links":{"self":[{"href":"https:\/\/doering-architekten.de\/de\/wp-json\/wp\/v2\/pages\/2330","targetHints":{"allow":["GET"]}}],"collection":[{"href":"https:\/\/doering-architekten.de\/de\/wp-json\/wp\/v2\/pages"}],"about":[{"href":"https:\/\/doering-architekten.de\/de\/wp-json\/wp\/v2\/types\/page"}],"author":[{"embeddable":true,"href":"https:\/\/doering-architekten.de\/de\/wp-json\/wp\/v2\/users\/9"}],"replies":[{"embeddable":true,"href":"https:\/\/doering-architekten.de\/de\/wp-json\/wp\/v2\/comments?post=2330"}],"version-history":[{"count":3,"href":"https:\/\/doering-architekten.de\/de\/wp-json\/wp\/v2\/pages\/2330\/revisions"}],"predecessor-version":[{"id":2337,"href":"https:\/\/doering-architekten.de\/de\/wp-json\/wp\/v2\/pages\/2330\/revisions\/2337"}],"wp:attachment":[{"href":"https:\/\/doering-architekten.de\/de\/wp-json\/wp\/v2\/media?parent=2330"}],"curies":[{"name":"wp","href":"https:\/\/api.w.org\/{rel}","templated":true}]}}