{"id":2563,"date":"2022-05-18T10:09:56","date_gmt":"2022-05-18T08:09:56","guid":{"rendered":"https:\/\/doering-architekten.de\/de\/?page_id=2563"},"modified":"2022-09-16T14:41:04","modified_gmt":"2022-09-16T12:41:04","slug":"neues-wohnen-im-oberbruch","status":"publish","type":"page","link":"https:\/\/doering-architekten.de\/de\/neues-wohnen-im-oberbruch\/","title":{"rendered":"Neues Wohnen im Oberbruch"},"content":{"rendered":"<div class=\"wpb-content-wrapper\"><p>[vc_row][vc_column offset=&#8220;vc_col-lg-offset-3 vc_col-lg-6 vc_col-sm-offset-0&#8243;][vc_empty_space height=&#8220;80px&#8220;]<article id=\"zpmg-project-description-69e26f8a361e7\" style=\"\" class=\"zp-element zp-vs-element zpmg-project-description \"><h1 class=\"zpmg-text-header-1\">NEUES WOHNEN IN OBERBRUCH<\/h1><h2 class=\"zpmg-text-header-2\">NEUBAU VON 110- UND SANIERUNG VON 28 WOHNUNGEN<\/h1><div class=\"zpmg-text-content-1\"><p>Wir planen in eine bestehende Werkssiedlung aus den 20er \u2013 und 30er Jahren des letzten Jahrhunderts neun neue Mehrfamilienh\u00e4user gem. KFW55 und sanieren die sieben Bestandsmehrfamilienh\u00e4user incl. Umwandlung von deren Dachfl\u00e4chen in Wohnraum.<\/p>\n<\/div><\/article>[\/vc_column][\/vc_row][vc_row][vc_column][vc_single_image image=&#8220;2481&#8243; img_size=&#8220;full&#8220; alignment=&#8220;center&#8220;][vc_empty_space height=&#8220;30px&#8220;][vc_single_image image=&#8220;2564&#8243; img_size=&#8220;full&#8220; alignment=&#8220;center&#8220;][vc_empty_space height=&#8220;30px&#8220;][vc_single_image image=&#8220;2592&#8243; img_size=&#8220;full&#8220; alignment=&#8220;center&#8220;][\/vc_column][\/vc_row]<\/p>\n<\/div>","protected":false},"excerpt":{"rendered":"<p>[vc_row][vc_column offset=&#8220;vc_col-lg-offset-3 vc_col-lg-6 vc_col-sm-offset-0&#8243;][vc_empty_space height=&#8220;80px&#8220;][\/vc_column][\/vc_row][vc_row][vc_column][vc_single_image image=&#8220;2481&#8243; img_size=&#8220;full&#8220; alignment=&#8220;center&#8220;][vc_empty_space height=&#8220;30px&#8220;][vc_single_image image=&#8220;2564&#8243; img_size=&#8220;full&#8220; alignment=&#8220;center&#8220;][vc_empty_space height=&#8220;30px&#8220;][vc_single_image image=&#8220;2592&#8243; img_size=&#8220;full&#8220; alignment=&#8220;center&#8220;][\/vc_column][\/vc_row]<\/p>\n","protected":false},"author":1,"featured_media":0,"parent":0,"menu_order":0,"comment_status":"closed","ping_status":"closed","template":"","meta":{"_acf_changed":false,"_monsterinsights_skip_tracking":false,"_monsterinsights_sitenote_active":false,"_monsterinsights_sitenote_note":"","_monsterinsights_sitenote_category":0,"footnotes":""},"class_list":["post-2563","page","type-page","status-publish","hentry"],"acf":[],"yoast_head":"<!-- This site is optimized with the Yoast SEO plugin v26.5 - https:\/\/yoast.com\/wordpress\/plugins\/seo\/ -->\n<title>Neues Wohnen im Oberbruch | GEORG D\u00d6RING ARCHITEKTEN D\u00dcSSELDORF<\/title>\n<meta name=\"robots\" content=\"index, follow, max-snippet:-1, max-image-preview:large, max-video-preview:-1\" \/>\n<link rel=\"canonical\" href=\"https:\/\/doering-architekten.de\/en\/neues-wohnen-im-oberbruch\/\" \/>\n<meta name=\"twitter:card\" content=\"summary_large_image\" \/>\n<meta name=\"twitter:title\" content=\"Neues Wohnen im Oberbruch | GEORG D\u00d6RING ARCHITEKTEN D\u00dcSSELDORF\" \/>\n<meta name=\"twitter:description\" content=\"[vc_row][vc_column offset=&#8220;vc_col-lg-offset-3 vc_col-lg-6 vc_col-sm-offset-0&#8243;][vc_empty_space height=&#8220;80px&#8220;][\/vc_column][\/vc_row][vc_row][vc_column][vc_single_image image=&#8220;2481&#8243; img_size=&#8220;full&#8220; alignment=&#8220;center&#8220;][vc_empty_space height=&#8220;30px&#8220;][vc_single_image image=&#8220;2564&#8243; img_size=&#8220;full&#8220; alignment=&#8220;center&#8220;][vc_empty_space height=&#8220;30px&#8220;][vc_single_image image=&#8220;2592&#8243; img_size=&#8220;full&#8220; alignment=&#8220;center&#8220;][\/vc_column][\/vc_row]\" \/>\n<meta name=\"twitter:label1\" content=\"Gesch\u00e4tzte Lesezeit\" \/>\n\t<meta name=\"twitter:data1\" content=\"1\u00a0Minute\" \/>\n<script type=\"application\/ld+json\" class=\"yoast-schema-graph\">{\"@context\":\"https:\/\/schema.org\",\"@graph\":[{\"@type\":\"WebPage\",\"@id\":\"https:\/\/doering-architekten.de\/en\/neues-wohnen-im-oberbruch\/\",\"url\":\"https:\/\/doering-architekten.de\/en\/neues-wohnen-im-oberbruch\/\",\"name\":\"Neues Wohnen im Oberbruch | GEORG D\u00d6RING ARCHITEKTEN D\u00dcSSELDORF\",\"isPartOf\":{\"@id\":\"https:\/\/doering-architekten.de\/en\/#website\"},\"datePublished\":\"2022-05-18T08:09:56+00:00\",\"dateModified\":\"2022-09-16T12:41:04+00:00\",\"breadcrumb\":{\"@id\":\"https:\/\/doering-architekten.de\/en\/neues-wohnen-im-oberbruch\/#breadcrumb\"},\"inLanguage\":\"de\",\"potentialAction\":[{\"@type\":\"ReadAction\",\"target\":[\"https:\/\/doering-architekten.de\/en\/neues-wohnen-im-oberbruch\/\"]}]},{\"@type\":\"BreadcrumbList\",\"@id\":\"https:\/\/doering-architekten.de\/en\/neues-wohnen-im-oberbruch\/#breadcrumb\",\"itemListElement\":[{\"@type\":\"ListItem\",\"position\":1,\"name\":\"Home\",\"item\":\"https:\/\/doering-architekten.de\/de\/\"},{\"@type\":\"ListItem\",\"position\":2,\"name\":\"Neues Wohnen im Oberbruch\"}]},{\"@type\":\"WebSite\",\"@id\":\"https:\/\/doering-architekten.de\/en\/#website\",\"url\":\"https:\/\/doering-architekten.de\/en\/\",\"name\":\"GEORG D\u00d6RING ARCHITEKTEN D\u00dcSSELDORF\",\"description\":\"\",\"potentialAction\":[{\"@type\":\"SearchAction\",\"target\":{\"@type\":\"EntryPoint\",\"urlTemplate\":\"https:\/\/doering-architekten.de\/en\/?s={search_term_string}\"},\"query-input\":{\"@type\":\"PropertyValueSpecification\",\"valueRequired\":true,\"valueName\":\"search_term_string\"}}],\"inLanguage\":\"de\"}]}<\/script>\n<!-- \/ Yoast SEO plugin. -->","yoast_head_json":{"title":"Neues Wohnen im Oberbruch | GEORG D\u00d6RING ARCHITEKTEN D\u00dcSSELDORF","robots":{"index":"index","follow":"follow","max-snippet":"max-snippet:-1","max-image-preview":"max-image-preview:large","max-video-preview":"max-video-preview:-1"},"canonical":"https:\/\/doering-architekten.de\/en\/neues-wohnen-im-oberbruch\/","twitter_card":"summary_large_image","twitter_title":"Neues Wohnen im Oberbruch | GEORG D\u00d6RING ARCHITEKTEN D\u00dcSSELDORF","twitter_description":"[vc_row][vc_column offset=&#8220;vc_col-lg-offset-3 vc_col-lg-6 vc_col-sm-offset-0&#8243;][vc_empty_space height=&#8220;80px&#8220;][\/vc_column][\/vc_row][vc_row][vc_column][vc_single_image image=&#8220;2481&#8243; img_size=&#8220;full&#8220; alignment=&#8220;center&#8220;][vc_empty_space height=&#8220;30px&#8220;][vc_single_image image=&#8220;2564&#8243; img_size=&#8220;full&#8220; alignment=&#8220;center&#8220;][vc_empty_space height=&#8220;30px&#8220;][vc_single_image image=&#8220;2592&#8243; img_size=&#8220;full&#8220; alignment=&#8220;center&#8220;][\/vc_column][\/vc_row]","twitter_misc":{"Gesch\u00e4tzte Lesezeit":"1\u00a0Minute"},"schema":{"@context":"https:\/\/schema.org","@graph":[{"@type":"WebPage","@id":"https:\/\/doering-architekten.de\/en\/neues-wohnen-im-oberbruch\/","url":"https:\/\/doering-architekten.de\/en\/neues-wohnen-im-oberbruch\/","name":"Neues Wohnen im Oberbruch | GEORG D\u00d6RING ARCHITEKTEN D\u00dcSSELDORF","isPartOf":{"@id":"https:\/\/doering-architekten.de\/en\/#website"},"datePublished":"2022-05-18T08:09:56+00:00","dateModified":"2022-09-16T12:41:04+00:00","breadcrumb":{"@id":"https:\/\/doering-architekten.de\/en\/neues-wohnen-im-oberbruch\/#breadcrumb"},"inLanguage":"de","potentialAction":[{"@type":"ReadAction","target":["https:\/\/doering-architekten.de\/en\/neues-wohnen-im-oberbruch\/"]}]},{"@type":"BreadcrumbList","@id":"https:\/\/doering-architekten.de\/en\/neues-wohnen-im-oberbruch\/#breadcrumb","itemListElement":[{"@type":"ListItem","position":1,"name":"Home","item":"https:\/\/doering-architekten.de\/de\/"},{"@type":"ListItem","position":2,"name":"Neues Wohnen im Oberbruch"}]},{"@type":"WebSite","@id":"https:\/\/doering-architekten.de\/en\/#website","url":"https:\/\/doering-architekten.de\/en\/","name":"GEORG D\u00d6RING ARCHITEKTEN D\u00dcSSELDORF","description":"","potentialAction":[{"@type":"SearchAction","target":{"@type":"EntryPoint","urlTemplate":"https:\/\/doering-architekten.de\/en\/?s={search_term_string}"},"query-input":{"@type":"PropertyValueSpecification","valueRequired":true,"valueName":"search_term_string"}}],"inLanguage":"de"}]}},"_links":{"self":[{"href":"https:\/\/doering-architekten.de\/de\/wp-json\/wp\/v2\/pages\/2563","targetHints":{"allow":["GET"]}}],"collection":[{"href":"https:\/\/doering-architekten.de\/de\/wp-json\/wp\/v2\/pages"}],"about":[{"href":"https:\/\/doering-architekten.de\/de\/wp-json\/wp\/v2\/types\/page"}],"author":[{"embeddable":true,"href":"https:\/\/doering-architekten.de\/de\/wp-json\/wp\/v2\/users\/1"}],"replies":[{"embeddable":true,"href":"https:\/\/doering-architekten.de\/de\/wp-json\/wp\/v2\/comments?post=2563"}],"version-history":[{"count":6,"href":"https:\/\/doering-architekten.de\/de\/wp-json\/wp\/v2\/pages\/2563\/revisions"}],"predecessor-version":[{"id":2598,"href":"https:\/\/doering-architekten.de\/de\/wp-json\/wp\/v2\/pages\/2563\/revisions\/2598"}],"wp:attachment":[{"href":"https:\/\/doering-architekten.de\/de\/wp-json\/wp\/v2\/media?parent=2563"}],"curies":[{"name":"wp","href":"https:\/\/api.w.org\/{rel}","templated":true}]}}