{"id":26,"date":"2015-11-06T20:28:47","date_gmt":"2015-11-06T19:28:47","guid":{"rendered":"http:\/\/website.doering-architekten.de\/?page_id=26"},"modified":"2025-04-01T14:00:12","modified_gmt":"2025-04-01T12:00:12","slug":"impressum","status":"publish","type":"page","link":"https:\/\/doering-architekten.de\/de\/impressum\/","title":{"rendered":"Impressum"},"content":{"rendered":"<div class=\"wpb-content-wrapper\"><p>[vc_row][vc_column css=&#8220;.vc_custom_1449483087099{margin-bottom: -150px !important;}&#8220;]<h3 id=\"zpmg-text-69e4f6eb4ecbd\" style=\"\" class=\"zp-element zpmg-text-header-1 zp-vs-element zpmg-text   zp-text-family-orator     \"><p>Impressum<\/p>\n<\/h3>[\/vc_column][\/vc_row][vc_row][vc_column width=&#8220;2\/3&#8243;]<div id=\"zpmg-text-69e4f6eb4ee6a\" style=\"\" class=\"zp-element   zpmg-text        \"><p><strong>Datenschutzerkl\u00e4rung<\/strong><\/p>\n<p>Wir, Georg D\u00f6ring Architekten, nehmen den Schutz Ihrer pers\u00f6nlichen Daten sehr ernst und halten uns strikt an die Regeln der Datenschutzgesetze. Personenbezogene Daten werden auf dieser Webseite nur im technisch notwendigen Umfang erhoben. In keinem Fall werden die erhobenen Daten verkauft oder aus anderen Gr\u00fcnden an Dritte weitergegeben.<\/p>\n<p>Die nachfolgende Erkl\u00e4rung gibt Ihnen einen \u00dcberblick dar\u00fcber, wie wir diesen Schutz gew\u00e4hrleisten und welche Art von Daten zu welchem Zweck erhoben werden.<\/p>\n<\/div><div id=\"zpmg-text-69e4f6eb4ef49\" style=\"\" class=\"zp-element   zpmg-text        \"><p><strong>Datenschutzerkl\u00e4rung f\u00fcr die Nutzung von\u00a0Google Analytics<\/strong><\/p>\n<p>Diese Website benutzt Google Analytics, einen Webanalysedienst der Google Inc.\u00a0(\u201eGoogle\u201c). Google Analytics verwendet sog. \u201eCookies\u201c, Textdateien, die auf Ihrem\u00a0Computer gespeichert werden und die eine Analyse der Benutzung der Website durch Sie\u00a0erm\u00f6glichen. Die durch den Cookie erzeugten Informationen \u00fcber Ihre Benutzung dieser\u00a0Website werden in der Regel an einen Server von Google in den USA \u00fcbertragen und dort\u00a0gespeichert. Im Falle der Aktivierung der IP-Anonymisierung auf dieser Webseite wird Ihre\u00a0IP-Adresse von Google jedoch innerhalb von Mitgliedstaaten der Europ\u00e4ischen Union oder\u00a0in anderen Vertragsstaaten des Abkommens \u00fcber den Europ\u00e4ischen Wirtschaftsraum zuvor\u00a0gek\u00fcrzt.<\/p>\n<p>Nur in Ausnahmef\u00e4llen wird die volle IP-Adresse an einen Server von Google in den USA\u00a0\u00fcbertragen und dort gek\u00fcrzt. Im Auftrag des Betreibers dieser Website wird Google diese\u00a0Informationen benutzen, um Ihre Nutzung der Website auszuwerten, um Reports \u00fcber die\u00a0Websiteaktivit\u00e4ten zusammenzustellen und um weitere mit der Websitenutzung und der\u00a0Internetnutzung verbundene Dienstleistungen gegen\u00fcber dem Websitebetreiber zu erbringen.\u00a0Die im Rahmen von Google Analytics von Ihrem Browser \u00fcbermittelte IP-Adresse wird nicht\u00a0mit anderen Daten von Google zusammengef\u00fchrt.<\/p>\n<p>Sie k\u00f6nnen die Speicherung der Cookies durch eine entsprechende Einstellung Ihrer Browser-Software verhindern; wir weisen Sie jedoch darauf hin, dass Sie in diesem Fall gegebenenfalls\u00a0nicht s\u00e4mtliche Funktionen dieser Website vollumf\u00e4nglich werden nutzen k\u00f6nnen. Sie\u00a0k\u00f6nnen dar\u00fcber hinaus die Erfassung der durch das Cookie erzeugten und auf Ihre Nutzung\u00a0der Website bezogenen Daten (inkl. Ihrer IP-Adresse) an Google sowie die Verarbeitung\u00a0dieser Daten durch Google verhindern, indem sie das unter dem folgenden Link verf\u00fcgbare\u00a0Browser-Plugin herunterladen und installieren:\u00a0<a href=\"http:\/\/tools.google.com\/dlpage\/gaoptout?hl=de\" target=\"_blank\" rel=\"noopener noreferrer\">http:\/\/tools.google.com\/dlpage\/gaoptout?hl=de<\/a>.<\/p>\n<\/div><div id=\"zpmg-text-69e4f6eb4f050\" style=\"\" class=\"zp-element   zpmg-text        \"><p><strong>Disclaimer<\/strong><br \/>\nDie Informationen auf dieser Internetseite dienen der Darstellung des B\u00fcros Georg D\u00f6ring Architekten.<br \/>\nGeorg D\u00f6ring Architekten \u00fcbernimmt keine Haftung f\u00fcr die Aktualit\u00e4t, Richtigkeit und Vollst\u00e4ndigkeit der auf dieser Internetseite bereitgestellten Informationen. Gleiches gilt f\u00fcr den Inhalt externer Internetseiten, auf die diese Seite \u00fcber Hyperlinks direkt oder indirekt verweist und auf die Georg D\u00f6ring Architekten keinen Einfluss hat.<br \/>\nWir begr\u00fc\u00dfen es sehr, wenn unsere Homepage verlinkt wird, allerdings m\u00f6chten wir ausdr\u00fccklich betonen, dass wir keinerlei Einfluss auf die Gestaltung und die Inhalte der aktiv oder passiv gelinkten Seiten haben. Deshalb distanzieren wir uns ausdr\u00fccklich von den Inhalten aller so gelinkten Seiten dieser Homepages. Diese Erkl\u00e4rung gilt f\u00fcr alle auf unserer Homepage von uns selbst angebrachten Links (aktiver Link) und alle Homepages, auf denen der Link zu uns (passiver Link) angebracht wurde sowie f\u00fcr alle Inhalte der Seiten, zu denen die Banner f\u00fchren.<\/p>\n<\/div><div id=\"zpmg-text-69e4f6eb4f123\" style=\"\" class=\"zp-element   zpmg-text        \"><p><strong>Konzept, Design und Umsetzung<\/strong><br \/>\nZWEIPRO Kommunikationsdesign<br \/>\nKreativagentur f\u00fcr visuelle Markenidentit\u00e4t<br \/>\nD\u00fcsseldorf<\/p>\n<p><a href=\"http:\/\/www.zweipro.de\" target=\"_blank\" rel=\"noopener noreferrer\">www.zweipro.de<\/a><\/p>\n<p>&nbsp;<\/p>\n<p><strong>Sprache<\/strong><br \/>\nWhat&#8217;s Cooking, Axel Schult, D\u00fcsseldorf<\/p>\n<p>&nbsp;<\/p>\n<p><strong>Foto<\/strong><br \/>\nMichael Reisch, D\u00fcsseldorf<br \/>\n<a href=\"http:\/\/www.michaelreisch.com\">www.michaelreisch.com<\/a><\/p>\n<\/div>[\/vc_column][vc_column width=&#8220;1\/3&#8243;]<div id=\"zpmg-text-69e4f6eb4f227\" style=\"\" class=\"zp-element  zp-vs-element zpmg-text        \"><\/p>\n<p>Georg D\u00f6ring Architekten BDA<\/p>\n<p>Georg D\u00f6ring Architekten GmbH<br \/>\nBenzenbergstra\u00dfe\u00a043<br \/>\n40219\u00a0D\u00fcsseldorf<br \/>\nTelefon\u00a00211 &#8211; 83 69 112<br \/>\nTelefax\u00a00211 &#8211; 83 69 113<br \/>\n<a href=\"mailto:info@doering-architekten.de\">info@doering-architekten.de<\/a><\/p>\n<\/div><div id=\"zpmg-text-69e4f6eb4f30a\" style=\"\" class=\"zp-element  zp-vs-element zpmg-text        \"><\/p>\n<p class=\"p1\">Amtsgericht D\u00fcsseldorf<\/p>\n<p class=\"p1\">HRB 106196<\/p>\n<p>\n<\/div><div id=\"zpmg-text-69e4f6eb4f3d0\" style=\"\" class=\"zp-element  zp-vs-element zpmg-text        \"><\/p>\n<p>Angaben\u00a0nach \u00a76\u00a0TDG:<br \/>\nGeorg D\u00f6ring ist\u00a0eingetragener\u00a0Architekt\u00a0in\u00a0der\u00a0Architektenkammer NRW.<br \/>\nDieBerufsbezeichnung\u00a0wurde\u00a0in NRW verliehen.<br \/>\nBerufsrechtliche Regelungen wie\u00a0das Baukammergesetz\u00a0(BAUKAG NRW)\u00a0und die Satzung der Architektenkammer NRW sind im Internet unter www.aknw.de einzusehen.<br \/>\nSt.Id.Zeichnungen, Fotos und Texte sind urheberrechtlich gesch\u00fctzt<\/p>\n<p>\u00a9 2015<\/p>\n<\/div>[\/vc_column][\/vc_row]<\/p>\n<\/div>","protected":false},"excerpt":{"rendered":"<p>[vc_row][vc_column css=&#8220;.vc_custom_1449483087099{margin-bottom: -150px !important;}&#8220;][\/vc_column][\/vc_row][vc_row][vc_column width=&#8220;2\/3&#8243;][\/vc_column][vc_column width=&#8220;1\/3&#8243;][\/vc_column][\/vc_row]<\/p>\n","protected":false},"author":2,"featured_media":0,"parent":0,"menu_order":6,"comment_status":"closed","ping_status":"closed","template":"","meta":{"_acf_changed":false,"_monsterinsights_skip_tracking":false,"_monsterinsights_sitenote_active":false,"_monsterinsights_sitenote_note":"","_monsterinsights_sitenote_category":0,"footnotes":""},"class_list":["post-26","page","type-page","status-publish","hentry"],"acf":[],"yoast_head":"<!-- This site is optimized with the Yoast SEO plugin v26.5 - https:\/\/yoast.com\/wordpress\/plugins\/seo\/ -->\n<title>Impressum | GEORG D\u00d6RING ARCHITEKTEN D\u00dcSSELDORF<\/title>\n<meta name=\"robots\" content=\"index, follow, max-snippet:-1, max-image-preview:large, max-video-preview:-1\" \/>\n<link rel=\"canonical\" href=\"https:\/\/doering-architekten.de\/de\/impressum\/\" \/>\n<meta name=\"twitter:card\" content=\"summary_large_image\" \/>\n<meta name=\"twitter:title\" content=\"Impressum | GEORG D\u00d6RING ARCHITEKTEN D\u00dcSSELDORF\" \/>\n<meta name=\"twitter:description\" content=\"[vc_row][vc_column css=&#8220;.vc_custom_1449483087099{margin-bottom: -150px !important;}&#8220;][\/vc_column][\/vc_row][vc_row][vc_column width=&#8220;2\/3&#8243;][\/vc_column][vc_column width=&#8220;1\/3&#8243;][\/vc_column][\/vc_row]\" \/>\n<meta name=\"twitter:label1\" content=\"Gesch\u00e4tzte Lesezeit\" \/>\n\t<meta name=\"twitter:data1\" content=\"4\u00a0Minuten\" \/>\n<script type=\"application\/ld+json\" class=\"yoast-schema-graph\">{\"@context\":\"https:\/\/schema.org\",\"@graph\":[{\"@type\":\"WebPage\",\"@id\":\"https:\/\/doering-architekten.de\/de\/impressum\/\",\"url\":\"https:\/\/doering-architekten.de\/de\/impressum\/\",\"name\":\"Impressum | GEORG D\u00d6RING ARCHITEKTEN D\u00dcSSELDORF\",\"isPartOf\":{\"@id\":\"https:\/\/doering-architekten.de\/en\/#website\"},\"datePublished\":\"2015-11-06T19:28:47+00:00\",\"dateModified\":\"2025-04-01T12:00:12+00:00\",\"breadcrumb\":{\"@id\":\"https:\/\/doering-architekten.de\/de\/impressum\/#breadcrumb\"},\"inLanguage\":\"de\",\"potentialAction\":[{\"@type\":\"ReadAction\",\"target\":[\"https:\/\/doering-architekten.de\/de\/impressum\/\"]}]},{\"@type\":\"BreadcrumbList\",\"@id\":\"https:\/\/doering-architekten.de\/de\/impressum\/#breadcrumb\",\"itemListElement\":[{\"@type\":\"ListItem\",\"position\":1,\"name\":\"Home\",\"item\":\"https:\/\/doering-architekten.de\/de\/\"},{\"@type\":\"ListItem\",\"position\":2,\"name\":\"Impressum\"}]},{\"@type\":\"WebSite\",\"@id\":\"https:\/\/doering-architekten.de\/en\/#website\",\"url\":\"https:\/\/doering-architekten.de\/en\/\",\"name\":\"GEORG D\u00d6RING ARCHITEKTEN D\u00dcSSELDORF\",\"description\":\"\",\"potentialAction\":[{\"@type\":\"SearchAction\",\"target\":{\"@type\":\"EntryPoint\",\"urlTemplate\":\"https:\/\/doering-architekten.de\/en\/?s={search_term_string}\"},\"query-input\":{\"@type\":\"PropertyValueSpecification\",\"valueRequired\":true,\"valueName\":\"search_term_string\"}}],\"inLanguage\":\"de\"}]}<\/script>\n<!-- \/ Yoast SEO plugin. -->","yoast_head_json":{"title":"Impressum | GEORG D\u00d6RING ARCHITEKTEN D\u00dcSSELDORF","robots":{"index":"index","follow":"follow","max-snippet":"max-snippet:-1","max-image-preview":"max-image-preview:large","max-video-preview":"max-video-preview:-1"},"canonical":"https:\/\/doering-architekten.de\/de\/impressum\/","twitter_card":"summary_large_image","twitter_title":"Impressum | GEORG D\u00d6RING ARCHITEKTEN D\u00dcSSELDORF","twitter_description":"[vc_row][vc_column css=&#8220;.vc_custom_1449483087099{margin-bottom: -150px !important;}&#8220;][\/vc_column][\/vc_row][vc_row][vc_column width=&#8220;2\/3&#8243;][\/vc_column][vc_column width=&#8220;1\/3&#8243;][\/vc_column][\/vc_row]","twitter_misc":{"Gesch\u00e4tzte Lesezeit":"4\u00a0Minuten"},"schema":{"@context":"https:\/\/schema.org","@graph":[{"@type":"WebPage","@id":"https:\/\/doering-architekten.de\/de\/impressum\/","url":"https:\/\/doering-architekten.de\/de\/impressum\/","name":"Impressum | GEORG D\u00d6RING ARCHITEKTEN D\u00dcSSELDORF","isPartOf":{"@id":"https:\/\/doering-architekten.de\/en\/#website"},"datePublished":"2015-11-06T19:28:47+00:00","dateModified":"2025-04-01T12:00:12+00:00","breadcrumb":{"@id":"https:\/\/doering-architekten.de\/de\/impressum\/#breadcrumb"},"inLanguage":"de","potentialAction":[{"@type":"ReadAction","target":["https:\/\/doering-architekten.de\/de\/impressum\/"]}]},{"@type":"BreadcrumbList","@id":"https:\/\/doering-architekten.de\/de\/impressum\/#breadcrumb","itemListElement":[{"@type":"ListItem","position":1,"name":"Home","item":"https:\/\/doering-architekten.de\/de\/"},{"@type":"ListItem","position":2,"name":"Impressum"}]},{"@type":"WebSite","@id":"https:\/\/doering-architekten.de\/en\/#website","url":"https:\/\/doering-architekten.de\/en\/","name":"GEORG D\u00d6RING ARCHITEKTEN D\u00dcSSELDORF","description":"","potentialAction":[{"@type":"SearchAction","target":{"@type":"EntryPoint","urlTemplate":"https:\/\/doering-architekten.de\/en\/?s={search_term_string}"},"query-input":{"@type":"PropertyValueSpecification","valueRequired":true,"valueName":"search_term_string"}}],"inLanguage":"de"}]}},"_links":{"self":[{"href":"https:\/\/doering-architekten.de\/de\/wp-json\/wp\/v2\/pages\/26","targetHints":{"allow":["GET"]}}],"collection":[{"href":"https:\/\/doering-architekten.de\/de\/wp-json\/wp\/v2\/pages"}],"about":[{"href":"https:\/\/doering-architekten.de\/de\/wp-json\/wp\/v2\/types\/page"}],"author":[{"embeddable":true,"href":"https:\/\/doering-architekten.de\/de\/wp-json\/wp\/v2\/users\/2"}],"replies":[{"embeddable":true,"href":"https:\/\/doering-architekten.de\/de\/wp-json\/wp\/v2\/comments?post=26"}],"version-history":[{"count":5,"href":"https:\/\/doering-architekten.de\/de\/wp-json\/wp\/v2\/pages\/26\/revisions"}],"predecessor-version":[{"id":3112,"href":"https:\/\/doering-architekten.de\/de\/wp-json\/wp\/v2\/pages\/26\/revisions\/3112"}],"wp:attachment":[{"href":"https:\/\/doering-architekten.de\/de\/wp-json\/wp\/v2\/media?parent=26"}],"curies":[{"name":"wp","href":"https:\/\/api.w.org\/{rel}","templated":true}]}}