{"id":20,"date":"2015-11-06T20:27:58","date_gmt":"2015-11-06T19:27:58","guid":{"rendered":"http:\/\/website.doering-architekten.de\/?page_id=20"},"modified":"2026-04-15T17:07:26","modified_gmt":"2026-04-15T15:07:26","slug":"publikationen","status":"publish","type":"page","link":"https:\/\/doering-architekten.de\/en\/publications\/","title":{"rendered":"Publikationen"},"content":{"rendered":"<div class=\"wpb-content-wrapper\"><p>[vc_row][vc_column][vc_column_text][\/vc_column_text][\/vc_column][\/vc_row][vc_row css=&#8221;.vc_custom_1449750648553{padding-bottom: 200px !important;}&#8221;][vc_column offset=&#8221;vc_col-lg-offset-1 vc_col-lg-10 vc_col-md-offset-0 vc_col-md-12&#8243; el_id=&#8221;liste-pub&#8221;]<div id=\"zpmg-text-69e1b72d0e985\" style=\"\" class=\"zp-element zpmg-text-header-1 zp-vs-element zpmg-text        \"><p>Publikationen<\/p>\n<\/div><div id=\"zpmg-text-69e1b72d0eb80\" style=\"\" class=\"zp-element zpmg-text-list-1 zp-vs-element zpmg-text  list-pub      \"><p><strong>Magazin<\/strong><\/p>\n<ul>\n<li><a href=\"https:\/\/www.cube-magazin.de\/digitale-print-ausgaben\/#flipbook-duesseldorf\/66\/\" target=\"_blank\" rel=\"noopener\">CUBE &#8211; Magazine &#8211; Edition 4\/2025, b1 communication GmbH<\/a><\/li>\n<li>DAB &#8211; Edition 4\/2025, HANDELSBLATT MEDIA GROUP GmbH 2025<\/li>\n<li>CUBE Select &#8211; Magazine &#8211; Edition 1\/2025, b1 communication GmbH<\/li>\n<li><a href=\"https:\/\/www.cube-magazin.de\/magazin-duesseldorf\/#flipbook-duesseldorf\/1\/\" target=\"_blank\" rel=\"noopener\">CUBE &#8211; Magazine &#8211; Edition 4\/2024, b1 communication GmbH<\/a><\/li>\n<li>ARCHITURA region K\u00f6ln\/Bonn &#8211; Magazine &#8211; Edition 2\/2024, Aufwind GmbH<\/li>\n<li><a href=\"https:\/\/www.cube-magazin.de\/pub\/duesseldorf\/2024_01\/36\/\">CUBE D\u00fcsseldorf &#8211; Magazin &#8211;\u00a0 Ausgabe 1\/2024, b1 communication GmbH<\/a><\/li>\n<li>CUBE Select &#8211; Magazin &#8211; Ausgabe 3\/2023, b1 communication GmbH<\/li>\n<li><a href=\"https:\/\/www.cube-magazin.de\/pub\/duesseldorf\/2023_02\/18\/\">CUBE D\u00fcsseldorf &#8211; Magazin &#8211;\u00a0 Ausgabe 2\/2023, b1 communication GmbH<\/a><\/li>\n<li>Inspiration Design Architektur! &#8211; Magazin &#8211; Ausgabe 2\/2023, medienhausbrandenburger gbr<\/li>\n<li><a href=\"https:\/\/www.architura.de\/gelungene-transformation.aspx\">ARCHITURA Region K\u00f6ln\/Bonn &#8211; Magazin &#8211; Ausgabe 2\/2022, Aufwind GmbH<\/a><\/li>\n<li><a href=\"https:\/\/doering-architekten.de\/wp-content\/uploads\/150925-Masse-Klasse-Zweifamilienhaus-Duesseldorf.pdf\">Architektur international &#8211; Magazin &#8211; Ausgabe 4\/2022, b+b Medien GmbH<\/a><\/li>\n<li><a href=\"https:\/\/www.architura.de\/html\/epaper\/Architura_KB_Ausgabe_0122\/index.html#0\">ARCHITURA Region K\u00f6ln\/Bonn &#8211; Magazin &#8211; Ausgabe 1\/2022, Aufwind GmbH<\/a><\/li>\n<li><a href=\"https:\/\/www.cube-magazin.de\/pub\/duesseldorf\/2021_03\/\" target=\"_blank\" rel=\"noopener\">CUBE D\u00fcsseldorf &#8211; Magazin &#8211; Ausgabe 3\/2021, b1 Communication GmbH<\/a><\/li>\n<li><a href=\"https:\/\/www.cube-magazin.de\/pub\/select\/2021_03\/\" target=\"_blank\" rel=\"noopener noreferrer\">CUBE SELECT &#8211; Magazin &#8211; Ausgabe 3\/2021, b1 Communication GmbH<\/a><\/li>\n<li><a href=\"https:\/\/www.cube-magazin.de\/pub\/duesseldorf\/2021_02\/\" target=\"_blank\" rel=\"noopener\">CUBE D\u00fcsseldorf &#8211; Magazin &#8211; Ausgabe 2\/2021, b1 Communication GmbH<\/a><\/li>\n<li><a href=\"https:\/\/www.schoener-wohnen.de\/heft\/36729-schoener-wohnen-06-2019\" target=\"_blank\" rel=\"noopener noreferrer\">SCH\u00d6NER WOHNEN &#8211; Ausgabe 6\/2019,\u00a0G+J Living Digital GmbH<\/a><\/li>\n<li><a href=\"https:\/\/www.cube-magazin.de\/pub\/select\/2019_01\/\" target=\"_blank\" rel=\"noopener noreferrer\">CUBE SELECT &#8211; Magazin &#8211; Ausgabe 1\/2019, b1 Communication GmbH<\/a><\/li>\n<li><a href=\"https:\/\/www.cube-magazin.de\/magazin\/ruhrgebiet\/artikel\/es-muss-nicht-immer-weiss-sein?c=33\" target=\"_blank\" rel=\"noopener noreferrer\">CUBE &#8211; Magazin &#8211; Ausgabe 4\/2018, b1 Communication GmbH<\/a><\/li>\n<li><a href=\"https:\/\/www.cube-magazin.de\/pub\/duesseldorf\/2018_02\/8\/\" target=\"_blank\" rel=\"noopener noreferrer\">CUBE &#8211; Magazin &#8211; Ausgabe 2\/2018, b1 Communication GmbH<\/a><\/li>\n<li><a href=\"https:\/\/vfmk.org\/de\/shop\/100-deutsche-haeuser-2018\" target=\"_blank\" rel=\"noopener noreferrer\">100 Deutsche H\u00e4user &#8211; Ausgabe 2017\/2018 &#8211;\u00a0100 Medien GmbH<\/a><\/li>\n<li><a href=\"https:\/\/www.bauemotion.de\/ratgeber\/\" target=\"_blank\" rel=\"noopener noreferrer\">Ratgeber &#8211; Ideen und\u00a0L\u00f6sungen f\u00fcr Ihr Zuhause &#8211; Heinze GmbH<\/a><\/li>\n<li><a href=\"http:\/\/www.stylusmagazin.de\/\" target=\"_blank\" rel=\"noopener noreferrer\">stylus &#8211; Das Metropolmagazin \/ D\u00fcsseldorf &#8211; Ausgabe 3\/2017, Metropol Media GmbH<\/a><\/li>\n<li><a href=\"http:\/\/www.cube-magazin.de\/essen\/einfamilienhaus_architektur\/ein-bisschen-kalifornien.html\" target=\"_blank\" rel=\"noopener noreferrer\">CUBE &#8211; Magazin \u2013 \u00a0Ausgabe 3\/2017,\u00a0 b1 Communication GmbH<\/a><\/li>\n<li><a href=\"http:\/\/www.cube-magazin.de\/essen\/einfamilienhaus_architektur\/spiel-mit-masse-und-licht.html\" target=\"_blank\" rel=\"noopener noreferrer\">CUBE &#8211; Magazin \u2013 \u00a0Ausgabe 2\/2017,\u00a0 b1 Communication GmbH<\/a><\/li>\n<li><a href=\"http:\/\/www.ipm-verlag.de\/de\/startseite\/magazine\/casa-deco\/\" target=\"_blank\" rel=\"noopener noreferrer\">CASA DECO, modern Wohnen \u2013 Ausgabe 2\/17 April\/Mai\/Juni, ipm magazin-verlag GmbH<\/a><\/li>\n<li>H\u00c4USER \u2013 Sonderausgabe 2016, Die 100 besten Architekten f\u00fcr Ihr Zuhause, Gruner + Jahr AG\u00a0&amp; CO.\u00a0KG<\/li>\n<li><a href=\"http:\/\/www.schoener-wohnen.de\/heft\/28928-haeuser-06-2016\" target=\"_blank\" rel=\"noopener noreferrer\">H\u00c4USER \u2013 Das Magazin f\u00fcr Architektur &amp; Design\u00a0\u2014 Ausgabe 6\/2016, Gruner + Jahr AG\u00a0&amp; CO.\u00a0KG<\/a><\/li>\n<li>H\u00c4USER \u2013 Das Magazin f\u00fcr Architektur &amp; Design\u00a0\u2014 Ausgabe 3\/2016, Gruner+ Jahr AG\u00a0&amp; CO.\u00a0KG<\/li>\n<li><a href=\"http:\/\/www.home-mag.com\" target=\"_blank\" rel=\"noopener noreferrer\">H.O.M.E, das Designmagazin zum Wohlf\u00fchlen!<\/a> \u2014\u00a0Ausgabe 6\/2015, Redaktion: ahead media GmbH, Schlesische Strasse 29-30, 10997 Berlin<\/li>\n<li><a href=\"http:\/\/www.casamia-magazin.de\" target=\"_blank\" rel=\"noopener noreferrer\">Casamia<\/a>\u00a0 \u2014 Ausgabe 6\/2015, Redaktion: Compact Publishing\u00a0GmbH<\/li>\n<li><a href=\"http:\/\/www.stylus-international.com\" target=\"_blank\" rel=\"noopener noreferrer\">Stylus, das Magazin f\u00fcr Architektur, Wohn- und Lebensstil<\/a> \u2013 Ausgabe 3\/2013, Eedaktion: Stylus Publishing UG, Wellersbergplatz 1, 59427 Unna<\/li>\n<li><a href=\"http:\/\/www.homesandlifestyle.at\/magazine\/\" target=\"_blank\" rel=\"noopener noreferrer\">Homes\u00a0&amp;\u00a0Lifestyle Magazine,\u00a0Architecture\u00a0&amp;\u00a0Design,\u00a0Luxury Estates,\u00a0Living\u00a0&amp;\u00a0Lifestyle<\/a> \u2013 Ausgabe 3\/2013, Redaktion: Travel &amp; Lifestyle Media \u2013 Event GmbH, 1010 Wien<\/li>\n<li><a href=\"http:\/\/www.cube-magazin.de\/duesseldorf\/einfamilienhaus_architektur\/minimalistisch-mit-ausblick.html\" target=\"_blank\" rel=\"noopener noreferrer\">CUBE <\/a>&#8211; Magazin \u2013 \u00a0Ausgabe 1\/2013,\u00a0 b1 Communication GmbH<\/li>\n<li>H\u00e4user, das Magazin f\u00fcr Architektur &amp; Design \u2013 \u00a0Ausgabe 1\/2013, Gruner+ Jahr ag &amp; CO. KG<\/li>\n<li><a href=\"http:\/\/www.casamia-magazin.de\" target=\"_blank\" rel=\"noopener noreferrer\">Casamia<\/a>\u00a0 \u2014 Ausgabe 4\/2012 Oktober\/November, Redaktion: Compact Publishing\u00a0GmbH<\/li>\n<li><a href=\"http:\/\/www.casamia-magazin.de\" target=\"_blank\" rel=\"noopener noreferrer\">Casamia<\/a>\u00a0 \u2014 Ausgabe 3\/2012 August\/September, Redaktion:\u00a0Compact Publishing GmbH<\/li>\n<li>SCH\u00d6NER WOHNEN\u00a0\u2014 Ausgabe 9\/2007, Gruner+ Jahr ag &amp; CO.\u00a0KG<\/li>\n<\/ul>\n<p>\n<\/div><div id=\"zpmg-text-69e1b72d0ee0b\" style=\"\" class=\"zp-element zpmg-text-list-1 zp-vs-element zpmg-text        \"><\/p>\n<p>&nbsp;<\/p>\n<p>\n<\/div><div id=\"zpmg-text-69e1b72d0eed4\" style=\"\" class=\"zp-element zpmg-text-list-1 zp-vs-element zpmg-text  list-pub      \"><p><strong>Buch<\/strong><\/p>\n<ul>\n<li><a href=\"https:\/\/doering-architekten.de\/wp-content\/uploads\/Ausgezeichneter-Wohnungsbau-2024_Bestellformular.pdf\">Ausgezeichneter Wohnungsbau 2024 \/ Callwey Verlag \/ Roland Pawlitschko \/ ISBN: 978-3-7667-2722-0<\/a><\/li>\n<li><a href=\"https:\/\/doering-architekten.de\/wp-content\/uploads\/Haeuser-des-Jahres-2024_Bestellformular.pdf\">H\u00e4user des Jahres 2024 \/ Callwey Verlag \/ Claire Beermann, Eva Maria Herrmann \/ ISBN: 978-3-7667-2712-1<\/a><\/li>\n<li><a href=\"https:\/\/www.deutscher-architektur-verlag.de\/edition100\/zuhause.html\">Zuhause.: Planen.Gestalten.Leben. Edition 1:100 &#8211; Deutscher Architektur Verlag, ISBN 978-3-946154-68-6<\/a><\/li>\n<li><a href=\"https:\/\/www.braun-publishing.ch\/de\/architektur\/old-becomes-new.html\" target=\"_blank\" rel=\"noopener\">Old becomes New: Housing Transformation &#8211; Braun Publishing, <span class=\"label\">ISBN <\/span><span id=\"sku-409352\" class=\"value\">9783037682753<\/span><\/a><\/li>\n<li><a href=\"https:\/\/www.ffpublishers.de\/produkt\/leben-in-der-stadt-urbaner-geschosswohnungsbau\/\">Leben in der Stadt Urbaner Geschosswohnungsbau &#8211; ff publishers, ISBN 978-3-945539-22-4<\/a><\/li>\n<li><a href=\"https:\/\/www.braun-publishing.ch\/en\/architecture\/villa-design.html\" target=\"_blank\" rel=\"noopener noreferrer\">Villa Design &#8211; Braun Publishing, ISBN 978-3-03768-263-0<\/a><\/li>\n<li><a href=\"https:\/\/www.braun-publishing.ch\/de\/innenarchitektur\/my-private-spa.html\" target=\"_blank\" rel=\"noopener noreferrer\">My Private Spa &#8211; Braun Publishing, ISBN\u00a0978-3037682456<\/a><\/li>\n<li><a href=\"https:\/\/bda-bund.de\/2018\/09\/baukultur-in-nrw-2016-architekturpreis-nordrhein-westfalen-2015-2\/\" target=\"_blank\" rel=\"noopener noreferrer\">Baukultur in NRW\u00a0&#8211; Architekturpreis 2019 \/ Verlag der Buchhandlung Walther K\u00f6nig,\u00a0ISBN 978-3-96098-431-3<\/a><\/li>\n<li><a href=\"https:\/\/www.braun-publishing.ch\/de\/architektur\/makeover.html\" target=\"_blank\" rel=\"noopener noreferrer\">MAKEOVER &#8211; Conversions and Extensions of Homes and Residental Spaces \/ Braun, ISBN 978-3-03768-234-0<\/a><\/li>\n<li><a href=\"https:\/\/www.randomhouse.de\/Buch\/Haeuser-nach-Mass-Der-optimale-Grundriss\/Bettina-Hintze\/DVA-Bildband\/e536771.rhd\" target=\"_blank\" rel=\"noopener noreferrer\">H\u00e4user nach Mass &#8211; Der optimale Grundriss\u00a0\/ DVA , ISBN 978-3-421-04105-0<\/a><\/li>\n<li><a href=\"https:\/\/www.callwey.de\/buecher\/haeuser-des-jahres-2017\/\" target=\"_blank\" rel=\"noopener noreferrer\">H\u00e4user des Jahres 2017 &#8211; Die besten Einfamilienh\u00e4suer \/ Callwey Verlag, ISBN 978-3-7667-2278-2\u00a0<\/a><\/li>\n<li><a href=\"https:\/\/www.buchhandlung-walther-koenig.de\/koenig2\/index.php?mode=details&amp;showcase=1&amp;art=1561797\" target=\"_blank\" rel=\"noopener noreferrer\">Die Kunst der Kuben \u2013 Georg D\u00f6ring \/ Verlag der Buchhandlung Walther K\u00f6nig, ISBN 978-3-96098-117-6<\/a><\/li>\n<li><a href=\"https:\/\/www.randomhouse.de\/Paperback\/55-Traumhaeuser\/Bettina-Hintze\/DVA-Bildband\/e508792.rhd#info-comment\" target=\"_blank\" rel=\"noopener noreferrer\">55 Traumh\u00e4user \u2013\u00a0Best of H\u00c4USER-Award\u00a0\/ DVA, ISBN 978-3-421-04040-4<\/a><\/li>\n<li><a href=\"https:\/\/www.callwey.de\/buecher\/grundriss-atlas-einfamilienhaus\/\" target=\"_blank\" rel=\"noopener noreferrer\">Grundriss-Atlas Einfamilienhaus &#8211; 2016 \/ Callwey Verlag, ISBN 978-3-7667-2215-7<\/a><\/li>\n<li><a href=\"https:\/\/www.randomhouse.de\/Buch\/25-elegante-Wohnhaeuser\/Holger-Reiners\/DVA-Bildband\/e464985.rhd\" target=\"_blank\" rel=\"noopener noreferrer\">25 Elegante Wohnh\u00e4user, Holger Reiners\u00a0\/ DVA,\u00a0 ISBN 978-3-4210-3986-6<\/a><\/li>\n<li><a href=\"http:\/\/www.buch24.de\/1389193766-179484268\/shopdirekt.cgi?id=0&amp;p=&amp;t=searchresult.html&amp;h=&amp;f=ff&amp;limit=20&amp;sid=1&amp;static=0&amp;select=keyword&amp;keywords=ISBN+978-84-9936-921-1&amp;Suchen=Suche\" target=\"_blank\" rel=\"noopener noreferrer\">Moderne Privath\u00e4user \/\u00a0loft publications s.L., ISBN 978-84-9936-921-1<\/a><\/li>\n<li><a href=\"https:\/\/www.randomhouse.de\/Buch\/Haeuser-fuer-Familien-Wohnen-mit-Kindern\/Sandra-Hofmeister\/DVA-Bildband\/e410663.rhd\" target=\"_blank\" rel=\"noopener noreferrer\">H\u00e4user f\u00fcr Familien, Wohnen mit Kindern H\u00e4user Award \/ DVA, ISBN 978-3-421-03894-4<\/a><\/li>\n<li>Architekten in Nordrhein-Westfalen 4, Bauten + Projekte \/\u00a0Verlag Buch + Film p. Diemer, ISBN 3-933687-13-6<\/li>\n<li>Bauen + Wirtschaft, D\u00fcsseldorf 2004 Architektur der Region im Spiegel \/\u00a0Wirtschafts- und\u00a0Verlagsgesellschaft mbh, ISBN\u00a03-933927-63-3<\/li>\n<\/ul>\n<p>\n<\/div><div id=\"zpmg-text-69e1b72d0f0b5\" style=\"\" class=\"zp-element zpmg-text-list-1 zp-vs-element zpmg-text        \"><\/p>\n<p>&nbsp;<\/p>\n<p>\n<\/div><div id=\"zpmg-text-69e1b72d0f18b\" style=\"\" class=\"zp-element zpmg-text-list-1 zp-vs-element zpmg-text  list-pub      \"><p><strong>Digitale Ver\u00f6ffentlichung<\/strong><\/p>\n<ul>\n<li><a href=\"http:\/\/www.arcguide.de\/suche\/bueroprofil\/georg_doering_architekten_bda--5378.html#\" target=\"_blank\" rel=\"noopener noreferrer\">arcGUIDE<\/a><\/li>\n<li><a href=\"https:\/\/archello.com\/de\/brand\/georg-doring-architekten\" target=\"_blank\" rel=\"noopener noreferrer\">archello<\/a><\/li>\n<li><a href=\"http:\/\/www.baunetz.de\/architekten\/Georg_Doering_Architekten_BDA_projekte_5213976.html\" target=\"_blank\" rel=\"noopener noreferrer\">Baunetz<\/a><\/li>\n<li><a href=\"https:\/\/www.competitionline.com\/de\/projekte\/67521\" target=\"_blank\" rel=\"noopener noreferrer\">competitionline<\/a><\/li>\n<li><a href=\"http:\/\/bda-duesseldorf.de\/\" target=\"_blank\" rel=\"noopener noreferrer\">BDA D\u00fcsseldorf<\/a><\/li>\n<li><a href=\"http:\/\/architekturfinder-duesseldorf.de\/\" target=\"_blank\" rel=\"noopener noreferrer\">BDA Architektur Finder<\/a><\/li>\n<li><a href=\"https:\/\/www.heinze.de\/profil\/doering-georg\/12537047\" target=\"_blank\" rel=\"noopener noreferrer\">Architekten-Profil Heinze.de<\/a><\/li>\n<li><a href=\"https:\/\/www.houzz.de\/pro\/georgdoeringarchitektenbda\/georg-doering-architekten-bda\" target=\"_blank\" rel=\"noopener noreferrer\">Architekten-Profil bei Houzz.de<\/a><\/li>\n<li><a href=\"http:\/\/ait-online.de\/?id=1846\" target=\"_blank\" rel=\"noopener noreferrer\">AIT Online | Newsletter Artikel<\/a><\/li>\n<li><a href=\"http:\/\/www.german-architects.com\/de\/doering\" target=\"_blank\" rel=\"noopener noreferrer\">German-architects<\/a><\/li>\n<li><a href=\"https:\/\/www.instagram.com\/georgdoering.architekten\" target=\"_blank\" rel=\"noopener noreferrer\">Instagram<\/a><\/li>\n<li><a href=\"http:\/\/interioresminimalistas.com\/?s=d\u00f6ring\" target=\"_blank\" rel=\"noopener noreferrer\">Interiores minimalistas<\/a><\/li>\n<li><\/li>\n<\/ul>\n<p>\n<\/div><div id=\"zpmg-text-69e1b72d0f2da\" style=\"\" class=\"zp-element zpmg-text-list-1 zp-vs-element zpmg-text        \"><\/p>\n<p>&nbsp;<\/p>\n<p>\n<\/div><div id=\"zpmg-text-69e1b72d0f39d\" style=\"\" class=\"zp-element zpmg-text-list-1 zp-vs-element zpmg-text  list-pub      \"><p><strong>Auszeichnungen<\/strong><\/p>\n<ul>\n<li><a href=\"https:\/\/www.realestatearchitectureawards.com\/members\/georg-doring-architekten---doppelhaushalfte-in-dusseldorf-lorick\" target=\"_blank\" rel=\"noopener\">Real Estate &amp; Architecture Awards Winner 2026<\/a><\/li>\n<li>BIG SEE AWARD 2026 WINNER \u2014 Villa Pillebach<\/li>\n<li><a href=\"https:\/\/real-estate-architecture-awards-dev.webflow.io\/members\/georg-doring-architekten-einfamilienhaus-langenfeld\" target=\"_blank\" rel=\"noopener\">Real Estate &amp; Architecture Awards Winner 2025<\/a><\/li>\n<li>H\u00c4USER DES JAHRES 2024, die besten 50 Einfamilienh\u00e4user, Callwey-Verlag<\/li>\n<li>WOHNBAUTEN DES JAHRES 2024, Auszeichnung Generationenwohnen, Callwey-Verlag<\/li>\n<li><a href=\"https:\/\/www.german-design-award.com\/\" target=\"_blank\" rel=\"noopener noreferrer\">German Design Award 2019\u00a0&#8211;\u00a0Special Mention Architecture<\/a><\/li>\n<li><a href=\"http:\/\/www.iconic-architecture.com\/\" target=\"_blank\" rel=\"noopener noreferrer\">Iconic Awards 2018 &#8211; Innovative Architecture \/ Selection<\/a><\/li>\n<li>H\u00c4USER DES JAHRES 2017, die besten 50 Einfamilienh\u00e4user, Callwey-Verlag<\/li>\n<li><a href=\"https:\/\/www.houzz.de\/badges\/user\/georgdoeringarchitektenbda#houzzBadges?lt=hl\" target=\"_blank\" rel=\"noopener noreferrer\">BEST OF HOUZZ AWARD 2018<\/a><\/li>\n<li><a href=\"https:\/\/bda-bund.de\/awardpage\/preise\/\" target=\"_blank\" rel=\"noopener noreferrer\">Auszeichnung guter Bauten 2017 \/ Bund Deutscher Architekten M\u00fclheim<\/a><\/li>\n<li><a href=\"http:\/\/de.red-dot.org\/\" target=\"_blank\" rel=\"noopener noreferrer\">Winner &#8211; Red Dot Design Award 2017<\/a> f\u00fcr &#8220;Die Kunst der Kuben&#8221; zusammen mit Grossgestalten, K\u00f6ln<\/li>\n<li><a href=\"https:\/\/www.houzz.de\/badges\/user\/georgdoeringarchitektenbda#houzzBadges\" target=\"_blank\" rel=\"noopener noreferrer\">BEST OF HOUZZ AWARD 2017<\/a><\/li>\n<li><a href=\"http:\/\/www.haeuser-award.de\/awardhaeuser\/2013\" target=\"_blank\" rel=\"noopener noreferrer\">H\u00e4user-Award 2013,\u00a0Die besten Einfamilienh\u00e4user<\/a><\/li>\n<\/ul>\n<p>\n<\/div><div id=\"zpmg-text-69e1b72d0f500\" style=\"\" class=\"zp-element zpmg-text-list-1 zp-vs-element zpmg-text        \"><\/p>\n<p>&nbsp;<\/p>\n<p>\n<\/div><div id=\"zpmg-text-69e1b72d0f5ce\" style=\"\" class=\"zp-element zpmg-text-list-1 zp-vs-element zpmg-text  list-pub      \"><p><strong>Ausstellungen<\/strong><\/p>\n<ul>\n<li>\u201aBAUKUNST KUNSTBAU\u2018, Galerie Peter Tedden D\u00fcsseldorf, 05.07.2020\u2013 30.08.2020<\/li>\n<li>Ausstellung \u201aNEUE NEUE\u2018, BDA-Tag in FFM, \u00a021.\/22.06.2013<\/li>\n<\/ul>\n<p>\n<\/div>[\/vc_column][\/vc_row][vc_row][vc_column][vc_column_text][\/vc_column_text][\/vc_column][\/vc_row]<\/p>\n<\/div>","protected":false},"excerpt":{"rendered":"<p>[vc_row][vc_column][vc_column_text][\/vc_column_text][\/vc_column][\/vc_row][vc_row css=&#8221;.vc_custom_1449750648553{padding-bottom: 200px !important;}&#8221;][vc_column offset=&#8221;vc_col-lg-offset-1 vc_col-lg-10 vc_col-md-offset-0 vc_col-md-12&#8243; el_id=&#8221;liste-pub&#8221;][\/vc_column][\/vc_row][vc_row][vc_column][vc_column_text][\/vc_column_text][\/vc_column][\/vc_row]<\/p>\n","protected":false},"author":2,"featured_media":0,"parent":0,"menu_order":3,"comment_status":"closed","ping_status":"closed","template":"","meta":{"_acf_changed":false,"_monsterinsights_skip_tracking":false,"_monsterinsights_sitenote_active":false,"_monsterinsights_sitenote_note":"","_monsterinsights_sitenote_category":0,"footnotes":""},"class_list":["post-20","page","type-page","status-publish","hentry"],"acf":[],"yoast_head":"<!-- This site is optimized with the Yoast SEO plugin v26.5 - https:\/\/yoast.com\/wordpress\/plugins\/seo\/ -->\n<title>GEORG D\u00d6RING ARCHITEKTEN D\u00dcSSELDORF | Publikationen<\/title>\n<meta name=\"description\" content=\"Unsere Publikationen. Alle Artikel in Magazinen sowie B\u00fccher, Digitale Ver\u00f6ffentlichungen, TV Berichte und Auszeichnungen.\" \/>\n<meta name=\"robots\" content=\"index, follow, max-snippet:-1, max-image-preview:large, max-video-preview:-1\" \/>\n<link rel=\"canonical\" href=\"https:\/\/doering-architekten.de\/de\/publikationen\/\" \/>\n<meta name=\"twitter:card\" content=\"summary_large_image\" \/>\n<meta name=\"twitter:title\" content=\"GEORG D\u00d6RING ARCHITEKTEN D\u00dcSSELDORF | Publikationen\" \/>\n<meta name=\"twitter:description\" content=\"Unsere Publikationen. Alle Artikel in Magazinen sowie B\u00fccher, Digitale Ver\u00f6ffentlichungen, TV Berichte und Auszeichnungen.\" \/>\n<meta name=\"twitter:label1\" content=\"Est. reading time\" \/>\n\t<meta name=\"twitter:data1\" content=\"5 minutes\" \/>\n<script type=\"application\/ld+json\" class=\"yoast-schema-graph\">{\"@context\":\"https:\/\/schema.org\",\"@graph\":[{\"@type\":\"WebPage\",\"@id\":\"https:\/\/doering-architekten.de\/de\/publikationen\/\",\"url\":\"https:\/\/doering-architekten.de\/de\/publikationen\/\",\"name\":\"GEORG D\u00d6RING ARCHITEKTEN D\u00dcSSELDORF | Publikationen\",\"isPartOf\":{\"@id\":\"https:\/\/doering-architekten.de\/en\/#website\"},\"datePublished\":\"2015-11-06T19:27:58+00:00\",\"dateModified\":\"2026-04-15T15:07:26+00:00\",\"description\":\"Unsere Publikationen. Alle Artikel in Magazinen sowie B\u00fccher, Digitale Ver\u00f6ffentlichungen, TV Berichte und Auszeichnungen.\",\"breadcrumb\":{\"@id\":\"https:\/\/doering-architekten.de\/de\/publikationen\/#breadcrumb\"},\"inLanguage\":\"en-US\",\"potentialAction\":[{\"@type\":\"ReadAction\",\"target\":[\"https:\/\/doering-architekten.de\/de\/publikationen\/\"]}]},{\"@type\":\"BreadcrumbList\",\"@id\":\"https:\/\/doering-architekten.de\/de\/publikationen\/#breadcrumb\",\"itemListElement\":[{\"@type\":\"ListItem\",\"position\":1,\"name\":\"Home\",\"item\":\"https:\/\/doering-architekten.de\/de\/\"},{\"@type\":\"ListItem\",\"position\":2,\"name\":\"Publikationen\"}]},{\"@type\":\"WebSite\",\"@id\":\"https:\/\/doering-architekten.de\/en\/#website\",\"url\":\"https:\/\/doering-architekten.de\/en\/\",\"name\":\"GEORG D\u00d6RING ARCHITECTS\",\"description\":\"\",\"potentialAction\":[{\"@type\":\"SearchAction\",\"target\":{\"@type\":\"EntryPoint\",\"urlTemplate\":\"https:\/\/doering-architekten.de\/en\/?s={search_term_string}\"},\"query-input\":{\"@type\":\"PropertyValueSpecification\",\"valueRequired\":true,\"valueName\":\"search_term_string\"}}],\"inLanguage\":\"en-US\"}]}<\/script>\n<!-- \/ Yoast SEO plugin. -->","yoast_head_json":{"title":"GEORG D\u00d6RING ARCHITEKTEN D\u00dcSSELDORF | Publikationen","description":"Unsere Publikationen. Alle Artikel in Magazinen sowie B\u00fccher, Digitale Ver\u00f6ffentlichungen, TV Berichte und Auszeichnungen.","robots":{"index":"index","follow":"follow","max-snippet":"max-snippet:-1","max-image-preview":"max-image-preview:large","max-video-preview":"max-video-preview:-1"},"canonical":"https:\/\/doering-architekten.de\/de\/publikationen\/","twitter_card":"summary_large_image","twitter_title":"GEORG D\u00d6RING ARCHITEKTEN D\u00dcSSELDORF | Publikationen","twitter_description":"Unsere Publikationen. Alle Artikel in Magazinen sowie B\u00fccher, Digitale Ver\u00f6ffentlichungen, TV Berichte und Auszeichnungen.","twitter_misc":{"Est. reading time":"5 minutes"},"schema":{"@context":"https:\/\/schema.org","@graph":[{"@type":"WebPage","@id":"https:\/\/doering-architekten.de\/de\/publikationen\/","url":"https:\/\/doering-architekten.de\/de\/publikationen\/","name":"GEORG D\u00d6RING ARCHITEKTEN D\u00dcSSELDORF | Publikationen","isPartOf":{"@id":"https:\/\/doering-architekten.de\/en\/#website"},"datePublished":"2015-11-06T19:27:58+00:00","dateModified":"2026-04-15T15:07:26+00:00","description":"Unsere Publikationen. Alle Artikel in Magazinen sowie B\u00fccher, Digitale Ver\u00f6ffentlichungen, TV Berichte und Auszeichnungen.","breadcrumb":{"@id":"https:\/\/doering-architekten.de\/de\/publikationen\/#breadcrumb"},"inLanguage":"en-US","potentialAction":[{"@type":"ReadAction","target":["https:\/\/doering-architekten.de\/de\/publikationen\/"]}]},{"@type":"BreadcrumbList","@id":"https:\/\/doering-architekten.de\/de\/publikationen\/#breadcrumb","itemListElement":[{"@type":"ListItem","position":1,"name":"Home","item":"https:\/\/doering-architekten.de\/de\/"},{"@type":"ListItem","position":2,"name":"Publikationen"}]},{"@type":"WebSite","@id":"https:\/\/doering-architekten.de\/en\/#website","url":"https:\/\/doering-architekten.de\/en\/","name":"GEORG D\u00d6RING ARCHITECTS","description":"","potentialAction":[{"@type":"SearchAction","target":{"@type":"EntryPoint","urlTemplate":"https:\/\/doering-architekten.de\/en\/?s={search_term_string}"},"query-input":{"@type":"PropertyValueSpecification","valueRequired":true,"valueName":"search_term_string"}}],"inLanguage":"en-US"}]}},"_links":{"self":[{"href":"https:\/\/doering-architekten.de\/en\/wp-json\/wp\/v2\/pages\/20","targetHints":{"allow":["GET"]}}],"collection":[{"href":"https:\/\/doering-architekten.de\/en\/wp-json\/wp\/v2\/pages"}],"about":[{"href":"https:\/\/doering-architekten.de\/en\/wp-json\/wp\/v2\/types\/page"}],"author":[{"embeddable":true,"href":"https:\/\/doering-architekten.de\/en\/wp-json\/wp\/v2\/users\/2"}],"replies":[{"embeddable":true,"href":"https:\/\/doering-architekten.de\/en\/wp-json\/wp\/v2\/comments?post=20"}],"version-history":[{"count":6,"href":"https:\/\/doering-architekten.de\/en\/wp-json\/wp\/v2\/pages\/20\/revisions"}],"predecessor-version":[{"id":3197,"href":"https:\/\/doering-architekten.de\/en\/wp-json\/wp\/v2\/pages\/20\/revisions\/3197"}],"wp:attachment":[{"href":"https:\/\/doering-architekten.de\/en\/wp-json\/wp\/v2\/media?parent=20"}],"curies":[{"name":"wp","href":"https:\/\/api.w.org\/{rel}","templated":true}]}}