{"id":22,"date":"2015-11-06T20:28:13","date_gmt":"2015-11-06T19:28:13","guid":{"rendered":"http:\/\/website.doering-architekten.de\/?page_id=22"},"modified":"2025-03-28T20:04:24","modified_gmt":"2025-03-28T19:04:24","slug":"buero","status":"publish","type":"page","link":"https:\/\/doering-architekten.de\/en\/office\/","title":{"rendered":"Office"},"content":{"rendered":"<div class=\"wpb-content-wrapper\"><p>[vc_row][vc_column offset=&#8221;vc_col-lg-offset-1 vc_col-lg-10&#8243; css=&#8221;.vc_custom_1449424627933{margin-bottom: -100px !important;}&#8221;]<h1 id=\"zpmg-text-69df2239a385e\" style=\"\" class=\"zp-element zpmg-text-header-3  zpmg-text        \"><p>Our\u00a0firm\u00a0GEORG D\u00d6RING ARCHITECTS<\/p>\n<\/h1>[\/vc_column][\/vc_row][vc_row][vc_column width=&#8221;1\/2&#8243; offset=&#8221;vc_col-lg-offset-1 vc_col-lg-5&#8243;]<div id=\"zpmg-text-69df2239a3916\" style=\"\" class=\"zp-element   zpmg-text        \"><p>The architecture office established by Georg D\u00f6ring under the same name in 1999 is noted for the quality of its work in concept design, planning and realisation of individual buildings.<\/p>\n<\/div>[\/vc_column][vc_column width=&#8221;1\/2&#8243; offset=&#8221;vc_col-lg-5&#8243;]<div id=\"zpmg-text-69df2239a39cc\" style=\"\" class=\"zp-element   zpmg-text        \"><p>By integrating technical, economic, sociological and aesthetic factors and by employing and coordinating a wide range of specialists, we ensure that all planning (preliminary, draft, approval and executing planning), preparation and support in securing planning permission, building supervision, property management, coordination, artistic design, etc., are provided strictly according to the work contract agreed with the client.<br \/>\nWe also offer additional services such as interior design, tenancy planning, drafting room books, furniture design, etc.<\/p>\n<\/div>[\/vc_column][\/vc_row][vc_row][vc_column offset=&#8221;vc_col-lg-offset-1 vc_col-lg-10 vc_col-md-offset-1 vc_col-md-10&#8243; css=&#8221;.vc_custom_1449424661372{margin-top: -100px !important;margin-bottom: -100px !important;}&#8221;]<div id=\"zpmg-image-69df2239a3a88\" class=\"zp-element zp-equalheight  zpmg-image zpmg-greyscale  \" style=\"background:url(https:\/\/doering-architekten.de\/wp-content\/uploads\/Scan-51.png); background-size:cover;background-position:center center; \">\n\t\t\t\t<img loading=\"lazy\" decoding=\"async\" width=\"1177\" height=\"602\" src=\"https:\/\/doering-architekten.de\/wp-content\/uploads\/Scan-51.png\" class=\"zpmg-image-inner\" alt=\"\" srcset=\"https:\/\/doering-architekten.de\/wp-content\/uploads\/Scan-51.png 1177w, https:\/\/doering-architekten.de\/wp-content\/uploads\/Scan-51-300x153.png 300w, https:\/\/doering-architekten.de\/wp-content\/uploads\/Scan-51-1024x524.png 1024w, https:\/\/doering-architekten.de\/wp-content\/uploads\/Scan-51-768x393.png 768w, https:\/\/doering-architekten.de\/wp-content\/uploads\/Scan-51-700x358.png 700w, https:\/\/doering-architekten.de\/wp-content\/uploads\/Scan-51-550x281.png 550w, https:\/\/doering-architekten.de\/wp-content\/uploads\/Scan-51-950x486.png 950w\" sizes=\"auto, (max-width: 1177px) 100vw, 1177px\" \/>\n\t\t\t\t<\/div>[\/vc_column][\/vc_row][vc_row][vc_column width=&#8221;1\/3&#8243; offset=&#8221;vc_col-lg-offset-2 vc_col-lg-4 vc_col-md-offset-2 vc_col-md-4&#8243;][\/vc_column][vc_column width=&#8221;1\/3&#8243; offset=&#8221;vc_col-lg-3 vc_col-md-3&#8243;][\/vc_column][vc_column width=&#8221;1\/3&#8243; offset=&#8221;vc_col-lg-2 vc_col-md-4&#8243;][\/vc_column][\/vc_row][vc_row full_width=&#8221;stretch_row_content_no_spaces&#8221;][vc_column width=&#8221;1\/2&#8243; offset=&#8221;vc_col-lg-5 vc_col-md-5&#8243;]<div id=\"zpmg-image-69df2239a3b59\" class=\"zp-element zp-equalheight zp-vs-element zpmg-image zpmg-greyscale  \" style=\"background:url(https:\/\/doering-architekten.de\/wp-content\/uploads\/Georg_Doering_Architekten_Portrait-min-2.jpg); background-size:100% auto;background-position:center center; \">\n\t\t\t\t<img loading=\"lazy\" decoding=\"async\" width=\"850\" height=\"1236\" src=\"https:\/\/doering-architekten.de\/wp-content\/uploads\/Georg_Doering_Architekten_Portrait-min-2.jpg\" class=\"zpmg-image-inner\" alt=\"\" srcset=\"https:\/\/doering-architekten.de\/wp-content\/uploads\/Georg_Doering_Architekten_Portrait-min-2.jpg 850w, https:\/\/doering-architekten.de\/wp-content\/uploads\/Georg_Doering_Architekten_Portrait-min-2-206x300.jpg 206w, https:\/\/doering-architekten.de\/wp-content\/uploads\/Georg_Doering_Architekten_Portrait-min-2-704x1024.jpg 704w, https:\/\/doering-architekten.de\/wp-content\/uploads\/Georg_Doering_Architekten_Portrait-min-2-768x1117.jpg 768w, https:\/\/doering-architekten.de\/wp-content\/uploads\/Georg_Doering_Architekten_Portrait-min-2-315x458.jpg 315w, https:\/\/doering-architekten.de\/wp-content\/uploads\/Georg_Doering_Architekten_Portrait-min-2-550x800.jpg 550w\" sizes=\"auto, (max-width: 850px) 100vw, 850px\" \/>\n\t\t\t\t<\/div>[\/vc_column][vc_column width=&#8221;1\/2&#8243; offset=&#8221;vc_col-lg-offset-1 vc_col-lg-4 vc_col-md-offset-1 vc_col-md-4 vc_col-sm-offset-2&#8243;]<div id=\"zpmg-text-69df2239a3cfb\" style=\"\" class=\"zp-element   zpmg-text        \"><p><strong>Georg D\u00f6ring<\/strong><\/p>\n<hr \/>\n<p>Born 8 june 1962 in D\u00fcsseldorf, Germany<\/p>\n<hr \/>\n<p>Studies of architecture at technical university Braunschweig, ETH Z\u00fcrich, TH Darmstadt<\/p>\n<hr \/>\n<p>Student internship in the architect\u2019s office HPP D\u00fcsseldorf\/Frankfurt, prof. Heinz Mohl, Itten + Brechb\u00fchl, Wolfgang D\u00f6ring 1988\/92<\/p>\n<hr \/>\n<p>Graduated 1992<\/p>\n<hr \/>\n<p>Employed by the architects Murphy\/Jahn in Chicago 1992\/93<\/p>\n<hr \/>\n<p>Employed by the architect Wolfgang D\u00f6ring 1993\/95<\/p>\n<hr \/>\n<p>Work for the architects HPP 1995<\/p>\n<hr \/>\n<p>Junior partner in the planning office Kiemle Kreidt in D\u00fcsseldorf 1995\/99<\/p>\n<hr \/>\n<p>1999 own architect firm established in D\u00fcsseldorf<\/p>\n<hr \/>\n<p>1994 inclusion in the NRW chamber of architects<\/p>\n<hr \/>\n<p>2012 appointed to the BDA D\u00fcsseldorf<\/p>\n<hr \/>\n<p>2014 board member (assessor) of BDA D\u00fcsseldorf<\/p>\n<hr \/>\n<p>2015 vice president of BDA D\u00fcsseldorf<\/p>\n<hr \/>\n<p>2017 \u2013 2024 president of BDA D\u00fcsseldorf<\/p>\n<hr \/>\n<p>2019 \u2013 2024 member of \u00a0the advisory board \u00a0for high-risers of the City D\u00fcsseldorf<\/p>\n<hr \/>\n<p>\n<\/div>[\/vc_column][\/vc_row]<\/p>\n<\/div>","protected":false},"excerpt":{"rendered":"<p>[vc_row][vc_column offset=&#8221;vc_col-lg-offset-1 vc_col-lg-10&#8243; css=&#8221;.vc_custom_1449424627933{margin-bottom: -100px !important;}&#8221;][\/vc_column][\/vc_row][vc_row][vc_column width=&#8221;1\/2&#8243; offset=&#8221;vc_col-lg-offset-1 vc_col-lg-5&#8243;][\/vc_column][vc_column width=&#8221;1\/2&#8243; offset=&#8221;vc_col-lg-5&#8243;][\/vc_column][\/vc_row][vc_row][vc_column offset=&#8221;vc_col-lg-offset-1 vc_col-lg-10 vc_col-md-offset-1 vc_col-md-10&#8243; css=&#8221;.vc_custom_1449424661372{margin-top: -100px !important;margin-bottom: -100px !important;}&#8221;][\/vc_column][\/vc_row][vc_row][vc_column width=&#8221;1\/3&#8243; offset=&#8221;vc_col-lg-offset-2 vc_col-lg-4 vc_col-md-offset-2 vc_col-md-4&#8243;][\/vc_column][vc_column width=&#8221;1\/3&#8243; offset=&#8221;vc_col-lg-3 vc_col-md-3&#8243;][\/vc_column][vc_column width=&#8221;1\/3&#8243; offset=&#8221;vc_col-lg-2 vc_col-md-4&#8243;][\/vc_column][\/vc_row][vc_row full_width=&#8221;stretch_row_content_no_spaces&#8221;][vc_column width=&#8221;1\/2&#8243; offset=&#8221;vc_col-lg-5 vc_col-md-5&#8243;][\/vc_column][vc_column width=&#8221;1\/2&#8243; offset=&#8221;vc_col-lg-offset-1 vc_col-lg-4 vc_col-md-offset-1 vc_col-md-4 vc_col-sm-offset-2&#8243;][\/vc_column][\/vc_row]<\/p>\n","protected":false},"author":2,"featured_media":0,"parent":0,"menu_order":4,"comment_status":"closed","ping_status":"closed","template":"","meta":{"_acf_changed":false,"_monsterinsights_skip_tracking":false,"_monsterinsights_sitenote_active":false,"_monsterinsights_sitenote_note":"","_monsterinsights_sitenote_category":0,"footnotes":""},"class_list":["post-22","page","type-page","status-publish","hentry"],"acf":[],"yoast_head":"<!-- This site is optimized with the Yoast SEO plugin v26.5 - https:\/\/yoast.com\/wordpress\/plugins\/seo\/ -->\n<title>GEORG D\u00d6RING ARCHITEKTEN D\u00dcSSELDORF | B\u00fcro<\/title>\n<meta name=\"description\" content=\"Wir arbeiten, wie wir denken: zielgerichtet und l\u00f6sungsorientiert. Wir sind aufgeschlossen und neugierig gegen\u00fcber jeder neuen Aufgabe, die uns gestellt wird.\" \/>\n<meta name=\"robots\" content=\"index, follow, max-snippet:-1, max-image-preview:large, max-video-preview:-1\" \/>\n<link rel=\"canonical\" href=\"https:\/\/doering-architekten.de\/de\/buero\/\" \/>\n<meta name=\"twitter:card\" content=\"summary_large_image\" \/>\n<meta name=\"twitter:title\" content=\"GEORG D\u00d6RING ARCHITEKTEN D\u00dcSSELDORF | B\u00fcro\" \/>\n<meta name=\"twitter:description\" content=\"Wir arbeiten, wie wir denken: zielgerichtet und l\u00f6sungsorientiert. Wir sind aufgeschlossen und neugierig gegen\u00fcber jeder neuen Aufgabe, die uns gestellt wird.\" \/>\n<meta name=\"twitter:label1\" content=\"Est. reading time\" \/>\n\t<meta name=\"twitter:data1\" content=\"4 minutes\" \/>\n<script type=\"application\/ld+json\" class=\"yoast-schema-graph\">{\"@context\":\"https:\/\/schema.org\",\"@graph\":[{\"@type\":\"WebPage\",\"@id\":\"https:\/\/doering-architekten.de\/de\/buero\/\",\"url\":\"https:\/\/doering-architekten.de\/de\/buero\/\",\"name\":\"GEORG D\u00d6RING ARCHITEKTEN D\u00dcSSELDORF | B\u00fcro\",\"isPartOf\":{\"@id\":\"https:\/\/doering-architekten.de\/en\/#website\"},\"datePublished\":\"2015-11-06T19:28:13+00:00\",\"dateModified\":\"2025-03-28T19:04:24+00:00\",\"description\":\"Wir arbeiten, wie wir denken: zielgerichtet und l\u00f6sungsorientiert. Wir sind aufgeschlossen und neugierig gegen\u00fcber jeder neuen Aufgabe, die uns gestellt wird.\",\"breadcrumb\":{\"@id\":\"https:\/\/doering-architekten.de\/de\/buero\/#breadcrumb\"},\"inLanguage\":\"en-US\",\"potentialAction\":[{\"@type\":\"ReadAction\",\"target\":[\"https:\/\/doering-architekten.de\/de\/buero\/\"]}]},{\"@type\":\"BreadcrumbList\",\"@id\":\"https:\/\/doering-architekten.de\/de\/buero\/#breadcrumb\",\"itemListElement\":[{\"@type\":\"ListItem\",\"position\":1,\"name\":\"Home\",\"item\":\"https:\/\/doering-architekten.de\/de\/\"},{\"@type\":\"ListItem\",\"position\":2,\"name\":\"B\u00fcro\"}]},{\"@type\":\"WebSite\",\"@id\":\"https:\/\/doering-architekten.de\/en\/#website\",\"url\":\"https:\/\/doering-architekten.de\/en\/\",\"name\":\"GEORG D\u00d6RING ARCHITECTS\",\"description\":\"\",\"potentialAction\":[{\"@type\":\"SearchAction\",\"target\":{\"@type\":\"EntryPoint\",\"urlTemplate\":\"https:\/\/doering-architekten.de\/en\/?s={search_term_string}\"},\"query-input\":{\"@type\":\"PropertyValueSpecification\",\"valueRequired\":true,\"valueName\":\"search_term_string\"}}],\"inLanguage\":\"en-US\"}]}<\/script>\n<!-- \/ Yoast SEO plugin. -->","yoast_head_json":{"title":"GEORG D\u00d6RING ARCHITEKTEN D\u00dcSSELDORF | B\u00fcro","description":"Wir arbeiten, wie wir denken: zielgerichtet und l\u00f6sungsorientiert. Wir sind aufgeschlossen und neugierig gegen\u00fcber jeder neuen Aufgabe, die uns gestellt wird.","robots":{"index":"index","follow":"follow","max-snippet":"max-snippet:-1","max-image-preview":"max-image-preview:large","max-video-preview":"max-video-preview:-1"},"canonical":"https:\/\/doering-architekten.de\/de\/buero\/","twitter_card":"summary_large_image","twitter_title":"GEORG D\u00d6RING ARCHITEKTEN D\u00dcSSELDORF | B\u00fcro","twitter_description":"Wir arbeiten, wie wir denken: zielgerichtet und l\u00f6sungsorientiert. Wir sind aufgeschlossen und neugierig gegen\u00fcber jeder neuen Aufgabe, die uns gestellt wird.","twitter_misc":{"Est. reading time":"4 minutes"},"schema":{"@context":"https:\/\/schema.org","@graph":[{"@type":"WebPage","@id":"https:\/\/doering-architekten.de\/de\/buero\/","url":"https:\/\/doering-architekten.de\/de\/buero\/","name":"GEORG D\u00d6RING ARCHITEKTEN D\u00dcSSELDORF | B\u00fcro","isPartOf":{"@id":"https:\/\/doering-architekten.de\/en\/#website"},"datePublished":"2015-11-06T19:28:13+00:00","dateModified":"2025-03-28T19:04:24+00:00","description":"Wir arbeiten, wie wir denken: zielgerichtet und l\u00f6sungsorientiert. Wir sind aufgeschlossen und neugierig gegen\u00fcber jeder neuen Aufgabe, die uns gestellt wird.","breadcrumb":{"@id":"https:\/\/doering-architekten.de\/de\/buero\/#breadcrumb"},"inLanguage":"en-US","potentialAction":[{"@type":"ReadAction","target":["https:\/\/doering-architekten.de\/de\/buero\/"]}]},{"@type":"BreadcrumbList","@id":"https:\/\/doering-architekten.de\/de\/buero\/#breadcrumb","itemListElement":[{"@type":"ListItem","position":1,"name":"Home","item":"https:\/\/doering-architekten.de\/de\/"},{"@type":"ListItem","position":2,"name":"B\u00fcro"}]},{"@type":"WebSite","@id":"https:\/\/doering-architekten.de\/en\/#website","url":"https:\/\/doering-architekten.de\/en\/","name":"GEORG D\u00d6RING ARCHITECTS","description":"","potentialAction":[{"@type":"SearchAction","target":{"@type":"EntryPoint","urlTemplate":"https:\/\/doering-architekten.de\/en\/?s={search_term_string}"},"query-input":{"@type":"PropertyValueSpecification","valueRequired":true,"valueName":"search_term_string"}}],"inLanguage":"en-US"}]}},"_links":{"self":[{"href":"https:\/\/doering-architekten.de\/en\/wp-json\/wp\/v2\/pages\/22","targetHints":{"allow":["GET"]}}],"collection":[{"href":"https:\/\/doering-architekten.de\/en\/wp-json\/wp\/v2\/pages"}],"about":[{"href":"https:\/\/doering-architekten.de\/en\/wp-json\/wp\/v2\/types\/page"}],"author":[{"embeddable":true,"href":"https:\/\/doering-architekten.de\/en\/wp-json\/wp\/v2\/users\/2"}],"replies":[{"embeddable":true,"href":"https:\/\/doering-architekten.de\/en\/wp-json\/wp\/v2\/comments?post=22"}],"version-history":[{"count":6,"href":"https:\/\/doering-architekten.de\/en\/wp-json\/wp\/v2\/pages\/22\/revisions"}],"predecessor-version":[{"id":3071,"href":"https:\/\/doering-architekten.de\/en\/wp-json\/wp\/v2\/pages\/22\/revisions\/3071"}],"wp:attachment":[{"href":"https:\/\/doering-architekten.de\/en\/wp-json\/wp\/v2\/media?parent=22"}],"curies":[{"name":"wp","href":"https:\/\/api.w.org\/{rel}","templated":true}]}}