{"id":24,"date":"2015-11-06T20:28:26","date_gmt":"2015-11-06T19:28:26","guid":{"rendered":"http:\/\/website.doering-architekten.de\/?page_id=24"},"modified":"2018-11-20T16:15:42","modified_gmt":"2018-11-20T15:15:42","slug":"kontakt","status":"publish","type":"page","link":"https:\/\/doering-architekten.de\/en\/kontakt\/","title":{"rendered":"Contact"},"content":{"rendered":"<div class=\"wpb-content-wrapper\"><p>[vc_row][vc_column offset=&#8221;vc_col-lg-offset-6 vc_col-lg-6 vc_col-md-offset-6 vc_col-md-6&#8243;]<div id=\"zpmg-text-69df22392eecd\" style=\"\" class=\"zp-element  zp-vs-element zpmg-text   zp-text-family-orator     \"><p>GEORG D\u00d6RING ARCHITEKTEN BDA<\/p>\n<p>\n<\/div><div id=\"zpmg-text-69df22392ef8f\" style=\"\" class=\"zp-element  zp-vs-element zpmg-text        \"><p>Dipl.-Ing. Architect\u00a0Georg\u00a0D\u00f6ring<br \/>\nBenzenbergstra\u00dfe\u00a043<br \/>\n40219\u00a0D\u00fcsseldorf<br \/>\nGermany<\/p>\n<p>Telefon\u00a0<a href=\"tel:+492118369112\">+49 211 &#8211; 83 69 112\u00a0<\/a><br \/>\nTelefax +49 211 &#8211; 83 69 113<br \/>\n<a href=\"mailto:info@doering-architekten.de\">info@doering-architekten.de<\/a><\/p>\n<\/div>[\/vc_column][\/vc_row][vc_row full_width=&#8221;stretch_row_content_no_spaces&#8221; css=&#8221;.vc_custom_1449750830901{margin-bottom: 0px !important;padding-bottom: 0px !important;}&#8221;][vc_column offset=&#8221;vc_hidden-lg vc_hidden-md vc_hidden-sm vc_hidden-xs&#8221;]<div id=\"zpmg-map-69df22392f095\" class=\"zp-element zpmg-map \"><div id=\"zpmg-gmap-69df22392f095\" class=\"zpmg-map-inner\"><\/div>\n\t<script type=\"text\/javascript\">\n\t\t(function( $ ){\n\t\t\t$(document).ready(function() {\n\t\t\t\tvar center = new google.maps.LatLng(51.20932,  6.766552);\n\t\t\t\tvar mapOptions = {\n\t\t\t\t\tzoom: 12,\n\t\t\t\t\tcenter: center,\n\t\t\t\t\tscrollwheel: false,\n\t\t\t\t\tdraggable : !jQuery(\"html\").hasClass(\"zp-vs-touch\"),\n\t\t\t\t\tdisableDefaultUI: true,\n\t\t\t\t\tstyles: [\n    {\n        \"featureType\": \"water\",\n        \"elementType\": \"geometry\",\n        \"stylers\": [\n            {\n                \"color\": \"#e9e9e9\"\n            },\n            {\n                \"lightness\": 17\n            }\n        ]\n    },\n    {\n        \"featureType\": \"landscape\",\n        \"elementType\": \"geometry\",\n        \"stylers\": [\n            {\n                \"color\": \"#f5f5f5\"\n            },\n            {\n                \"lightness\": 20\n            }\n        ]\n    },\n    {\n        \"featureType\": \"road.highway\",\n        \"elementType\": \"geometry.fill\",\n        \"stylers\": [\n            {\n                \"color\": \"#ffffff\"\n            },\n            {\n                \"lightness\": 17\n            }\n        ]\n    },\n    {\n        \"featureType\": \"road.highway\",\n        \"elementType\": \"geometry.stroke\",\n        \"stylers\": [\n            {\n                \"color\": \"#ffffff\"\n            },\n            {\n                \"lightness\": 29\n            },\n            {\n                \"weight\": 0.2\n            }\n        ]\n    },\n    {\n        \"featureType\": \"road.arterial\",\n        \"elementType\": \"geometry\",\n        \"stylers\": [\n            {\n                \"color\": \"#ffffff\"\n            },\n            {\n                \"lightness\": 18\n            }\n        ]\n    },\n    {\n        \"featureType\": \"road.local\",\n        \"elementType\": \"geometry\",\n        \"stylers\": [\n            {\n                \"color\": \"#ffffff\"\n            },\n            {\n                \"lightness\": 16\n            }\n        ]\n    },\n    {\n        \"featureType\": \"poi\",\n        \"elementType\": \"geometry\",\n        \"stylers\": [\n            {\n                \"color\": \"#f5f5f5\"\n            },\n            {\n                \"lightness\": 21\n            }\n        ]\n    },\n    {\n        \"featureType\": \"poi.park\",\n        \"elementType\": \"geometry\",\n        \"stylers\": [\n            {\n                \"color\": \"#dedede\"\n            },\n            {\n                \"lightness\": 21\n            }\n        ]\n    },\n    {\n        \"elementType\": \"labels.text.stroke\",\n        \"stylers\": [\n            {\n                \"visibility\": \"on\"\n            },\n            {\n                \"color\": \"#ffffff\"\n            },\n            {\n                \"lightness\": 16\n            }\n        ]\n    },\n    {\n        \"elementType\": \"labels.text.fill\",\n        \"stylers\": [\n            {\n                \"saturation\": 36\n            },\n            {\n                \"color\": \"#333333\"\n            },\n            {\n                \"lightness\": 40\n            }\n        ]\n    },\n    {\n        \"elementType\": \"labels.icon\",\n        \"stylers\": [\n            {\n                \"visibility\": \"off\"\n            }\n        ]\n    },\n    {\n        \"featureType\": \"transit\",\n        \"elementType\": \"geometry\",\n        \"stylers\": [\n            {\n                \"color\": \"#f2f2f2\"\n            },\n            {\n                \"lightness\": 19\n            }\n        ]\n    },\n    {\n        \"featureType\": \"administrative\",\n        \"elementType\": \"geometry.fill\",\n        \"stylers\": [\n            {\n                \"color\": \"#fefefe\"\n            },\n            {\n                \"lightness\": 20\n            }\n        ]\n    },\n    {\n        \"featureType\": \"administrative\",\n        \"elementType\": \"geometry.stroke\",\n        \"stylers\": [\n            {\n                \"color\": \"#fefefe\"\n            },\n            {\n                \"lightness\": 17\n            },\n            {\n                \"weight\": 1.2\n            }\n        ]\n    }\n]\n\t\t\t\t};\n\t\t\t\tvar map;\n\t\t\t\tmap = new google.maps.Map(document.getElementById(\"zpmg-gmap-69df22392f095\"), mapOptions);\n\t\t\t\tgoogle.maps.event.addDomListener(window, \"resize\", function() {\n\t\t\t\t\tsetTimeout(function(){\n\t\t\t\t\t\tmap.setCenter(center);\n\t\t\t\t\t}, 100);\n\t\t\t\t});\n\t\t\t\tvar marker = new google.maps.Marker({\n\t\t\t\t\tposition: center,\n\t\t\t\t\tmap: map,\n\t\t\t\t\ticon: \"https:\/\/doering-architekten.de\/wp-content\/uploads\/marker_en.png\",\n\t\t\t\t});\n\t\t\t});\n\t\t}(jQuery));\n\t<\/script><\/div>[\/vc_column][\/vc_row]<\/p>\n<\/div>","protected":false},"excerpt":{"rendered":"<p>[vc_row][vc_column offset=&#8221;vc_col-lg-offset-6 vc_col-lg-6 vc_col-md-offset-6 vc_col-md-6&#8243;][\/vc_column][\/vc_row][vc_row full_width=&#8221;stretch_row_content_no_spaces&#8221; css=&#8221;.vc_custom_1449750830901{margin-bottom: 0px !important;padding-bottom: 0px !important;}&#8221;][vc_column offset=&#8221;vc_hidden-lg vc_hidden-md vc_hidden-sm vc_hidden-xs&#8221;][\/vc_column][\/vc_row]<\/p>\n","protected":false},"author":2,"featured_media":0,"parent":0,"menu_order":5,"comment_status":"closed","ping_status":"closed","template":"","meta":{"_acf_changed":false,"_monsterinsights_skip_tracking":false,"_monsterinsights_sitenote_active":false,"_monsterinsights_sitenote_note":"","_monsterinsights_sitenote_category":0,"footnotes":""},"class_list":["post-24","page","type-page","status-publish","hentry"],"acf":[],"yoast_head":"<!-- This site is optimized with the Yoast SEO plugin v26.5 - https:\/\/yoast.com\/wordpress\/plugins\/seo\/ -->\n<title>GEORG D\u00d6RING ARCHITEKTEN D\u00dcSSELDORF | Kontakt<\/title>\n<meta name=\"description\" content=\"Dipl.-Ing. Architekt Georg D\u00f6ring | Benzenbergstra\u00dfe 43 40219 D\u00fcsseldorf | Telefon 0211 - 83 69 112 | Telefax 0211 - 83 69 112 | info@doering-architekten.de\" \/>\n<meta name=\"robots\" content=\"index, follow, max-snippet:-1, max-image-preview:large, max-video-preview:-1\" \/>\n<link rel=\"canonical\" href=\"https:\/\/doering-architekten.de\/en\/kontakt\/\" \/>\n<meta name=\"twitter:card\" content=\"summary_large_image\" \/>\n<meta name=\"twitter:title\" content=\"GEORG D\u00d6RING ARCHITEKTEN D\u00dcSSELDORF | Kontakt\" \/>\n<meta name=\"twitter:description\" content=\"Dipl.-Ing. Architekt Georg D\u00f6ring | Benzenbergstra\u00dfe 43 40219 D\u00fcsseldorf | Telefon 0211 - 83 69 112 | Telefax 0211 - 83 69 112 | info@doering-architekten.de\" \/>\n<meta name=\"twitter:label1\" content=\"Est. reading time\" \/>\n\t<meta name=\"twitter:data1\" content=\"3 minutes\" \/>\n<script type=\"application\/ld+json\" class=\"yoast-schema-graph\">{\"@context\":\"https:\/\/schema.org\",\"@graph\":[{\"@type\":\"WebPage\",\"@id\":\"https:\/\/doering-architekten.de\/en\/kontakt\/\",\"url\":\"https:\/\/doering-architekten.de\/en\/kontakt\/\",\"name\":\"GEORG D\u00d6RING ARCHITEKTEN D\u00dcSSELDORF | Kontakt\",\"isPartOf\":{\"@id\":\"https:\/\/doering-architekten.de\/en\/#website\"},\"datePublished\":\"2015-11-06T19:28:26+00:00\",\"dateModified\":\"2018-11-20T15:15:42+00:00\",\"description\":\"Dipl.-Ing. Architekt Georg D\u00f6ring | Benzenbergstra\u00dfe 43 40219 D\u00fcsseldorf | Telefon 0211 - 83 69 112 | Telefax 0211 - 83 69 112 | info@doering-architekten.de\",\"breadcrumb\":{\"@id\":\"https:\/\/doering-architekten.de\/en\/kontakt\/#breadcrumb\"},\"inLanguage\":\"en-US\",\"potentialAction\":[{\"@type\":\"ReadAction\",\"target\":[\"https:\/\/doering-architekten.de\/en\/kontakt\/\"]}]},{\"@type\":\"BreadcrumbList\",\"@id\":\"https:\/\/doering-architekten.de\/en\/kontakt\/#breadcrumb\",\"itemListElement\":[{\"@type\":\"ListItem\",\"position\":1,\"name\":\"Home\",\"item\":\"https:\/\/doering-architekten.de\/de\/\"},{\"@type\":\"ListItem\",\"position\":2,\"name\":\"Contact\"}]},{\"@type\":\"WebSite\",\"@id\":\"https:\/\/doering-architekten.de\/en\/#website\",\"url\":\"https:\/\/doering-architekten.de\/en\/\",\"name\":\"GEORG D\u00d6RING ARCHITECTS\",\"description\":\"\",\"potentialAction\":[{\"@type\":\"SearchAction\",\"target\":{\"@type\":\"EntryPoint\",\"urlTemplate\":\"https:\/\/doering-architekten.de\/en\/?s={search_term_string}\"},\"query-input\":{\"@type\":\"PropertyValueSpecification\",\"valueRequired\":true,\"valueName\":\"search_term_string\"}}],\"inLanguage\":\"en-US\"}]}<\/script>\n<!-- \/ Yoast SEO plugin. -->","yoast_head_json":{"title":"GEORG D\u00d6RING ARCHITEKTEN D\u00dcSSELDORF | Kontakt","description":"Dipl.-Ing. Architekt Georg D\u00f6ring | Benzenbergstra\u00dfe 43 40219 D\u00fcsseldorf | Telefon 0211 - 83 69 112 | Telefax 0211 - 83 69 112 | info@doering-architekten.de","robots":{"index":"index","follow":"follow","max-snippet":"max-snippet:-1","max-image-preview":"max-image-preview:large","max-video-preview":"max-video-preview:-1"},"canonical":"https:\/\/doering-architekten.de\/en\/kontakt\/","twitter_card":"summary_large_image","twitter_title":"GEORG D\u00d6RING ARCHITEKTEN D\u00dcSSELDORF | Kontakt","twitter_description":"Dipl.-Ing. Architekt Georg D\u00f6ring | Benzenbergstra\u00dfe 43 40219 D\u00fcsseldorf | Telefon 0211 - 83 69 112 | Telefax 0211 - 83 69 112 | info@doering-architekten.de","twitter_misc":{"Est. reading time":"3 minutes"},"schema":{"@context":"https:\/\/schema.org","@graph":[{"@type":"WebPage","@id":"https:\/\/doering-architekten.de\/en\/kontakt\/","url":"https:\/\/doering-architekten.de\/en\/kontakt\/","name":"GEORG D\u00d6RING ARCHITEKTEN D\u00dcSSELDORF | Kontakt","isPartOf":{"@id":"https:\/\/doering-architekten.de\/en\/#website"},"datePublished":"2015-11-06T19:28:26+00:00","dateModified":"2018-11-20T15:15:42+00:00","description":"Dipl.-Ing. Architekt Georg D\u00f6ring | Benzenbergstra\u00dfe 43 40219 D\u00fcsseldorf | Telefon 0211 - 83 69 112 | Telefax 0211 - 83 69 112 | info@doering-architekten.de","breadcrumb":{"@id":"https:\/\/doering-architekten.de\/en\/kontakt\/#breadcrumb"},"inLanguage":"en-US","potentialAction":[{"@type":"ReadAction","target":["https:\/\/doering-architekten.de\/en\/kontakt\/"]}]},{"@type":"BreadcrumbList","@id":"https:\/\/doering-architekten.de\/en\/kontakt\/#breadcrumb","itemListElement":[{"@type":"ListItem","position":1,"name":"Home","item":"https:\/\/doering-architekten.de\/de\/"},{"@type":"ListItem","position":2,"name":"Contact"}]},{"@type":"WebSite","@id":"https:\/\/doering-architekten.de\/en\/#website","url":"https:\/\/doering-architekten.de\/en\/","name":"GEORG D\u00d6RING ARCHITECTS","description":"","potentialAction":[{"@type":"SearchAction","target":{"@type":"EntryPoint","urlTemplate":"https:\/\/doering-architekten.de\/en\/?s={search_term_string}"},"query-input":{"@type":"PropertyValueSpecification","valueRequired":true,"valueName":"search_term_string"}}],"inLanguage":"en-US"}]}},"_links":{"self":[{"href":"https:\/\/doering-architekten.de\/en\/wp-json\/wp\/v2\/pages\/24","targetHints":{"allow":["GET"]}}],"collection":[{"href":"https:\/\/doering-architekten.de\/en\/wp-json\/wp\/v2\/pages"}],"about":[{"href":"https:\/\/doering-architekten.de\/en\/wp-json\/wp\/v2\/types\/page"}],"author":[{"embeddable":true,"href":"https:\/\/doering-architekten.de\/en\/wp-json\/wp\/v2\/users\/2"}],"replies":[{"embeddable":true,"href":"https:\/\/doering-architekten.de\/en\/wp-json\/wp\/v2\/comments?post=24"}],"version-history":[{"count":5,"href":"https:\/\/doering-architekten.de\/en\/wp-json\/wp\/v2\/pages\/24\/revisions"}],"predecessor-version":[{"id":1937,"href":"https:\/\/doering-architekten.de\/en\/wp-json\/wp\/v2\/pages\/24\/revisions\/1937"}],"wp:attachment":[{"href":"https:\/\/doering-architekten.de\/en\/wp-json\/wp\/v2\/media?parent=24"}],"curies":[{"name":"wp","href":"https:\/\/api.w.org\/{rel}","templated":true}]}}